{"id":1003,"date":"2016-07-11T10:35:26","date_gmt":"2016-07-11T08:35:26","guid":{"rendered":"http:\/\/178.22.63.228\/~hsvpi\/de\/organisatie\/"},"modified":"2025-01-16T09:00:08","modified_gmt":"2025-01-16T08:00:08","slug":"organisation","status":"publish","type":"page","link":"https:\/\/www.hsv-pi.nl\/de\/organisation\/","title":{"rendered":"Organisation"},"content":{"rendered":"<h4>Seit 55 Jahren f\u00fchrend<\/h4>\n<p>EPS, EPE Partikelschaum Die HSV Moulded Foams Group ist schon seit 55 Jahren f\u00fchrend in der Verarbeitung von expandierbaren Kunststoffen, den sogenannten Partikelsch\u00e4umen.<\/p>\n","protected":false},"excerpt":{"rendered":"<p>Seit 55 Jahren f\u00fchrend EPS, EPE Partikelschaum Die HSV Moulded Foams Group ist schon seit 55 Jahren f\u00fchrend in der&#8230;<\/p>\n","protected":false},"author":1,"featured_media":0,"parent":0,"menu_order":0,"comment_status":"closed","ping_status":"closed","template":"","meta":{"_acf_changed":true,"footnotes":""},"class_list":["post-1003","page","type-page","status-publish","hentry"],"acf":[],"yoast_head":"<!-- This site is optimized with the Yoast SEO plugin v27.4 - https:\/\/yoast.com\/product\/yoast-seo-wordpress\/ -->\n<title>Organisation - HSV<\/title>\n<meta name=\"description\" content=\"Die HSV Moulded Foams Group ist schon seit \u00fcber 45 Jahren f\u00fchrend in der Verarbeitung von expandierbaren Kunststoffen, den sogenannten Partikelsch\u00e4umen.\" \/>\n<meta name=\"robots\" content=\"index, follow, max-snippet:-1, max-image-preview:large, max-video-preview:-1\" \/>\n<link rel=\"canonical\" href=\"https:\/\/www.hsv-pi.nl\/de\/organisation\/\" \/>\n<meta property=\"og:locale\" content=\"de_DE\" \/>\n<meta property=\"og:type\" content=\"article\" \/>\n<meta property=\"og:title\" content=\"Organisation - HSV\" \/>\n<meta property=\"og:description\" content=\"Die HSV Moulded Foams Group ist schon seit \u00fcber 45 Jahren f\u00fchrend in der Verarbeitung von expandierbaren Kunststoffen, den sogenannten Partikelsch\u00e4umen.\" \/>\n<meta property=\"og:url\" content=\"https:\/\/www.hsv-pi.nl\/de\/organisation\/\" \/>\n<meta property=\"og:site_name\" content=\"HSV\" \/>\n<meta property=\"article:modified_time\" content=\"2025-01-16T08:00:08+00:00\" \/>\n<meta name=\"twitter:card\" content=\"summary_large_image\" \/>\n<meta name=\"twitter:label1\" content=\"Gesch\u00e4tzte Lesezeit\" \/>\n\t<meta name=\"twitter:data1\" content=\"1\u00a0Minute\" \/>\n<script type=\"application\/ld+json\" class=\"yoast-schema-graph\">{\"@context\":\"https:\\\/\\\/schema.org\",\"@graph\":[{\"@type\":\"WebPage\",\"@id\":\"https:\\\/\\\/www.hsv-pi.nl\\\/de\\\/organisation\\\/\",\"url\":\"https:\\\/\\\/www.hsv-pi.nl\\\/de\\\/organisation\\\/\",\"name\":\"Organisation - HSV\",\"isPartOf\":{\"@id\":\"https:\\\/\\\/www.hsv-pi.nl\\\/#website\"},\"datePublished\":\"2016-07-11T08:35:26+00:00\",\"dateModified\":\"2025-01-16T08:00:08+00:00\",\"description\":\"Die HSV Moulded Foams Group ist schon seit \u00fcber 45 Jahren f\u00fchrend in der Verarbeitung von expandierbaren Kunststoffen, den sogenannten Partikelsch\u00e4umen.\",\"breadcrumb\":{\"@id\":\"https:\\\/\\\/www.hsv-pi.nl\\\/de\\\/organisation\\\/#breadcrumb\"},\"inLanguage\":\"de\",\"potentialAction\":[{\"@type\":\"ReadAction\",\"target\":[\"https:\\\/\\\/www.hsv-pi.nl\\\/de\\\/organisation\\\/\"]}]},{\"@type\":\"BreadcrumbList\",\"@id\":\"https:\\\/\\\/www.hsv-pi.nl\\\/de\\\/organisation\\\/#breadcrumb\",\"itemListElement\":[{\"@type\":\"ListItem\",\"position\":1,\"name\":\"Home\",\"item\":\"https:\\\/\\\/www.hsv-pi.nl\\\/de\\\/\"},{\"@type\":\"ListItem\",\"position\":2,\"name\":\"Organisation\"}]},{\"@type\":\"WebSite\",\"@id\":\"https:\\\/\\\/www.hsv-pi.nl\\\/#website\",\"url\":\"https:\\\/\\\/www.hsv-pi.nl\\\/\",\"name\":\"HSV\",\"description\":\"\",\"potentialAction\":[{\"@type\":\"SearchAction\",\"target\":{\"@type\":\"EntryPoint\",\"urlTemplate\":\"https:\\\/\\\/www.hsv-pi.nl\\\/?s={search_term_string}\"},\"query-input\":{\"@type\":\"PropertyValueSpecification\",\"valueRequired\":true,\"valueName\":\"search_term_string\"}}],\"inLanguage\":\"de\"}]}<\/script>\n<!-- \/ Yoast SEO plugin. -->","yoast_head_json":{"title":"Organisation - HSV","description":"Die HSV Moulded Foams Group ist schon seit \u00fcber 45 Jahren f\u00fchrend in der Verarbeitung von expandierbaren Kunststoffen, den sogenannten Partikelsch\u00e4umen.","robots":{"index":"index","follow":"follow","max-snippet":"max-snippet:-1","max-image-preview":"max-image-preview:large","max-video-preview":"max-video-preview:-1"},"canonical":"https:\/\/www.hsv-pi.nl\/de\/organisation\/","og_locale":"de_DE","og_type":"article","og_title":"Organisation - HSV","og_description":"Die HSV Moulded Foams Group ist schon seit \u00fcber 45 Jahren f\u00fchrend in der Verarbeitung von expandierbaren Kunststoffen, den sogenannten Partikelsch\u00e4umen.","og_url":"https:\/\/www.hsv-pi.nl\/de\/organisation\/","og_site_name":"HSV","article_modified_time":"2025-01-16T08:00:08+00:00","twitter_card":"summary_large_image","twitter_misc":{"Gesch\u00e4tzte Lesezeit":"1\u00a0Minute"},"schema":{"@context":"https:\/\/schema.org","@graph":[{"@type":"WebPage","@id":"https:\/\/www.hsv-pi.nl\/de\/organisation\/","url":"https:\/\/www.hsv-pi.nl\/de\/organisation\/","name":"Organisation - HSV","isPartOf":{"@id":"https:\/\/www.hsv-pi.nl\/#website"},"datePublished":"2016-07-11T08:35:26+00:00","dateModified":"2025-01-16T08:00:08+00:00","description":"Die HSV Moulded Foams Group ist schon seit \u00fcber 45 Jahren f\u00fchrend in der Verarbeitung von expandierbaren Kunststoffen, den sogenannten Partikelsch\u00e4umen.","breadcrumb":{"@id":"https:\/\/www.hsv-pi.nl\/de\/organisation\/#breadcrumb"},"inLanguage":"de","potentialAction":[{"@type":"ReadAction","target":["https:\/\/www.hsv-pi.nl\/de\/organisation\/"]}]},{"@type":"BreadcrumbList","@id":"https:\/\/www.hsv-pi.nl\/de\/organisation\/#breadcrumb","itemListElement":[{"@type":"ListItem","position":1,"name":"Home","item":"https:\/\/www.hsv-pi.nl\/de\/"},{"@type":"ListItem","position":2,"name":"Organisation"}]},{"@type":"WebSite","@id":"https:\/\/www.hsv-pi.nl\/#website","url":"https:\/\/www.hsv-pi.nl\/","name":"HSV","description":"","potentialAction":[{"@type":"SearchAction","target":{"@type":"EntryPoint","urlTemplate":"https:\/\/www.hsv-pi.nl\/?s={search_term_string}"},"query-input":{"@type":"PropertyValueSpecification","valueRequired":true,"valueName":"search_term_string"}}],"inLanguage":"de"}]}},"_links":{"self":[{"href":"https:\/\/www.hsv-pi.nl\/de\/wp-json\/wp\/v2\/pages\/1003","targetHints":{"allow":["GET"]}}],"collection":[{"href":"https:\/\/www.hsv-pi.nl\/de\/wp-json\/wp\/v2\/pages"}],"about":[{"href":"https:\/\/www.hsv-pi.nl\/de\/wp-json\/wp\/v2\/types\/page"}],"author":[{"embeddable":true,"href":"https:\/\/www.hsv-pi.nl\/de\/wp-json\/wp\/v2\/users\/1"}],"replies":[{"embeddable":true,"href":"https:\/\/www.hsv-pi.nl\/de\/wp-json\/wp\/v2\/comments?post=1003"}],"version-history":[{"count":0,"href":"https:\/\/www.hsv-pi.nl\/de\/wp-json\/wp\/v2\/pages\/1003\/revisions"}],"wp:attachment":[{"href":"https:\/\/www.hsv-pi.nl\/de\/wp-json\/wp\/v2\/media?parent=1003"}],"curies":[{"name":"wp","href":"https:\/\/api.w.org\/{rel}","templated":true}]}}