{"id":1005,"date":"2016-07-11T10:35:09","date_gmt":"2016-07-11T08:35:09","guid":{"rendered":"http:\/\/178.22.63.228\/~hsvpi\/de\/projecten\/"},"modified":"2016-12-27T16:08:45","modified_gmt":"2016-12-27T15:08:45","slug":"projekte","status":"publish","type":"page","link":"https:\/\/www.hsv-pi.nl\/de\/projekte\/","title":{"rendered":"Projekte"},"content":{"rendered":"<h4>Partikelsch\u00e4ume\u00a0 erm\u00f6glichen eine riesengro\u00dfe Palette an Andwendungen.<\/h4>\n<p>Nachstehend finden Sie eine Auswahl der Projekte, die wir mit unseren Kunden erfolgreich abgeschlossen haben. \u00dcber den Filter k\u00f6nnen Sie sich jene Projekte, die Sie am meisten interessieren, im Detail ansehen. Es ist nat\u00fcrlich keine vollst\u00e4ndige Auflistung, unsere Vertriebsingenieure bieten Ihnen gerne weitere Informationen.<\/p>\n","protected":false},"excerpt":{"rendered":"<p>Partikelsch\u00e4ume\u00a0 erm\u00f6glichen eine riesengro\u00dfe Palette an Andwendungen. Nachstehend finden Sie eine Auswahl der Projekte, die wir mit unseren Kunden erfolgreich&#8230;<\/p>\n","protected":false},"author":1,"featured_media":0,"parent":0,"menu_order":0,"comment_status":"closed","ping_status":"closed","template":"","meta":{"_acf_changed":false,"footnotes":""},"class_list":["post-1005","page","type-page","status-publish","hentry"],"acf":[],"yoast_head":"<!-- This site is optimized with the Yoast SEO plugin v27.5 - https:\/\/yoast.com\/product\/yoast-seo-wordpress\/ -->\n<title>Projekte - HSV<\/title>\n<meta name=\"description\" content=\"Partikelsch\u00e4ume erm\u00f6glichen eine riesengro\u00dfe Palette an Andwendungen. Hier finden Sie eine Auswahl der Projekte von HSV.\" \/>\n<meta name=\"robots\" content=\"index, follow, max-snippet:-1, max-image-preview:large, max-video-preview:-1\" \/>\n<link rel=\"canonical\" href=\"https:\/\/www.hsv-pi.nl\/de\/projekte\/\" \/>\n<meta property=\"og:locale\" content=\"de_DE\" \/>\n<meta property=\"og:type\" content=\"article\" \/>\n<meta property=\"og:title\" content=\"Projekte - HSV\" \/>\n<meta property=\"og:description\" content=\"Partikelsch\u00e4ume erm\u00f6glichen eine riesengro\u00dfe Palette an Andwendungen. Hier finden Sie eine Auswahl der Projekte von HSV.\" \/>\n<meta property=\"og:url\" content=\"https:\/\/www.hsv-pi.nl\/de\/projekte\/\" \/>\n<meta property=\"og:site_name\" content=\"HSV\" \/>\n<meta property=\"article:modified_time\" content=\"2016-12-27T15:08:45+00:00\" \/>\n<meta name=\"twitter:card\" content=\"summary_large_image\" \/>\n<script type=\"application\/ld+json\" class=\"yoast-schema-graph\">{\"@context\":\"https:\\\/\\\/schema.org\",\"@graph\":[{\"@type\":\"WebPage\",\"@id\":\"https:\\\/\\\/www.hsv-pi.nl\\\/de\\\/projekte\\\/\",\"url\":\"https:\\\/\\\/www.hsv-pi.nl\\\/de\\\/projekte\\\/\",\"name\":\"Projekte - HSV\",\"isPartOf\":{\"@id\":\"https:\\\/\\\/www.hsv-pi.nl\\\/#website\"},\"datePublished\":\"2016-07-11T08:35:09+00:00\",\"dateModified\":\"2016-12-27T15:08:45+00:00\",\"description\":\"Partikelsch\u00e4ume erm\u00f6glichen eine riesengro\u00dfe Palette an Andwendungen. Hier finden Sie eine Auswahl der Projekte von HSV.\",\"breadcrumb\":{\"@id\":\"https:\\\/\\\/www.hsv-pi.nl\\\/de\\\/projekte\\\/#breadcrumb\"},\"inLanguage\":\"de\",\"potentialAction\":[{\"@type\":\"ReadAction\",\"target\":[\"https:\\\/\\\/www.hsv-pi.nl\\\/de\\\/projekte\\\/\"]}]},{\"@type\":\"BreadcrumbList\",\"@id\":\"https:\\\/\\\/www.hsv-pi.nl\\\/de\\\/projekte\\\/#breadcrumb\",\"itemListElement\":[{\"@type\":\"ListItem\",\"position\":1,\"name\":\"Home\",\"item\":\"https:\\\/\\\/www.hsv-pi.nl\\\/de\\\/\"},{\"@type\":\"ListItem\",\"position\":2,\"name\":\"Projekte\"}]},{\"@type\":\"WebSite\",\"@id\":\"https:\\\/\\\/www.hsv-pi.nl\\\/#website\",\"url\":\"https:\\\/\\\/www.hsv-pi.nl\\\/\",\"name\":\"HSV\",\"description\":\"\",\"potentialAction\":[{\"@type\":\"SearchAction\",\"target\":{\"@type\":\"EntryPoint\",\"urlTemplate\":\"https:\\\/\\\/www.hsv-pi.nl\\\/?s={search_term_string}\"},\"query-input\":{\"@type\":\"PropertyValueSpecification\",\"valueRequired\":true,\"valueName\":\"search_term_string\"}}],\"inLanguage\":\"de\"}]}<\/script>\n<!-- \/ Yoast SEO plugin. -->","yoast_head_json":{"title":"Projekte - HSV","description":"Partikelsch\u00e4ume erm\u00f6glichen eine riesengro\u00dfe Palette an Andwendungen. Hier finden Sie eine Auswahl der Projekte von HSV.","robots":{"index":"index","follow":"follow","max-snippet":"max-snippet:-1","max-image-preview":"max-image-preview:large","max-video-preview":"max-video-preview:-1"},"canonical":"https:\/\/www.hsv-pi.nl\/de\/projekte\/","og_locale":"de_DE","og_type":"article","og_title":"Projekte - HSV","og_description":"Partikelsch\u00e4ume erm\u00f6glichen eine riesengro\u00dfe Palette an Andwendungen. Hier finden Sie eine Auswahl der Projekte von HSV.","og_url":"https:\/\/www.hsv-pi.nl\/de\/projekte\/","og_site_name":"HSV","article_modified_time":"2016-12-27T15:08:45+00:00","twitter_card":"summary_large_image","schema":{"@context":"https:\/\/schema.org","@graph":[{"@type":"WebPage","@id":"https:\/\/www.hsv-pi.nl\/de\/projekte\/","url":"https:\/\/www.hsv-pi.nl\/de\/projekte\/","name":"Projekte - HSV","isPartOf":{"@id":"https:\/\/www.hsv-pi.nl\/#website"},"datePublished":"2016-07-11T08:35:09+00:00","dateModified":"2016-12-27T15:08:45+00:00","description":"Partikelsch\u00e4ume erm\u00f6glichen eine riesengro\u00dfe Palette an Andwendungen. Hier finden Sie eine Auswahl der Projekte von HSV.","breadcrumb":{"@id":"https:\/\/www.hsv-pi.nl\/de\/projekte\/#breadcrumb"},"inLanguage":"de","potentialAction":[{"@type":"ReadAction","target":["https:\/\/www.hsv-pi.nl\/de\/projekte\/"]}]},{"@type":"BreadcrumbList","@id":"https:\/\/www.hsv-pi.nl\/de\/projekte\/#breadcrumb","itemListElement":[{"@type":"ListItem","position":1,"name":"Home","item":"https:\/\/www.hsv-pi.nl\/de\/"},{"@type":"ListItem","position":2,"name":"Projekte"}]},{"@type":"WebSite","@id":"https:\/\/www.hsv-pi.nl\/#website","url":"https:\/\/www.hsv-pi.nl\/","name":"HSV","description":"","potentialAction":[{"@type":"SearchAction","target":{"@type":"EntryPoint","urlTemplate":"https:\/\/www.hsv-pi.nl\/?s={search_term_string}"},"query-input":{"@type":"PropertyValueSpecification","valueRequired":true,"valueName":"search_term_string"}}],"inLanguage":"de"}]}},"_links":{"self":[{"href":"https:\/\/www.hsv-pi.nl\/de\/wp-json\/wp\/v2\/pages\/1005","targetHints":{"allow":["GET"]}}],"collection":[{"href":"https:\/\/www.hsv-pi.nl\/de\/wp-json\/wp\/v2\/pages"}],"about":[{"href":"https:\/\/www.hsv-pi.nl\/de\/wp-json\/wp\/v2\/types\/page"}],"author":[{"embeddable":true,"href":"https:\/\/www.hsv-pi.nl\/de\/wp-json\/wp\/v2\/users\/1"}],"replies":[{"embeddable":true,"href":"https:\/\/www.hsv-pi.nl\/de\/wp-json\/wp\/v2\/comments?post=1005"}],"version-history":[{"count":0,"href":"https:\/\/www.hsv-pi.nl\/de\/wp-json\/wp\/v2\/pages\/1005\/revisions"}],"wp:attachment":[{"href":"https:\/\/www.hsv-pi.nl\/de\/wp-json\/wp\/v2\/media?parent=1005"}],"curies":[{"name":"wp","href":"https:\/\/api.w.org\/{rel}","templated":true}]}}