{"id":2039,"date":"2016-11-30T09:38:49","date_gmt":"2016-11-30T08:38:49","guid":{"rendered":"http:\/\/178.22.63.228\/~hsvpi\/de\/markte\/agrarische-sector\/"},"modified":"2021-12-09T13:29:43","modified_gmt":"2021-12-09T12:29:43","slug":"landwirtschaftsindustrie","status":"publish","type":"page","link":"https:\/\/www.hsv-pi.nl\/de\/markte\/landwirtschaftsindustrie\/","title":{"rendered":"Agrarindustrie"},"content":{"rendered":"<p>Unsere Partikelsch\u00e4ume EPS (airpop\u00ae engineered air), EPP und andere werden in unterschiedlichsten Branchen eingesetzt. Anwendungen mit diesen Materialien spart Ihnen Zeit, Energie, Geld und \/ oder Gewicht. Sie bieten Schutz, Energieeinsparungen oder Vorteile <span style=\"text-decoration: line-through;\">\u00a0<\/span>in Bereichen,\u00a0in denen Sie es nicht erwartet h\u00e4tten.<\/p>\n<p>F\u00fcr den Landwirtschaftssektor stellt HSV gleich mehrere innovative L\u00f6sungen und bietet ein breites Spektrum an M\u00f6glichkeiten an.<\/p>\n","protected":false},"excerpt":{"rendered":"<p>Unsere Partikelsch\u00e4ume EPS (airpop\u00ae engineered air), EPP und andere werden in unterschiedlichsten Branchen eingesetzt. Anwendungen mit diesen Materialien spart Ihnen&#8230;<\/p>\n","protected":false},"author":1,"featured_media":2404,"parent":991,"menu_order":0,"comment_status":"closed","ping_status":"closed","template":"","meta":{"_acf_changed":false,"footnotes":""},"class_list":["post-2039","page","type-page","status-publish","has-post-thumbnail","hentry"],"acf":[],"yoast_head":"<!-- This site is optimized with the Yoast SEO plugin v27.5 - https:\/\/yoast.com\/product\/yoast-seo-wordpress\/ -->\n<title>Agrarindustrie - HSV<\/title>\n<meta name=\"description\" content=\"F\u00fcr die Agrarindustrie stellt HSV gleich mehrere innovative L\u00f6sungen zur Verf\u00fcgung und bietet ein breites Produktspektrum an.\" \/>\n<meta name=\"robots\" content=\"index, follow, max-snippet:-1, max-image-preview:large, max-video-preview:-1\" \/>\n<link rel=\"canonical\" href=\"https:\/\/www.hsv-pi.nl\/de\/markte\/landwirtschaftsindustrie\/\" \/>\n<meta property=\"og:locale\" content=\"de_DE\" \/>\n<meta property=\"og:type\" content=\"article\" \/>\n<meta property=\"og:title\" content=\"Agrarindustrie - HSV\" \/>\n<meta property=\"og:description\" content=\"F\u00fcr die Agrarindustrie stellt HSV gleich mehrere innovative L\u00f6sungen zur Verf\u00fcgung und bietet ein breites Produktspektrum an.\" \/>\n<meta property=\"og:url\" content=\"https:\/\/www.hsv-pi.nl\/de\/markte\/landwirtschaftsindustrie\/\" \/>\n<meta property=\"og:site_name\" content=\"HSV\" \/>\n<meta property=\"article:modified_time\" content=\"2021-12-09T12:29:43+00:00\" \/>\n<meta property=\"og:image\" content=\"https:\/\/www.hsv-pi.nl\/wp-content\/uploads\/2016\/07\/HSV-the-particle-foam-engineers-EPS-airpop-engineered-air-in-de-agrarische-industrie.jpg\" \/>\n\t<meta property=\"og:image:width\" content=\"1066\" \/>\n\t<meta property=\"og:image:height\" content=\"709\" \/>\n\t<meta property=\"og:image:type\" content=\"image\/jpeg\" \/>\n<meta name=\"twitter:card\" content=\"summary_large_image\" \/>\n<meta name=\"twitter:label1\" content=\"Gesch\u00e4tzte Lesezeit\" \/>\n\t<meta name=\"twitter:data1\" content=\"1\u00a0Minute\" \/>\n<script type=\"application\/ld+json\" class=\"yoast-schema-graph\">{\"@context\":\"https:\\\/\\\/schema.org\",\"@graph\":[{\"@type\":\"WebPage\",\"@id\":\"https:\\\/\\\/www.hsv-pi.nl\\\/de\\\/markte\\\/landwirtschaftsindustrie\\\/\",\"url\":\"https:\\\/\\\/www.hsv-pi.nl\\\/de\\\/markte\\\/landwirtschaftsindustrie\\\/\",\"name\":\"Agrarindustrie - HSV\",\"isPartOf\":{\"@id\":\"https:\\\/\\\/www.hsv-pi.nl\\\/#website\"},\"primaryImageOfPage\":{\"@id\":\"https:\\\/\\\/www.hsv-pi.nl\\\/de\\\/markte\\\/landwirtschaftsindustrie\\\/#primaryimage\"},\"image\":{\"@id\":\"https:\\\/\\\/www.hsv-pi.nl\\\/de\\\/markte\\\/landwirtschaftsindustrie\\\/#primaryimage\"},\"thumbnailUrl\":\"https:\\\/\\\/www.hsv-pi.nl\\\/wp-content\\\/uploads\\\/2016\\\/07\\\/HSV-the-particle-foam-engineers-EPS-airpop-engineered-air-in-de-agrarische-industrie.jpg\",\"datePublished\":\"2016-11-30T08:38:49+00:00\",\"dateModified\":\"2021-12-09T12:29:43+00:00\",\"description\":\"F\u00fcr die Agrarindustrie stellt HSV gleich mehrere innovative L\u00f6sungen zur Verf\u00fcgung und bietet ein breites Produktspektrum an.\",\"breadcrumb\":{\"@id\":\"https:\\\/\\\/www.hsv-pi.nl\\\/de\\\/markte\\\/landwirtschaftsindustrie\\\/#breadcrumb\"},\"inLanguage\":\"de\",\"potentialAction\":[{\"@type\":\"ReadAction\",\"target\":[\"https:\\\/\\\/www.hsv-pi.nl\\\/de\\\/markte\\\/landwirtschaftsindustrie\\\/\"]}]},{\"@type\":\"ImageObject\",\"inLanguage\":\"de\",\"@id\":\"https:\\\/\\\/www.hsv-pi.nl\\\/de\\\/markte\\\/landwirtschaftsindustrie\\\/#primaryimage\",\"url\":\"https:\\\/\\\/www.hsv-pi.nl\\\/wp-content\\\/uploads\\\/2016\\\/07\\\/HSV-the-particle-foam-engineers-EPS-airpop-engineered-air-in-de-agrarische-industrie.jpg\",\"contentUrl\":\"https:\\\/\\\/www.hsv-pi.nl\\\/wp-content\\\/uploads\\\/2016\\\/07\\\/HSV-the-particle-foam-engineers-EPS-airpop-engineered-air-in-de-agrarische-industrie.jpg\",\"width\":1066,\"height\":709},{\"@type\":\"BreadcrumbList\",\"@id\":\"https:\\\/\\\/www.hsv-pi.nl\\\/de\\\/markte\\\/landwirtschaftsindustrie\\\/#breadcrumb\",\"itemListElement\":[{\"@type\":\"ListItem\",\"position\":1,\"name\":\"Home\",\"item\":\"https:\\\/\\\/www.hsv-pi.nl\\\/de\\\/\"},{\"@type\":\"ListItem\",\"position\":2,\"name\":\"M\u00e4rkte\",\"item\":\"https:\\\/\\\/www.hsv-pi.nl\\\/de\\\/markte\\\/\"},{\"@type\":\"ListItem\",\"position\":3,\"name\":\"Agrarindustrie\"}]},{\"@type\":\"WebSite\",\"@id\":\"https:\\\/\\\/www.hsv-pi.nl\\\/#website\",\"url\":\"https:\\\/\\\/www.hsv-pi.nl\\\/\",\"name\":\"HSV\",\"description\":\"\",\"potentialAction\":[{\"@type\":\"SearchAction\",\"target\":{\"@type\":\"EntryPoint\",\"urlTemplate\":\"https:\\\/\\\/www.hsv-pi.nl\\\/?s={search_term_string}\"},\"query-input\":{\"@type\":\"PropertyValueSpecification\",\"valueRequired\":true,\"valueName\":\"search_term_string\"}}],\"inLanguage\":\"de\"}]}<\/script>\n<!-- \/ Yoast SEO plugin. -->","yoast_head_json":{"title":"Agrarindustrie - HSV","description":"F\u00fcr die Agrarindustrie stellt HSV gleich mehrere innovative L\u00f6sungen zur Verf\u00fcgung und bietet ein breites Produktspektrum an.","robots":{"index":"index","follow":"follow","max-snippet":"max-snippet:-1","max-image-preview":"max-image-preview:large","max-video-preview":"max-video-preview:-1"},"canonical":"https:\/\/www.hsv-pi.nl\/de\/markte\/landwirtschaftsindustrie\/","og_locale":"de_DE","og_type":"article","og_title":"Agrarindustrie - HSV","og_description":"F\u00fcr die Agrarindustrie stellt HSV gleich mehrere innovative L\u00f6sungen zur Verf\u00fcgung und bietet ein breites Produktspektrum an.","og_url":"https:\/\/www.hsv-pi.nl\/de\/markte\/landwirtschaftsindustrie\/","og_site_name":"HSV","article_modified_time":"2021-12-09T12:29:43+00:00","og_image":[{"width":1066,"height":709,"url":"https:\/\/www.hsv-pi.nl\/wp-content\/uploads\/2016\/07\/HSV-the-particle-foam-engineers-EPS-airpop-engineered-air-in-de-agrarische-industrie.jpg","type":"image\/jpeg"}],"twitter_card":"summary_large_image","twitter_misc":{"Gesch\u00e4tzte Lesezeit":"1\u00a0Minute"},"schema":{"@context":"https:\/\/schema.org","@graph":[{"@type":"WebPage","@id":"https:\/\/www.hsv-pi.nl\/de\/markte\/landwirtschaftsindustrie\/","url":"https:\/\/www.hsv-pi.nl\/de\/markte\/landwirtschaftsindustrie\/","name":"Agrarindustrie - HSV","isPartOf":{"@id":"https:\/\/www.hsv-pi.nl\/#website"},"primaryImageOfPage":{"@id":"https:\/\/www.hsv-pi.nl\/de\/markte\/landwirtschaftsindustrie\/#primaryimage"},"image":{"@id":"https:\/\/www.hsv-pi.nl\/de\/markte\/landwirtschaftsindustrie\/#primaryimage"},"thumbnailUrl":"https:\/\/www.hsv-pi.nl\/wp-content\/uploads\/2016\/07\/HSV-the-particle-foam-engineers-EPS-airpop-engineered-air-in-de-agrarische-industrie.jpg","datePublished":"2016-11-30T08:38:49+00:00","dateModified":"2021-12-09T12:29:43+00:00","description":"F\u00fcr die Agrarindustrie stellt HSV gleich mehrere innovative L\u00f6sungen zur Verf\u00fcgung und bietet ein breites Produktspektrum an.","breadcrumb":{"@id":"https:\/\/www.hsv-pi.nl\/de\/markte\/landwirtschaftsindustrie\/#breadcrumb"},"inLanguage":"de","potentialAction":[{"@type":"ReadAction","target":["https:\/\/www.hsv-pi.nl\/de\/markte\/landwirtschaftsindustrie\/"]}]},{"@type":"ImageObject","inLanguage":"de","@id":"https:\/\/www.hsv-pi.nl\/de\/markte\/landwirtschaftsindustrie\/#primaryimage","url":"https:\/\/www.hsv-pi.nl\/wp-content\/uploads\/2016\/07\/HSV-the-particle-foam-engineers-EPS-airpop-engineered-air-in-de-agrarische-industrie.jpg","contentUrl":"https:\/\/www.hsv-pi.nl\/wp-content\/uploads\/2016\/07\/HSV-the-particle-foam-engineers-EPS-airpop-engineered-air-in-de-agrarische-industrie.jpg","width":1066,"height":709},{"@type":"BreadcrumbList","@id":"https:\/\/www.hsv-pi.nl\/de\/markte\/landwirtschaftsindustrie\/#breadcrumb","itemListElement":[{"@type":"ListItem","position":1,"name":"Home","item":"https:\/\/www.hsv-pi.nl\/de\/"},{"@type":"ListItem","position":2,"name":"M\u00e4rkte","item":"https:\/\/www.hsv-pi.nl\/de\/markte\/"},{"@type":"ListItem","position":3,"name":"Agrarindustrie"}]},{"@type":"WebSite","@id":"https:\/\/www.hsv-pi.nl\/#website","url":"https:\/\/www.hsv-pi.nl\/","name":"HSV","description":"","potentialAction":[{"@type":"SearchAction","target":{"@type":"EntryPoint","urlTemplate":"https:\/\/www.hsv-pi.nl\/?s={search_term_string}"},"query-input":{"@type":"PropertyValueSpecification","valueRequired":true,"valueName":"search_term_string"}}],"inLanguage":"de"}]}},"_links":{"self":[{"href":"https:\/\/www.hsv-pi.nl\/de\/wp-json\/wp\/v2\/pages\/2039","targetHints":{"allow":["GET"]}}],"collection":[{"href":"https:\/\/www.hsv-pi.nl\/de\/wp-json\/wp\/v2\/pages"}],"about":[{"href":"https:\/\/www.hsv-pi.nl\/de\/wp-json\/wp\/v2\/types\/page"}],"author":[{"embeddable":true,"href":"https:\/\/www.hsv-pi.nl\/de\/wp-json\/wp\/v2\/users\/1"}],"replies":[{"embeddable":true,"href":"https:\/\/www.hsv-pi.nl\/de\/wp-json\/wp\/v2\/comments?post=2039"}],"version-history":[{"count":0,"href":"https:\/\/www.hsv-pi.nl\/de\/wp-json\/wp\/v2\/pages\/2039\/revisions"}],"up":[{"embeddable":true,"href":"https:\/\/www.hsv-pi.nl\/de\/wp-json\/wp\/v2\/pages\/991"}],"wp:featuredmedia":[{"embeddable":true,"href":"https:\/\/www.hsv-pi.nl\/de\/wp-json\/wp\/v2\/media\/2404"}],"wp:attachment":[{"href":"https:\/\/www.hsv-pi.nl\/de\/wp-json\/wp\/v2\/media?parent=2039"}],"curies":[{"name":"wp","href":"https:\/\/api.w.org\/{rel}","templated":true}]}}