{"id":2041,"date":"2016-12-26T15:42:01","date_gmt":"2016-12-26T14:42:01","guid":{"rendered":"http:\/\/178.22.63.228\/~hsvpi\/de\/markte\/automobielindustrie\/"},"modified":"2021-12-09T12:03:14","modified_gmt":"2021-12-09T11:03:14","slug":"automobilbranche","status":"publish","type":"page","link":"https:\/\/www.hsv-pi.nl\/de\/markte\/automobilbranche\/","title":{"rendered":"Automobilbranche"},"content":{"rendered":"<p>Unsere Partikelsch\u00e4ume EPS (airpop\u00ae engineered air), EPP und andere werden in unterschiedlichsten Branchen eingesetzt. Die Anwendung dieser Materialien spart Ihnen Zeit, Energie, Geld oder Gewicht. Sie bieten Schutz, Energieersparnis oder Vorteile an Stellen, an denen Sie es nicht erwarten w\u00fcrden.<\/p>\n<p>HSV Partikelsch\u00e4ume sind in der Automobilindustrie weit verbreitet. Sowohl in der Logistikkette (Transport z.B. von Fahrzeugteilen und Motoren), sowie f\u00fcr die eigentliche Herstellung der Autoteilen, unter anderem wie Sitze, Innent\u00fcren, Sonnenblenden und Sto\u00dff\u00e4nger.<\/p>\n","protected":false},"excerpt":{"rendered":"<p>Unsere Partikelsch\u00e4ume EPS (airpop\u00ae engineered air), EPP und andere werden in unterschiedlichsten Branchen eingesetzt. Die Anwendung dieser Materialien spart Ihnen&#8230;<\/p>\n","protected":false},"author":1,"featured_media":1662,"parent":991,"menu_order":0,"comment_status":"closed","ping_status":"closed","template":"","meta":{"_acf_changed":false,"footnotes":""},"class_list":["post-2041","page","type-page","status-publish","has-post-thumbnail","hentry"],"acf":[],"yoast_head":"<!-- This site is optimized with the Yoast SEO plugin v27.5 - https:\/\/yoast.com\/product\/yoast-seo-wordpress\/ -->\n<title>Automobilbranche - HSV<\/title>\n<meta name=\"description\" content=\"HSV tr\u00e4gt aktiv zum Schutz von Materialien, w\u00e4hrend des Transports und der Sicherheit der Autofahrer und andere Verkehrsteilnehmer bei.\" \/>\n<meta name=\"robots\" content=\"index, follow, max-snippet:-1, max-image-preview:large, max-video-preview:-1\" \/>\n<link rel=\"canonical\" href=\"https:\/\/www.hsv-pi.nl\/de\/markte\/automobilbranche\/\" \/>\n<meta property=\"og:locale\" content=\"de_DE\" \/>\n<meta property=\"og:type\" content=\"article\" \/>\n<meta property=\"og:title\" content=\"Automobilbranche - HSV\" \/>\n<meta property=\"og:description\" content=\"HSV tr\u00e4gt aktiv zum Schutz von Materialien, w\u00e4hrend des Transports und der Sicherheit der Autofahrer und andere Verkehrsteilnehmer bei.\" \/>\n<meta property=\"og:url\" content=\"https:\/\/www.hsv-pi.nl\/de\/markte\/automobilbranche\/\" \/>\n<meta property=\"og:site_name\" content=\"HSV\" \/>\n<meta property=\"article:modified_time\" content=\"2021-12-09T11:03:14+00:00\" \/>\n<meta property=\"og:image\" content=\"https:\/\/www.hsv-pi.nl\/wp-content\/uploads\/2016\/07\/Achterbank.png\" \/>\n\t<meta property=\"og:image:width\" content=\"188\" \/>\n\t<meta property=\"og:image:height\" content=\"157\" \/>\n\t<meta property=\"og:image:type\" content=\"image\/png\" \/>\n<meta name=\"twitter:card\" content=\"summary_large_image\" \/>\n<meta name=\"twitter:label1\" content=\"Gesch\u00e4tzte Lesezeit\" \/>\n\t<meta name=\"twitter:data1\" content=\"1\u00a0Minute\" \/>\n<script type=\"application\/ld+json\" class=\"yoast-schema-graph\">{\"@context\":\"https:\\\/\\\/schema.org\",\"@graph\":[{\"@type\":\"WebPage\",\"@id\":\"https:\\\/\\\/www.hsv-pi.nl\\\/de\\\/markte\\\/automobilbranche\\\/\",\"url\":\"https:\\\/\\\/www.hsv-pi.nl\\\/de\\\/markte\\\/automobilbranche\\\/\",\"name\":\"Automobilbranche - HSV\",\"isPartOf\":{\"@id\":\"https:\\\/\\\/www.hsv-pi.nl\\\/#website\"},\"primaryImageOfPage\":{\"@id\":\"https:\\\/\\\/www.hsv-pi.nl\\\/de\\\/markte\\\/automobilbranche\\\/#primaryimage\"},\"image\":{\"@id\":\"https:\\\/\\\/www.hsv-pi.nl\\\/de\\\/markte\\\/automobilbranche\\\/#primaryimage\"},\"thumbnailUrl\":\"https:\\\/\\\/www.hsv-pi.nl\\\/wp-content\\\/uploads\\\/2016\\\/07\\\/Achterbank.png\",\"datePublished\":\"2016-12-26T14:42:01+00:00\",\"dateModified\":\"2021-12-09T11:03:14+00:00\",\"description\":\"HSV tr\u00e4gt aktiv zum Schutz von Materialien, w\u00e4hrend des Transports und der Sicherheit der Autofahrer und andere Verkehrsteilnehmer bei.\",\"breadcrumb\":{\"@id\":\"https:\\\/\\\/www.hsv-pi.nl\\\/de\\\/markte\\\/automobilbranche\\\/#breadcrumb\"},\"inLanguage\":\"de\",\"potentialAction\":[{\"@type\":\"ReadAction\",\"target\":[\"https:\\\/\\\/www.hsv-pi.nl\\\/de\\\/markte\\\/automobilbranche\\\/\"]}]},{\"@type\":\"ImageObject\",\"inLanguage\":\"de\",\"@id\":\"https:\\\/\\\/www.hsv-pi.nl\\\/de\\\/markte\\\/automobilbranche\\\/#primaryimage\",\"url\":\"https:\\\/\\\/www.hsv-pi.nl\\\/wp-content\\\/uploads\\\/2016\\\/07\\\/Achterbank.png\",\"contentUrl\":\"https:\\\/\\\/www.hsv-pi.nl\\\/wp-content\\\/uploads\\\/2016\\\/07\\\/Achterbank.png\",\"width\":188,\"height\":157},{\"@type\":\"BreadcrumbList\",\"@id\":\"https:\\\/\\\/www.hsv-pi.nl\\\/de\\\/markte\\\/automobilbranche\\\/#breadcrumb\",\"itemListElement\":[{\"@type\":\"ListItem\",\"position\":1,\"name\":\"Home\",\"item\":\"https:\\\/\\\/www.hsv-pi.nl\\\/de\\\/\"},{\"@type\":\"ListItem\",\"position\":2,\"name\":\"M\u00e4rkte\",\"item\":\"https:\\\/\\\/www.hsv-pi.nl\\\/de\\\/markte\\\/\"},{\"@type\":\"ListItem\",\"position\":3,\"name\":\"Automobilbranche\"}]},{\"@type\":\"WebSite\",\"@id\":\"https:\\\/\\\/www.hsv-pi.nl\\\/#website\",\"url\":\"https:\\\/\\\/www.hsv-pi.nl\\\/\",\"name\":\"HSV\",\"description\":\"\",\"potentialAction\":[{\"@type\":\"SearchAction\",\"target\":{\"@type\":\"EntryPoint\",\"urlTemplate\":\"https:\\\/\\\/www.hsv-pi.nl\\\/?s={search_term_string}\"},\"query-input\":{\"@type\":\"PropertyValueSpecification\",\"valueRequired\":true,\"valueName\":\"search_term_string\"}}],\"inLanguage\":\"de\"}]}<\/script>\n<!-- \/ Yoast SEO plugin. -->","yoast_head_json":{"title":"Automobilbranche - HSV","description":"HSV tr\u00e4gt aktiv zum Schutz von Materialien, w\u00e4hrend des Transports und der Sicherheit der Autofahrer und andere Verkehrsteilnehmer bei.","robots":{"index":"index","follow":"follow","max-snippet":"max-snippet:-1","max-image-preview":"max-image-preview:large","max-video-preview":"max-video-preview:-1"},"canonical":"https:\/\/www.hsv-pi.nl\/de\/markte\/automobilbranche\/","og_locale":"de_DE","og_type":"article","og_title":"Automobilbranche - HSV","og_description":"HSV tr\u00e4gt aktiv zum Schutz von Materialien, w\u00e4hrend des Transports und der Sicherheit der Autofahrer und andere Verkehrsteilnehmer bei.","og_url":"https:\/\/www.hsv-pi.nl\/de\/markte\/automobilbranche\/","og_site_name":"HSV","article_modified_time":"2021-12-09T11:03:14+00:00","og_image":[{"width":188,"height":157,"url":"https:\/\/www.hsv-pi.nl\/wp-content\/uploads\/2016\/07\/Achterbank.png","type":"image\/png"}],"twitter_card":"summary_large_image","twitter_misc":{"Gesch\u00e4tzte Lesezeit":"1\u00a0Minute"},"schema":{"@context":"https:\/\/schema.org","@graph":[{"@type":"WebPage","@id":"https:\/\/www.hsv-pi.nl\/de\/markte\/automobilbranche\/","url":"https:\/\/www.hsv-pi.nl\/de\/markte\/automobilbranche\/","name":"Automobilbranche - HSV","isPartOf":{"@id":"https:\/\/www.hsv-pi.nl\/#website"},"primaryImageOfPage":{"@id":"https:\/\/www.hsv-pi.nl\/de\/markte\/automobilbranche\/#primaryimage"},"image":{"@id":"https:\/\/www.hsv-pi.nl\/de\/markte\/automobilbranche\/#primaryimage"},"thumbnailUrl":"https:\/\/www.hsv-pi.nl\/wp-content\/uploads\/2016\/07\/Achterbank.png","datePublished":"2016-12-26T14:42:01+00:00","dateModified":"2021-12-09T11:03:14+00:00","description":"HSV tr\u00e4gt aktiv zum Schutz von Materialien, w\u00e4hrend des Transports und der Sicherheit der Autofahrer und andere Verkehrsteilnehmer bei.","breadcrumb":{"@id":"https:\/\/www.hsv-pi.nl\/de\/markte\/automobilbranche\/#breadcrumb"},"inLanguage":"de","potentialAction":[{"@type":"ReadAction","target":["https:\/\/www.hsv-pi.nl\/de\/markte\/automobilbranche\/"]}]},{"@type":"ImageObject","inLanguage":"de","@id":"https:\/\/www.hsv-pi.nl\/de\/markte\/automobilbranche\/#primaryimage","url":"https:\/\/www.hsv-pi.nl\/wp-content\/uploads\/2016\/07\/Achterbank.png","contentUrl":"https:\/\/www.hsv-pi.nl\/wp-content\/uploads\/2016\/07\/Achterbank.png","width":188,"height":157},{"@type":"BreadcrumbList","@id":"https:\/\/www.hsv-pi.nl\/de\/markte\/automobilbranche\/#breadcrumb","itemListElement":[{"@type":"ListItem","position":1,"name":"Home","item":"https:\/\/www.hsv-pi.nl\/de\/"},{"@type":"ListItem","position":2,"name":"M\u00e4rkte","item":"https:\/\/www.hsv-pi.nl\/de\/markte\/"},{"@type":"ListItem","position":3,"name":"Automobilbranche"}]},{"@type":"WebSite","@id":"https:\/\/www.hsv-pi.nl\/#website","url":"https:\/\/www.hsv-pi.nl\/","name":"HSV","description":"","potentialAction":[{"@type":"SearchAction","target":{"@type":"EntryPoint","urlTemplate":"https:\/\/www.hsv-pi.nl\/?s={search_term_string}"},"query-input":{"@type":"PropertyValueSpecification","valueRequired":true,"valueName":"search_term_string"}}],"inLanguage":"de"}]}},"_links":{"self":[{"href":"https:\/\/www.hsv-pi.nl\/de\/wp-json\/wp\/v2\/pages\/2041","targetHints":{"allow":["GET"]}}],"collection":[{"href":"https:\/\/www.hsv-pi.nl\/de\/wp-json\/wp\/v2\/pages"}],"about":[{"href":"https:\/\/www.hsv-pi.nl\/de\/wp-json\/wp\/v2\/types\/page"}],"author":[{"embeddable":true,"href":"https:\/\/www.hsv-pi.nl\/de\/wp-json\/wp\/v2\/users\/1"}],"replies":[{"embeddable":true,"href":"https:\/\/www.hsv-pi.nl\/de\/wp-json\/wp\/v2\/comments?post=2041"}],"version-history":[{"count":0,"href":"https:\/\/www.hsv-pi.nl\/de\/wp-json\/wp\/v2\/pages\/2041\/revisions"}],"up":[{"embeddable":true,"href":"https:\/\/www.hsv-pi.nl\/de\/wp-json\/wp\/v2\/pages\/991"}],"wp:featuredmedia":[{"embeddable":true,"href":"https:\/\/www.hsv-pi.nl\/de\/wp-json\/wp\/v2\/media\/1662"}],"wp:attachment":[{"href":"https:\/\/www.hsv-pi.nl\/de\/wp-json\/wp\/v2\/media?parent=2041"}],"curies":[{"name":"wp","href":"https:\/\/api.w.org\/{rel}","templated":true}]}}