{"id":2043,"date":"2016-12-26T16:50:45","date_gmt":"2016-12-26T15:50:45","guid":{"rendered":"http:\/\/178.22.63.228\/~hsvpi\/de\/markte\/bouw\/"},"modified":"2021-12-09T13:19:04","modified_gmt":"2021-12-09T12:19:04","slug":"bauindustrie","status":"publish","type":"page","link":"https:\/\/www.hsv-pi.nl\/de\/markte\/bauindustrie\/","title":{"rendered":"Bauindustrie"},"content":{"rendered":"<p>Unsere Partikelsch\u00e4ume EPS (airpop\u00ae engineered air), EPP und andere werden in unterschiedlichsten Branchen eingesetzt. Die Anwendung dieser Materialien spart Ihnen Zeit, Energie, Geld oder Gewicht. Sie bieten Schutz, Energieersparnis oder Vorteile an Stellen, an denen Sie es nicht erwarten w\u00fcrden.<\/p>\n<p>Innerhalb der Baubranche finden Sie eine Vielzahl von Produktl\u00f6sungen, welche aus der Entwicklungsabteilung von HSV stammen. Dem eigentlichen Blick verborgen, aber substantiel f\u00fcr eine optimale Isolierung und Nachhaltigkeit von Gewerbegeb\u00e4uden und Wohnungen.<\/p>\n","protected":false},"excerpt":{"rendered":"<p>Unsere Partikelsch\u00e4ume EPS (airpop\u00ae engineered air), EPP und andere werden in unterschiedlichsten Branchen eingesetzt. Die Anwendung dieser Materialien spart Ihnen&#8230;<\/p>\n","protected":false},"author":1,"featured_media":2380,"parent":991,"menu_order":0,"comment_status":"closed","ping_status":"closed","template":"","meta":{"_acf_changed":false,"footnotes":""},"class_list":["post-2043","page","type-page","status-publish","has-post-thumbnail","hentry"],"acf":[],"yoast_head":"<!-- This site is optimized with the Yoast SEO plugin v27.4 - https:\/\/yoast.com\/product\/yoast-seo-wordpress\/ -->\n<title>Bauindustrie - HSV<\/title>\n<meta name=\"description\" content=\"Innerhalb der Baubranche finden Sie eine Vielzahl von Produktl\u00f6sungen, welche aus der Entwicklungsabteilung von HSV stammen.\" \/>\n<meta name=\"robots\" content=\"index, follow, max-snippet:-1, max-image-preview:large, max-video-preview:-1\" \/>\n<link rel=\"canonical\" href=\"https:\/\/www.hsv-pi.nl\/de\/markte\/bauindustrie\/\" \/>\n<meta property=\"og:locale\" content=\"de_DE\" \/>\n<meta property=\"og:type\" content=\"article\" \/>\n<meta property=\"og:title\" content=\"Bauindustrie - HSV\" \/>\n<meta property=\"og:description\" content=\"Innerhalb der Baubranche finden Sie eine Vielzahl von Produktl\u00f6sungen, welche aus der Entwicklungsabteilung von HSV stammen.\" \/>\n<meta property=\"og:url\" content=\"https:\/\/www.hsv-pi.nl\/de\/markte\/bauindustrie\/\" \/>\n<meta property=\"og:site_name\" content=\"HSV\" \/>\n<meta property=\"article:modified_time\" content=\"2021-12-09T12:19:04+00:00\" \/>\n<meta property=\"og:image\" content=\"https:\/\/www.hsv-pi.nl\/wp-content\/uploads\/2016\/07\/eps-particle-foam-toegepast-in-de-bouw.jpg\" \/>\n\t<meta property=\"og:image:width\" content=\"800\" \/>\n\t<meta property=\"og:image:height\" content=\"536\" \/>\n\t<meta property=\"og:image:type\" content=\"image\/jpeg\" \/>\n<meta name=\"twitter:card\" content=\"summary_large_image\" \/>\n<meta name=\"twitter:label1\" content=\"Gesch\u00e4tzte Lesezeit\" \/>\n\t<meta name=\"twitter:data1\" content=\"1\u00a0Minute\" \/>\n<script type=\"application\/ld+json\" class=\"yoast-schema-graph\">{\"@context\":\"https:\\\/\\\/schema.org\",\"@graph\":[{\"@type\":\"WebPage\",\"@id\":\"https:\\\/\\\/www.hsv-pi.nl\\\/de\\\/markte\\\/bauindustrie\\\/\",\"url\":\"https:\\\/\\\/www.hsv-pi.nl\\\/de\\\/markte\\\/bauindustrie\\\/\",\"name\":\"Bauindustrie - HSV\",\"isPartOf\":{\"@id\":\"https:\\\/\\\/www.hsv-pi.nl\\\/#website\"},\"primaryImageOfPage\":{\"@id\":\"https:\\\/\\\/www.hsv-pi.nl\\\/de\\\/markte\\\/bauindustrie\\\/#primaryimage\"},\"image\":{\"@id\":\"https:\\\/\\\/www.hsv-pi.nl\\\/de\\\/markte\\\/bauindustrie\\\/#primaryimage\"},\"thumbnailUrl\":\"https:\\\/\\\/www.hsv-pi.nl\\\/wp-content\\\/uploads\\\/2016\\\/07\\\/eps-particle-foam-toegepast-in-de-bouw.jpg\",\"datePublished\":\"2016-12-26T15:50:45+00:00\",\"dateModified\":\"2021-12-09T12:19:04+00:00\",\"description\":\"Innerhalb der Baubranche finden Sie eine Vielzahl von Produktl\u00f6sungen, welche aus der Entwicklungsabteilung von HSV stammen.\",\"breadcrumb\":{\"@id\":\"https:\\\/\\\/www.hsv-pi.nl\\\/de\\\/markte\\\/bauindustrie\\\/#breadcrumb\"},\"inLanguage\":\"de\",\"potentialAction\":[{\"@type\":\"ReadAction\",\"target\":[\"https:\\\/\\\/www.hsv-pi.nl\\\/de\\\/markte\\\/bauindustrie\\\/\"]}]},{\"@type\":\"ImageObject\",\"inLanguage\":\"de\",\"@id\":\"https:\\\/\\\/www.hsv-pi.nl\\\/de\\\/markte\\\/bauindustrie\\\/#primaryimage\",\"url\":\"https:\\\/\\\/www.hsv-pi.nl\\\/wp-content\\\/uploads\\\/2016\\\/07\\\/eps-particle-foam-toegepast-in-de-bouw.jpg\",\"contentUrl\":\"https:\\\/\\\/www.hsv-pi.nl\\\/wp-content\\\/uploads\\\/2016\\\/07\\\/eps-particle-foam-toegepast-in-de-bouw.jpg\",\"width\":800,\"height\":536},{\"@type\":\"BreadcrumbList\",\"@id\":\"https:\\\/\\\/www.hsv-pi.nl\\\/de\\\/markte\\\/bauindustrie\\\/#breadcrumb\",\"itemListElement\":[{\"@type\":\"ListItem\",\"position\":1,\"name\":\"Home\",\"item\":\"https:\\\/\\\/www.hsv-pi.nl\\\/de\\\/\"},{\"@type\":\"ListItem\",\"position\":2,\"name\":\"M\u00e4rkte\",\"item\":\"https:\\\/\\\/www.hsv-pi.nl\\\/de\\\/markte\\\/\"},{\"@type\":\"ListItem\",\"position\":3,\"name\":\"Bauindustrie\"}]},{\"@type\":\"WebSite\",\"@id\":\"https:\\\/\\\/www.hsv-pi.nl\\\/#website\",\"url\":\"https:\\\/\\\/www.hsv-pi.nl\\\/\",\"name\":\"HSV\",\"description\":\"\",\"potentialAction\":[{\"@type\":\"SearchAction\",\"target\":{\"@type\":\"EntryPoint\",\"urlTemplate\":\"https:\\\/\\\/www.hsv-pi.nl\\\/?s={search_term_string}\"},\"query-input\":{\"@type\":\"PropertyValueSpecification\",\"valueRequired\":true,\"valueName\":\"search_term_string\"}}],\"inLanguage\":\"de\"}]}<\/script>\n<!-- \/ Yoast SEO plugin. -->","yoast_head_json":{"title":"Bauindustrie - HSV","description":"Innerhalb der Baubranche finden Sie eine Vielzahl von Produktl\u00f6sungen, welche aus der Entwicklungsabteilung von HSV stammen.","robots":{"index":"index","follow":"follow","max-snippet":"max-snippet:-1","max-image-preview":"max-image-preview:large","max-video-preview":"max-video-preview:-1"},"canonical":"https:\/\/www.hsv-pi.nl\/de\/markte\/bauindustrie\/","og_locale":"de_DE","og_type":"article","og_title":"Bauindustrie - HSV","og_description":"Innerhalb der Baubranche finden Sie eine Vielzahl von Produktl\u00f6sungen, welche aus der Entwicklungsabteilung von HSV stammen.","og_url":"https:\/\/www.hsv-pi.nl\/de\/markte\/bauindustrie\/","og_site_name":"HSV","article_modified_time":"2021-12-09T12:19:04+00:00","og_image":[{"width":800,"height":536,"url":"https:\/\/www.hsv-pi.nl\/wp-content\/uploads\/2016\/07\/eps-particle-foam-toegepast-in-de-bouw.jpg","type":"image\/jpeg"}],"twitter_card":"summary_large_image","twitter_misc":{"Gesch\u00e4tzte Lesezeit":"1\u00a0Minute"},"schema":{"@context":"https:\/\/schema.org","@graph":[{"@type":"WebPage","@id":"https:\/\/www.hsv-pi.nl\/de\/markte\/bauindustrie\/","url":"https:\/\/www.hsv-pi.nl\/de\/markte\/bauindustrie\/","name":"Bauindustrie - HSV","isPartOf":{"@id":"https:\/\/www.hsv-pi.nl\/#website"},"primaryImageOfPage":{"@id":"https:\/\/www.hsv-pi.nl\/de\/markte\/bauindustrie\/#primaryimage"},"image":{"@id":"https:\/\/www.hsv-pi.nl\/de\/markte\/bauindustrie\/#primaryimage"},"thumbnailUrl":"https:\/\/www.hsv-pi.nl\/wp-content\/uploads\/2016\/07\/eps-particle-foam-toegepast-in-de-bouw.jpg","datePublished":"2016-12-26T15:50:45+00:00","dateModified":"2021-12-09T12:19:04+00:00","description":"Innerhalb der Baubranche finden Sie eine Vielzahl von Produktl\u00f6sungen, welche aus der Entwicklungsabteilung von HSV stammen.","breadcrumb":{"@id":"https:\/\/www.hsv-pi.nl\/de\/markte\/bauindustrie\/#breadcrumb"},"inLanguage":"de","potentialAction":[{"@type":"ReadAction","target":["https:\/\/www.hsv-pi.nl\/de\/markte\/bauindustrie\/"]}]},{"@type":"ImageObject","inLanguage":"de","@id":"https:\/\/www.hsv-pi.nl\/de\/markte\/bauindustrie\/#primaryimage","url":"https:\/\/www.hsv-pi.nl\/wp-content\/uploads\/2016\/07\/eps-particle-foam-toegepast-in-de-bouw.jpg","contentUrl":"https:\/\/www.hsv-pi.nl\/wp-content\/uploads\/2016\/07\/eps-particle-foam-toegepast-in-de-bouw.jpg","width":800,"height":536},{"@type":"BreadcrumbList","@id":"https:\/\/www.hsv-pi.nl\/de\/markte\/bauindustrie\/#breadcrumb","itemListElement":[{"@type":"ListItem","position":1,"name":"Home","item":"https:\/\/www.hsv-pi.nl\/de\/"},{"@type":"ListItem","position":2,"name":"M\u00e4rkte","item":"https:\/\/www.hsv-pi.nl\/de\/markte\/"},{"@type":"ListItem","position":3,"name":"Bauindustrie"}]},{"@type":"WebSite","@id":"https:\/\/www.hsv-pi.nl\/#website","url":"https:\/\/www.hsv-pi.nl\/","name":"HSV","description":"","potentialAction":[{"@type":"SearchAction","target":{"@type":"EntryPoint","urlTemplate":"https:\/\/www.hsv-pi.nl\/?s={search_term_string}"},"query-input":{"@type":"PropertyValueSpecification","valueRequired":true,"valueName":"search_term_string"}}],"inLanguage":"de"}]}},"_links":{"self":[{"href":"https:\/\/www.hsv-pi.nl\/de\/wp-json\/wp\/v2\/pages\/2043","targetHints":{"allow":["GET"]}}],"collection":[{"href":"https:\/\/www.hsv-pi.nl\/de\/wp-json\/wp\/v2\/pages"}],"about":[{"href":"https:\/\/www.hsv-pi.nl\/de\/wp-json\/wp\/v2\/types\/page"}],"author":[{"embeddable":true,"href":"https:\/\/www.hsv-pi.nl\/de\/wp-json\/wp\/v2\/users\/1"}],"replies":[{"embeddable":true,"href":"https:\/\/www.hsv-pi.nl\/de\/wp-json\/wp\/v2\/comments?post=2043"}],"version-history":[{"count":0,"href":"https:\/\/www.hsv-pi.nl\/de\/wp-json\/wp\/v2\/pages\/2043\/revisions"}],"up":[{"embeddable":true,"href":"https:\/\/www.hsv-pi.nl\/de\/wp-json\/wp\/v2\/pages\/991"}],"wp:featuredmedia":[{"embeddable":true,"href":"https:\/\/www.hsv-pi.nl\/de\/wp-json\/wp\/v2\/media\/2380"}],"wp:attachment":[{"href":"https:\/\/www.hsv-pi.nl\/de\/wp-json\/wp\/v2\/media?parent=2043"}],"curies":[{"name":"wp","href":"https:\/\/api.w.org\/{rel}","templated":true}]}}