{"id":2046,"date":"2016-12-26T17:05:08","date_gmt":"2016-12-26T16:05:08","guid":{"rendered":"http:\/\/178.22.63.228\/~hsvpi\/de\/markte\/design-en-kunst\/"},"modified":"2021-12-09T11:31:58","modified_gmt":"2021-12-09T10:31:58","slug":"design-und-kunst","status":"publish","type":"page","link":"https:\/\/www.hsv-pi.nl\/de\/markte\/design-und-kunst\/","title":{"rendered":"Design und Kunst"},"content":{"rendered":"<p>Unsere Partikelsch\u00e4ume EPS (airpop\u00ae engineered air), EPP und andere werden in unterschiedlichsten Branchen eingesetzt. Die Anwendung dieser Materialien spart Ihnen Zeit, Energie, Geld oder Gewicht. Sie bieten Schutz, Energieersparnis oder Vorteile an Stellen, an denen Sie es nicht erwarten w\u00fcrden.<\/p>\n<p>Auch K\u00fcnstler und Designer finden ihren Weg zu den HSV-Partikelschaumspezialisten.<\/p>\n","protected":false},"excerpt":{"rendered":"<p>Unsere Partikelsch\u00e4ume EPS (airpop\u00ae engineered air), EPP und andere werden in unterschiedlichsten Branchen eingesetzt. Die Anwendung dieser Materialien spart Ihnen&#8230;<\/p>\n","protected":false},"author":1,"featured_media":877,"parent":991,"menu_order":0,"comment_status":"closed","ping_status":"closed","template":"","meta":{"_acf_changed":false,"footnotes":""},"class_list":["post-2046","page","type-page","status-publish","has-post-thumbnail","hentry"],"acf":[],"yoast_head":"<!-- This site is optimized with the Yoast SEO plugin v27.5 - https:\/\/yoast.com\/product\/yoast-seo-wordpress\/ -->\n<title>Design und Kunst - HSV<\/title>\n<meta name=\"description\" content=\"Partikelsch\u00e4ume bieten volle Gestaltungsfreiheit und somit viel Raum f\u00fcr Kreativit\u00e4t. Auch K\u00fcnstler und Designer finden ihren Weg zu HSV.\" \/>\n<meta name=\"robots\" content=\"index, follow, max-snippet:-1, max-image-preview:large, max-video-preview:-1\" \/>\n<link rel=\"canonical\" href=\"https:\/\/www.hsv-pi.nl\/de\/markte\/design-und-kunst\/\" \/>\n<meta property=\"og:locale\" content=\"de_DE\" \/>\n<meta property=\"og:type\" content=\"article\" \/>\n<meta property=\"og:title\" content=\"Design und Kunst - HSV\" \/>\n<meta property=\"og:description\" content=\"Partikelsch\u00e4ume bieten volle Gestaltungsfreiheit und somit viel Raum f\u00fcr Kreativit\u00e4t. Auch K\u00fcnstler und Designer finden ihren Weg zu HSV.\" \/>\n<meta property=\"og:url\" content=\"https:\/\/www.hsv-pi.nl\/de\/markte\/design-und-kunst\/\" \/>\n<meta property=\"og:site_name\" content=\"HSV\" \/>\n<meta property=\"article:modified_time\" content=\"2021-12-09T10:31:58+00:00\" \/>\n<meta property=\"og:image\" content=\"https:\/\/www.hsv-pi.nl\/wp-content\/uploads\/2016\/11\/hsv_robert_bronwasser92.jpg\" \/>\n\t<meta property=\"og:image:width\" content=\"780\" \/>\n\t<meta property=\"og:image:height\" content=\"520\" \/>\n\t<meta property=\"og:image:type\" content=\"image\/jpeg\" \/>\n<meta name=\"twitter:card\" content=\"summary_large_image\" \/>\n<meta name=\"twitter:label1\" content=\"Gesch\u00e4tzte Lesezeit\" \/>\n\t<meta name=\"twitter:data1\" content=\"1\u00a0Minute\" \/>\n<script type=\"application\/ld+json\" class=\"yoast-schema-graph\">{\"@context\":\"https:\\\/\\\/schema.org\",\"@graph\":[{\"@type\":\"WebPage\",\"@id\":\"https:\\\/\\\/www.hsv-pi.nl\\\/de\\\/markte\\\/design-und-kunst\\\/\",\"url\":\"https:\\\/\\\/www.hsv-pi.nl\\\/de\\\/markte\\\/design-und-kunst\\\/\",\"name\":\"Design und Kunst - HSV\",\"isPartOf\":{\"@id\":\"https:\\\/\\\/www.hsv-pi.nl\\\/#website\"},\"primaryImageOfPage\":{\"@id\":\"https:\\\/\\\/www.hsv-pi.nl\\\/de\\\/markte\\\/design-und-kunst\\\/#primaryimage\"},\"image\":{\"@id\":\"https:\\\/\\\/www.hsv-pi.nl\\\/de\\\/markte\\\/design-und-kunst\\\/#primaryimage\"},\"thumbnailUrl\":\"https:\\\/\\\/www.hsv-pi.nl\\\/wp-content\\\/uploads\\\/2016\\\/11\\\/hsv_robert_bronwasser92.jpg\",\"datePublished\":\"2016-12-26T16:05:08+00:00\",\"dateModified\":\"2021-12-09T10:31:58+00:00\",\"description\":\"Partikelsch\u00e4ume bieten volle Gestaltungsfreiheit und somit viel Raum f\u00fcr Kreativit\u00e4t. Auch K\u00fcnstler und Designer finden ihren Weg zu HSV.\",\"breadcrumb\":{\"@id\":\"https:\\\/\\\/www.hsv-pi.nl\\\/de\\\/markte\\\/design-und-kunst\\\/#breadcrumb\"},\"inLanguage\":\"de\",\"potentialAction\":[{\"@type\":\"ReadAction\",\"target\":[\"https:\\\/\\\/www.hsv-pi.nl\\\/de\\\/markte\\\/design-und-kunst\\\/\"]}]},{\"@type\":\"ImageObject\",\"inLanguage\":\"de\",\"@id\":\"https:\\\/\\\/www.hsv-pi.nl\\\/de\\\/markte\\\/design-und-kunst\\\/#primaryimage\",\"url\":\"https:\\\/\\\/www.hsv-pi.nl\\\/wp-content\\\/uploads\\\/2016\\\/11\\\/hsv_robert_bronwasser92.jpg\",\"contentUrl\":\"https:\\\/\\\/www.hsv-pi.nl\\\/wp-content\\\/uploads\\\/2016\\\/11\\\/hsv_robert_bronwasser92.jpg\",\"width\":780,\"height\":520},{\"@type\":\"BreadcrumbList\",\"@id\":\"https:\\\/\\\/www.hsv-pi.nl\\\/de\\\/markte\\\/design-und-kunst\\\/#breadcrumb\",\"itemListElement\":[{\"@type\":\"ListItem\",\"position\":1,\"name\":\"Home\",\"item\":\"https:\\\/\\\/www.hsv-pi.nl\\\/de\\\/\"},{\"@type\":\"ListItem\",\"position\":2,\"name\":\"M\u00e4rkte\",\"item\":\"https:\\\/\\\/www.hsv-pi.nl\\\/de\\\/markte\\\/\"},{\"@type\":\"ListItem\",\"position\":3,\"name\":\"Design und Kunst\"}]},{\"@type\":\"WebSite\",\"@id\":\"https:\\\/\\\/www.hsv-pi.nl\\\/#website\",\"url\":\"https:\\\/\\\/www.hsv-pi.nl\\\/\",\"name\":\"HSV\",\"description\":\"\",\"potentialAction\":[{\"@type\":\"SearchAction\",\"target\":{\"@type\":\"EntryPoint\",\"urlTemplate\":\"https:\\\/\\\/www.hsv-pi.nl\\\/?s={search_term_string}\"},\"query-input\":{\"@type\":\"PropertyValueSpecification\",\"valueRequired\":true,\"valueName\":\"search_term_string\"}}],\"inLanguage\":\"de\"}]}<\/script>\n<!-- \/ Yoast SEO plugin. -->","yoast_head_json":{"title":"Design und Kunst - HSV","description":"Partikelsch\u00e4ume bieten volle Gestaltungsfreiheit und somit viel Raum f\u00fcr Kreativit\u00e4t. Auch K\u00fcnstler und Designer finden ihren Weg zu HSV.","robots":{"index":"index","follow":"follow","max-snippet":"max-snippet:-1","max-image-preview":"max-image-preview:large","max-video-preview":"max-video-preview:-1"},"canonical":"https:\/\/www.hsv-pi.nl\/de\/markte\/design-und-kunst\/","og_locale":"de_DE","og_type":"article","og_title":"Design und Kunst - HSV","og_description":"Partikelsch\u00e4ume bieten volle Gestaltungsfreiheit und somit viel Raum f\u00fcr Kreativit\u00e4t. Auch K\u00fcnstler und Designer finden ihren Weg zu HSV.","og_url":"https:\/\/www.hsv-pi.nl\/de\/markte\/design-und-kunst\/","og_site_name":"HSV","article_modified_time":"2021-12-09T10:31:58+00:00","og_image":[{"width":780,"height":520,"url":"https:\/\/www.hsv-pi.nl\/wp-content\/uploads\/2016\/11\/hsv_robert_bronwasser92.jpg","type":"image\/jpeg"}],"twitter_card":"summary_large_image","twitter_misc":{"Gesch\u00e4tzte Lesezeit":"1\u00a0Minute"},"schema":{"@context":"https:\/\/schema.org","@graph":[{"@type":"WebPage","@id":"https:\/\/www.hsv-pi.nl\/de\/markte\/design-und-kunst\/","url":"https:\/\/www.hsv-pi.nl\/de\/markte\/design-und-kunst\/","name":"Design und Kunst - HSV","isPartOf":{"@id":"https:\/\/www.hsv-pi.nl\/#website"},"primaryImageOfPage":{"@id":"https:\/\/www.hsv-pi.nl\/de\/markte\/design-und-kunst\/#primaryimage"},"image":{"@id":"https:\/\/www.hsv-pi.nl\/de\/markte\/design-und-kunst\/#primaryimage"},"thumbnailUrl":"https:\/\/www.hsv-pi.nl\/wp-content\/uploads\/2016\/11\/hsv_robert_bronwasser92.jpg","datePublished":"2016-12-26T16:05:08+00:00","dateModified":"2021-12-09T10:31:58+00:00","description":"Partikelsch\u00e4ume bieten volle Gestaltungsfreiheit und somit viel Raum f\u00fcr Kreativit\u00e4t. Auch K\u00fcnstler und Designer finden ihren Weg zu HSV.","breadcrumb":{"@id":"https:\/\/www.hsv-pi.nl\/de\/markte\/design-und-kunst\/#breadcrumb"},"inLanguage":"de","potentialAction":[{"@type":"ReadAction","target":["https:\/\/www.hsv-pi.nl\/de\/markte\/design-und-kunst\/"]}]},{"@type":"ImageObject","inLanguage":"de","@id":"https:\/\/www.hsv-pi.nl\/de\/markte\/design-und-kunst\/#primaryimage","url":"https:\/\/www.hsv-pi.nl\/wp-content\/uploads\/2016\/11\/hsv_robert_bronwasser92.jpg","contentUrl":"https:\/\/www.hsv-pi.nl\/wp-content\/uploads\/2016\/11\/hsv_robert_bronwasser92.jpg","width":780,"height":520},{"@type":"BreadcrumbList","@id":"https:\/\/www.hsv-pi.nl\/de\/markte\/design-und-kunst\/#breadcrumb","itemListElement":[{"@type":"ListItem","position":1,"name":"Home","item":"https:\/\/www.hsv-pi.nl\/de\/"},{"@type":"ListItem","position":2,"name":"M\u00e4rkte","item":"https:\/\/www.hsv-pi.nl\/de\/markte\/"},{"@type":"ListItem","position":3,"name":"Design und Kunst"}]},{"@type":"WebSite","@id":"https:\/\/www.hsv-pi.nl\/#website","url":"https:\/\/www.hsv-pi.nl\/","name":"HSV","description":"","potentialAction":[{"@type":"SearchAction","target":{"@type":"EntryPoint","urlTemplate":"https:\/\/www.hsv-pi.nl\/?s={search_term_string}"},"query-input":{"@type":"PropertyValueSpecification","valueRequired":true,"valueName":"search_term_string"}}],"inLanguage":"de"}]}},"_links":{"self":[{"href":"https:\/\/www.hsv-pi.nl\/de\/wp-json\/wp\/v2\/pages\/2046","targetHints":{"allow":["GET"]}}],"collection":[{"href":"https:\/\/www.hsv-pi.nl\/de\/wp-json\/wp\/v2\/pages"}],"about":[{"href":"https:\/\/www.hsv-pi.nl\/de\/wp-json\/wp\/v2\/types\/page"}],"author":[{"embeddable":true,"href":"https:\/\/www.hsv-pi.nl\/de\/wp-json\/wp\/v2\/users\/1"}],"replies":[{"embeddable":true,"href":"https:\/\/www.hsv-pi.nl\/de\/wp-json\/wp\/v2\/comments?post=2046"}],"version-history":[{"count":0,"href":"https:\/\/www.hsv-pi.nl\/de\/wp-json\/wp\/v2\/pages\/2046\/revisions"}],"up":[{"embeddable":true,"href":"https:\/\/www.hsv-pi.nl\/de\/wp-json\/wp\/v2\/pages\/991"}],"wp:featuredmedia":[{"embeddable":true,"href":"https:\/\/www.hsv-pi.nl\/de\/wp-json\/wp\/v2\/media\/877"}],"wp:attachment":[{"href":"https:\/\/www.hsv-pi.nl\/de\/wp-json\/wp\/v2\/media?parent=2046"}],"curies":[{"name":"wp","href":"https:\/\/api.w.org\/{rel}","templated":true}]}}