{"id":2050,"date":"2016-12-26T17:13:22","date_gmt":"2016-12-26T16:13:22","guid":{"rendered":"http:\/\/178.22.63.228\/~hsvpi\/de\/markte\/luchtvaart\/"},"modified":"2017-10-05T15:34:08","modified_gmt":"2017-10-05T13:34:08","slug":"luftfahrtindustrie","status":"publish","type":"page","link":"https:\/\/www.hsv-pi.nl\/de\/markte\/luftfahrtindustrie\/","title":{"rendered":"Luftfahrtindustrie"},"content":{"rendered":"<p>Unsere Partikelsch\u00e4ume airpop\u00ae\u00a0engineered air (EPS), EPP und andere werden in unterschiedlichsten Branchen eingesetzt. Anwendungen mit diesen\u00a0Materialien spart Ihnen Zeit, Energie, Geld und \/ oder Gewicht. Sie bieten Schutz, Energieeinsparungen oder Vorteilein Bereichen,\u00a0in denen Sie es nicht erwartet h\u00e4tten.<\/p>\n<p>Eine prim\u00e4e Eigenschaft von Partikelsch\u00e4umen ist die Reduktion von Bauteilgewichten. Dies spiegelt sich selbstverst\u00e4ndlich unter anderem auch in Bauteilen der Luftfahrtindustrie wieder.<\/p>\n","protected":false},"excerpt":{"rendered":"<p>Unsere Partikelsch\u00e4ume airpop\u00ae\u00a0engineered air (EPS), EPP und andere werden in unterschiedlichsten Branchen eingesetzt. Anwendungen mit diesen\u00a0Materialien spart Ihnen Zeit, Energie,&#8230;<\/p>\n","protected":false},"author":1,"featured_media":2013,"parent":991,"menu_order":0,"comment_status":"closed","ping_status":"closed","template":"","meta":{"_acf_changed":false,"footnotes":""},"class_list":["post-2050","page","type-page","status-publish","has-post-thumbnail","hentry"],"acf":[],"yoast_head":"<!-- This site is optimized with the Yoast SEO plugin v27.5 - https:\/\/yoast.com\/product\/yoast-seo-wordpress\/ -->\n<title>Luftfahrtindustrie - HSV<\/title>\n<meta name=\"description\" content=\"HSV hat bereits zusammen mit der Luftfahrtindustrie in einer gemeinsamen verschiedene Gewichts- und Kosteneinsparungen, sowie Innovationen realisiert.\" \/>\n<meta name=\"robots\" content=\"index, follow, max-snippet:-1, max-image-preview:large, max-video-preview:-1\" \/>\n<link rel=\"canonical\" href=\"https:\/\/www.hsv-pi.nl\/de\/markte\/luftfahrtindustrie\/\" \/>\n<meta property=\"og:locale\" content=\"de_DE\" \/>\n<meta property=\"og:type\" content=\"article\" \/>\n<meta property=\"og:title\" content=\"Luftfahrtindustrie - HSV\" \/>\n<meta property=\"og:description\" content=\"HSV hat bereits zusammen mit der Luftfahrtindustrie in einer gemeinsamen verschiedene Gewichts- und Kosteneinsparungen, sowie Innovationen realisiert.\" \/>\n<meta property=\"og:url\" content=\"https:\/\/www.hsv-pi.nl\/de\/markte\/luftfahrtindustrie\/\" \/>\n<meta property=\"og:site_name\" content=\"HSV\" \/>\n<meta property=\"article:modified_time\" content=\"2017-10-05T13:34:08+00:00\" \/>\n<meta property=\"og:image\" content=\"https:\/\/www.hsv-pi.nl\/wp-content\/uploads\/2016\/12\/toepassing-gewichtsbesparing.png\" \/>\n\t<meta property=\"og:image:width\" content=\"742\" \/>\n\t<meta property=\"og:image:height\" content=\"274\" \/>\n\t<meta property=\"og:image:type\" content=\"image\/png\" \/>\n<meta name=\"twitter:card\" content=\"summary_large_image\" \/>\n<script type=\"application\/ld+json\" class=\"yoast-schema-graph\">{\"@context\":\"https:\\\/\\\/schema.org\",\"@graph\":[{\"@type\":\"WebPage\",\"@id\":\"https:\\\/\\\/www.hsv-pi.nl\\\/de\\\/markte\\\/luftfahrtindustrie\\\/\",\"url\":\"https:\\\/\\\/www.hsv-pi.nl\\\/de\\\/markte\\\/luftfahrtindustrie\\\/\",\"name\":\"Luftfahrtindustrie - HSV\",\"isPartOf\":{\"@id\":\"https:\\\/\\\/www.hsv-pi.nl\\\/#website\"},\"primaryImageOfPage\":{\"@id\":\"https:\\\/\\\/www.hsv-pi.nl\\\/de\\\/markte\\\/luftfahrtindustrie\\\/#primaryimage\"},\"image\":{\"@id\":\"https:\\\/\\\/www.hsv-pi.nl\\\/de\\\/markte\\\/luftfahrtindustrie\\\/#primaryimage\"},\"thumbnailUrl\":\"https:\\\/\\\/www.hsv-pi.nl\\\/wp-content\\\/uploads\\\/2016\\\/12\\\/toepassing-gewichtsbesparing.png\",\"datePublished\":\"2016-12-26T16:13:22+00:00\",\"dateModified\":\"2017-10-05T13:34:08+00:00\",\"description\":\"HSV hat bereits zusammen mit der Luftfahrtindustrie in einer gemeinsamen verschiedene Gewichts- und Kosteneinsparungen, sowie Innovationen realisiert.\",\"breadcrumb\":{\"@id\":\"https:\\\/\\\/www.hsv-pi.nl\\\/de\\\/markte\\\/luftfahrtindustrie\\\/#breadcrumb\"},\"inLanguage\":\"de\",\"potentialAction\":[{\"@type\":\"ReadAction\",\"target\":[\"https:\\\/\\\/www.hsv-pi.nl\\\/de\\\/markte\\\/luftfahrtindustrie\\\/\"]}]},{\"@type\":\"ImageObject\",\"inLanguage\":\"de\",\"@id\":\"https:\\\/\\\/www.hsv-pi.nl\\\/de\\\/markte\\\/luftfahrtindustrie\\\/#primaryimage\",\"url\":\"https:\\\/\\\/www.hsv-pi.nl\\\/wp-content\\\/uploads\\\/2016\\\/12\\\/toepassing-gewichtsbesparing.png\",\"contentUrl\":\"https:\\\/\\\/www.hsv-pi.nl\\\/wp-content\\\/uploads\\\/2016\\\/12\\\/toepassing-gewichtsbesparing.png\",\"width\":742,\"height\":274},{\"@type\":\"BreadcrumbList\",\"@id\":\"https:\\\/\\\/www.hsv-pi.nl\\\/de\\\/markte\\\/luftfahrtindustrie\\\/#breadcrumb\",\"itemListElement\":[{\"@type\":\"ListItem\",\"position\":1,\"name\":\"Home\",\"item\":\"https:\\\/\\\/www.hsv-pi.nl\\\/de\\\/\"},{\"@type\":\"ListItem\",\"position\":2,\"name\":\"M\u00e4rkte\",\"item\":\"https:\\\/\\\/www.hsv-pi.nl\\\/de\\\/markte\\\/\"},{\"@type\":\"ListItem\",\"position\":3,\"name\":\"Luftfahrtindustrie\"}]},{\"@type\":\"WebSite\",\"@id\":\"https:\\\/\\\/www.hsv-pi.nl\\\/#website\",\"url\":\"https:\\\/\\\/www.hsv-pi.nl\\\/\",\"name\":\"HSV\",\"description\":\"\",\"potentialAction\":[{\"@type\":\"SearchAction\",\"target\":{\"@type\":\"EntryPoint\",\"urlTemplate\":\"https:\\\/\\\/www.hsv-pi.nl\\\/?s={search_term_string}\"},\"query-input\":{\"@type\":\"PropertyValueSpecification\",\"valueRequired\":true,\"valueName\":\"search_term_string\"}}],\"inLanguage\":\"de\"}]}<\/script>\n<!-- \/ Yoast SEO plugin. -->","yoast_head_json":{"title":"Luftfahrtindustrie - HSV","description":"HSV hat bereits zusammen mit der Luftfahrtindustrie in einer gemeinsamen verschiedene Gewichts- und Kosteneinsparungen, sowie Innovationen realisiert.","robots":{"index":"index","follow":"follow","max-snippet":"max-snippet:-1","max-image-preview":"max-image-preview:large","max-video-preview":"max-video-preview:-1"},"canonical":"https:\/\/www.hsv-pi.nl\/de\/markte\/luftfahrtindustrie\/","og_locale":"de_DE","og_type":"article","og_title":"Luftfahrtindustrie - HSV","og_description":"HSV hat bereits zusammen mit der Luftfahrtindustrie in einer gemeinsamen verschiedene Gewichts- und Kosteneinsparungen, sowie Innovationen realisiert.","og_url":"https:\/\/www.hsv-pi.nl\/de\/markte\/luftfahrtindustrie\/","og_site_name":"HSV","article_modified_time":"2017-10-05T13:34:08+00:00","og_image":[{"width":742,"height":274,"url":"https:\/\/www.hsv-pi.nl\/wp-content\/uploads\/2016\/12\/toepassing-gewichtsbesparing.png","type":"image\/png"}],"twitter_card":"summary_large_image","schema":{"@context":"https:\/\/schema.org","@graph":[{"@type":"WebPage","@id":"https:\/\/www.hsv-pi.nl\/de\/markte\/luftfahrtindustrie\/","url":"https:\/\/www.hsv-pi.nl\/de\/markte\/luftfahrtindustrie\/","name":"Luftfahrtindustrie - HSV","isPartOf":{"@id":"https:\/\/www.hsv-pi.nl\/#website"},"primaryImageOfPage":{"@id":"https:\/\/www.hsv-pi.nl\/de\/markte\/luftfahrtindustrie\/#primaryimage"},"image":{"@id":"https:\/\/www.hsv-pi.nl\/de\/markte\/luftfahrtindustrie\/#primaryimage"},"thumbnailUrl":"https:\/\/www.hsv-pi.nl\/wp-content\/uploads\/2016\/12\/toepassing-gewichtsbesparing.png","datePublished":"2016-12-26T16:13:22+00:00","dateModified":"2017-10-05T13:34:08+00:00","description":"HSV hat bereits zusammen mit der Luftfahrtindustrie in einer gemeinsamen verschiedene Gewichts- und Kosteneinsparungen, sowie Innovationen realisiert.","breadcrumb":{"@id":"https:\/\/www.hsv-pi.nl\/de\/markte\/luftfahrtindustrie\/#breadcrumb"},"inLanguage":"de","potentialAction":[{"@type":"ReadAction","target":["https:\/\/www.hsv-pi.nl\/de\/markte\/luftfahrtindustrie\/"]}]},{"@type":"ImageObject","inLanguage":"de","@id":"https:\/\/www.hsv-pi.nl\/de\/markte\/luftfahrtindustrie\/#primaryimage","url":"https:\/\/www.hsv-pi.nl\/wp-content\/uploads\/2016\/12\/toepassing-gewichtsbesparing.png","contentUrl":"https:\/\/www.hsv-pi.nl\/wp-content\/uploads\/2016\/12\/toepassing-gewichtsbesparing.png","width":742,"height":274},{"@type":"BreadcrumbList","@id":"https:\/\/www.hsv-pi.nl\/de\/markte\/luftfahrtindustrie\/#breadcrumb","itemListElement":[{"@type":"ListItem","position":1,"name":"Home","item":"https:\/\/www.hsv-pi.nl\/de\/"},{"@type":"ListItem","position":2,"name":"M\u00e4rkte","item":"https:\/\/www.hsv-pi.nl\/de\/markte\/"},{"@type":"ListItem","position":3,"name":"Luftfahrtindustrie"}]},{"@type":"WebSite","@id":"https:\/\/www.hsv-pi.nl\/#website","url":"https:\/\/www.hsv-pi.nl\/","name":"HSV","description":"","potentialAction":[{"@type":"SearchAction","target":{"@type":"EntryPoint","urlTemplate":"https:\/\/www.hsv-pi.nl\/?s={search_term_string}"},"query-input":{"@type":"PropertyValueSpecification","valueRequired":true,"valueName":"search_term_string"}}],"inLanguage":"de"}]}},"_links":{"self":[{"href":"https:\/\/www.hsv-pi.nl\/de\/wp-json\/wp\/v2\/pages\/2050","targetHints":{"allow":["GET"]}}],"collection":[{"href":"https:\/\/www.hsv-pi.nl\/de\/wp-json\/wp\/v2\/pages"}],"about":[{"href":"https:\/\/www.hsv-pi.nl\/de\/wp-json\/wp\/v2\/types\/page"}],"author":[{"embeddable":true,"href":"https:\/\/www.hsv-pi.nl\/de\/wp-json\/wp\/v2\/users\/1"}],"replies":[{"embeddable":true,"href":"https:\/\/www.hsv-pi.nl\/de\/wp-json\/wp\/v2\/comments?post=2050"}],"version-history":[{"count":0,"href":"https:\/\/www.hsv-pi.nl\/de\/wp-json\/wp\/v2\/pages\/2050\/revisions"}],"up":[{"embeddable":true,"href":"https:\/\/www.hsv-pi.nl\/de\/wp-json\/wp\/v2\/pages\/991"}],"wp:featuredmedia":[{"embeddable":true,"href":"https:\/\/www.hsv-pi.nl\/de\/wp-json\/wp\/v2\/media\/2013"}],"wp:attachment":[{"href":"https:\/\/www.hsv-pi.nl\/de\/wp-json\/wp\/v2\/media?parent=2050"}],"curies":[{"name":"wp","href":"https:\/\/api.w.org\/{rel}","templated":true}]}}