{"id":2056,"date":"2016-12-26T16:08:22","date_gmt":"2016-12-26T15:08:22","guid":{"rendered":"http:\/\/178.22.63.228\/~hsvpi\/de\/markte\/visserij\/"},"modified":"2021-12-09T13:15:25","modified_gmt":"2021-12-09T12:15:25","slug":"fischindustrie","status":"publish","type":"page","link":"https:\/\/www.hsv-pi.nl\/de\/markte\/fischindustrie\/","title":{"rendered":"Fischindustrie"},"content":{"rendered":"<p>Unsere Partikelsch\u00e4ume EPS (airpop\u00ae engineered air), EPP und andere werden in unterschiedlichsten Branchen eingesetzt. Anwendungen mit diesen Materialien spart Ihnen Zeit, Energie, Geld und \/ oder Gewicht. Sie bieten Schutz, Energieeinsparungen oder Vorteile <span style=\"text-decoration: line-through;\">\u00a0<\/span>in Bereichen,\u00a0in denen Sie es nicht erwartet h\u00e4tten.<\/p>\n<p style=\"background: white;\"><span style=\"font-family: Georgia; color: #000000;\">Um die Frische und Qualit\u00e4t des Fisches zu gew\u00e4rleisten muss er sofort nach dem Fang gek\u00fchlt werden.<\/span><\/p>\n","protected":false},"excerpt":{"rendered":"<p>Unsere Partikelsch\u00e4ume EPS (airpop\u00ae engineered air), EPP und andere werden in unterschiedlichsten Branchen eingesetzt. Anwendungen mit diesen Materialien spart Ihnen&#8230;<\/p>\n","protected":false},"author":1,"featured_media":1769,"parent":991,"menu_order":0,"comment_status":"closed","ping_status":"closed","template":"","meta":{"_acf_changed":false,"footnotes":""},"class_list":["post-2056","page","type-page","status-publish","has-post-thumbnail","hentry"],"acf":[],"yoast_head":"<!-- This site is optimized with the Yoast SEO plugin v27.5 - https:\/\/yoast.com\/product\/yoast-seo-wordpress\/ -->\n<title>Fischindustrie - HSV<\/title>\n<meta name=\"description\" content=\"EPP ist robust, und kann harte St\u00f6\u00dfe extrem gut absorbieren. Kein Wunder, dass die Fischerindustrie Ihren Weg in Richtung HSV gefunden hat.\" \/>\n<meta name=\"robots\" content=\"index, follow, max-snippet:-1, max-image-preview:large, max-video-preview:-1\" \/>\n<link rel=\"canonical\" href=\"https:\/\/www.hsv-pi.nl\/de\/markte\/fischindustrie\/\" \/>\n<meta property=\"og:locale\" content=\"de_DE\" \/>\n<meta property=\"og:type\" content=\"article\" \/>\n<meta property=\"og:title\" content=\"Fischindustrie - HSV\" \/>\n<meta property=\"og:description\" content=\"EPP ist robust, und kann harte St\u00f6\u00dfe extrem gut absorbieren. Kein Wunder, dass die Fischerindustrie Ihren Weg in Richtung HSV gefunden hat.\" \/>\n<meta property=\"og:url\" content=\"https:\/\/www.hsv-pi.nl\/de\/markte\/fischindustrie\/\" \/>\n<meta property=\"og:site_name\" content=\"HSV\" \/>\n<meta property=\"article:modified_time\" content=\"2021-12-09T12:15:25+00:00\" \/>\n<meta property=\"og:image\" content=\"https:\/\/www.hsv-pi.nl\/wp-content\/uploads\/2016\/12\/IMG_20161019_105142.jpg\" \/>\n\t<meta property=\"og:image:width\" content=\"4160\" \/>\n\t<meta property=\"og:image:height\" content=\"2336\" \/>\n\t<meta property=\"og:image:type\" content=\"image\/jpeg\" \/>\n<meta name=\"twitter:card\" content=\"summary_large_image\" \/>\n<meta name=\"twitter:label1\" content=\"Gesch\u00e4tzte Lesezeit\" \/>\n\t<meta name=\"twitter:data1\" content=\"1\u00a0Minute\" \/>\n<script type=\"application\/ld+json\" class=\"yoast-schema-graph\">{\"@context\":\"https:\\\/\\\/schema.org\",\"@graph\":[{\"@type\":\"WebPage\",\"@id\":\"https:\\\/\\\/www.hsv-pi.nl\\\/de\\\/markte\\\/fischindustrie\\\/\",\"url\":\"https:\\\/\\\/www.hsv-pi.nl\\\/de\\\/markte\\\/fischindustrie\\\/\",\"name\":\"Fischindustrie - HSV\",\"isPartOf\":{\"@id\":\"https:\\\/\\\/www.hsv-pi.nl\\\/#website\"},\"primaryImageOfPage\":{\"@id\":\"https:\\\/\\\/www.hsv-pi.nl\\\/de\\\/markte\\\/fischindustrie\\\/#primaryimage\"},\"image\":{\"@id\":\"https:\\\/\\\/www.hsv-pi.nl\\\/de\\\/markte\\\/fischindustrie\\\/#primaryimage\"},\"thumbnailUrl\":\"https:\\\/\\\/www.hsv-pi.nl\\\/wp-content\\\/uploads\\\/2016\\\/12\\\/IMG_20161019_105142.jpg\",\"datePublished\":\"2016-12-26T15:08:22+00:00\",\"dateModified\":\"2021-12-09T12:15:25+00:00\",\"description\":\"EPP ist robust, und kann harte St\u00f6\u00dfe extrem gut absorbieren. Kein Wunder, dass die Fischerindustrie Ihren Weg in Richtung HSV gefunden hat.\",\"breadcrumb\":{\"@id\":\"https:\\\/\\\/www.hsv-pi.nl\\\/de\\\/markte\\\/fischindustrie\\\/#breadcrumb\"},\"inLanguage\":\"de\",\"potentialAction\":[{\"@type\":\"ReadAction\",\"target\":[\"https:\\\/\\\/www.hsv-pi.nl\\\/de\\\/markte\\\/fischindustrie\\\/\"]}]},{\"@type\":\"ImageObject\",\"inLanguage\":\"de\",\"@id\":\"https:\\\/\\\/www.hsv-pi.nl\\\/de\\\/markte\\\/fischindustrie\\\/#primaryimage\",\"url\":\"https:\\\/\\\/www.hsv-pi.nl\\\/wp-content\\\/uploads\\\/2016\\\/12\\\/IMG_20161019_105142.jpg\",\"contentUrl\":\"https:\\\/\\\/www.hsv-pi.nl\\\/wp-content\\\/uploads\\\/2016\\\/12\\\/IMG_20161019_105142.jpg\",\"width\":4160,\"height\":2336},{\"@type\":\"BreadcrumbList\",\"@id\":\"https:\\\/\\\/www.hsv-pi.nl\\\/de\\\/markte\\\/fischindustrie\\\/#breadcrumb\",\"itemListElement\":[{\"@type\":\"ListItem\",\"position\":1,\"name\":\"Home\",\"item\":\"https:\\\/\\\/www.hsv-pi.nl\\\/de\\\/\"},{\"@type\":\"ListItem\",\"position\":2,\"name\":\"M\u00e4rkte\",\"item\":\"https:\\\/\\\/www.hsv-pi.nl\\\/de\\\/markte\\\/\"},{\"@type\":\"ListItem\",\"position\":3,\"name\":\"Fischindustrie\"}]},{\"@type\":\"WebSite\",\"@id\":\"https:\\\/\\\/www.hsv-pi.nl\\\/#website\",\"url\":\"https:\\\/\\\/www.hsv-pi.nl\\\/\",\"name\":\"HSV\",\"description\":\"\",\"potentialAction\":[{\"@type\":\"SearchAction\",\"target\":{\"@type\":\"EntryPoint\",\"urlTemplate\":\"https:\\\/\\\/www.hsv-pi.nl\\\/?s={search_term_string}\"},\"query-input\":{\"@type\":\"PropertyValueSpecification\",\"valueRequired\":true,\"valueName\":\"search_term_string\"}}],\"inLanguage\":\"de\"}]}<\/script>\n<!-- \/ Yoast SEO plugin. -->","yoast_head_json":{"title":"Fischindustrie - HSV","description":"EPP ist robust, und kann harte St\u00f6\u00dfe extrem gut absorbieren. Kein Wunder, dass die Fischerindustrie Ihren Weg in Richtung HSV gefunden hat.","robots":{"index":"index","follow":"follow","max-snippet":"max-snippet:-1","max-image-preview":"max-image-preview:large","max-video-preview":"max-video-preview:-1"},"canonical":"https:\/\/www.hsv-pi.nl\/de\/markte\/fischindustrie\/","og_locale":"de_DE","og_type":"article","og_title":"Fischindustrie - HSV","og_description":"EPP ist robust, und kann harte St\u00f6\u00dfe extrem gut absorbieren. Kein Wunder, dass die Fischerindustrie Ihren Weg in Richtung HSV gefunden hat.","og_url":"https:\/\/www.hsv-pi.nl\/de\/markte\/fischindustrie\/","og_site_name":"HSV","article_modified_time":"2021-12-09T12:15:25+00:00","og_image":[{"width":4160,"height":2336,"url":"https:\/\/www.hsv-pi.nl\/wp-content\/uploads\/2016\/12\/IMG_20161019_105142.jpg","type":"image\/jpeg"}],"twitter_card":"summary_large_image","twitter_misc":{"Gesch\u00e4tzte Lesezeit":"1\u00a0Minute"},"schema":{"@context":"https:\/\/schema.org","@graph":[{"@type":"WebPage","@id":"https:\/\/www.hsv-pi.nl\/de\/markte\/fischindustrie\/","url":"https:\/\/www.hsv-pi.nl\/de\/markte\/fischindustrie\/","name":"Fischindustrie - HSV","isPartOf":{"@id":"https:\/\/www.hsv-pi.nl\/#website"},"primaryImageOfPage":{"@id":"https:\/\/www.hsv-pi.nl\/de\/markte\/fischindustrie\/#primaryimage"},"image":{"@id":"https:\/\/www.hsv-pi.nl\/de\/markte\/fischindustrie\/#primaryimage"},"thumbnailUrl":"https:\/\/www.hsv-pi.nl\/wp-content\/uploads\/2016\/12\/IMG_20161019_105142.jpg","datePublished":"2016-12-26T15:08:22+00:00","dateModified":"2021-12-09T12:15:25+00:00","description":"EPP ist robust, und kann harte St\u00f6\u00dfe extrem gut absorbieren. Kein Wunder, dass die Fischerindustrie Ihren Weg in Richtung HSV gefunden hat.","breadcrumb":{"@id":"https:\/\/www.hsv-pi.nl\/de\/markte\/fischindustrie\/#breadcrumb"},"inLanguage":"de","potentialAction":[{"@type":"ReadAction","target":["https:\/\/www.hsv-pi.nl\/de\/markte\/fischindustrie\/"]}]},{"@type":"ImageObject","inLanguage":"de","@id":"https:\/\/www.hsv-pi.nl\/de\/markte\/fischindustrie\/#primaryimage","url":"https:\/\/www.hsv-pi.nl\/wp-content\/uploads\/2016\/12\/IMG_20161019_105142.jpg","contentUrl":"https:\/\/www.hsv-pi.nl\/wp-content\/uploads\/2016\/12\/IMG_20161019_105142.jpg","width":4160,"height":2336},{"@type":"BreadcrumbList","@id":"https:\/\/www.hsv-pi.nl\/de\/markte\/fischindustrie\/#breadcrumb","itemListElement":[{"@type":"ListItem","position":1,"name":"Home","item":"https:\/\/www.hsv-pi.nl\/de\/"},{"@type":"ListItem","position":2,"name":"M\u00e4rkte","item":"https:\/\/www.hsv-pi.nl\/de\/markte\/"},{"@type":"ListItem","position":3,"name":"Fischindustrie"}]},{"@type":"WebSite","@id":"https:\/\/www.hsv-pi.nl\/#website","url":"https:\/\/www.hsv-pi.nl\/","name":"HSV","description":"","potentialAction":[{"@type":"SearchAction","target":{"@type":"EntryPoint","urlTemplate":"https:\/\/www.hsv-pi.nl\/?s={search_term_string}"},"query-input":{"@type":"PropertyValueSpecification","valueRequired":true,"valueName":"search_term_string"}}],"inLanguage":"de"}]}},"_links":{"self":[{"href":"https:\/\/www.hsv-pi.nl\/de\/wp-json\/wp\/v2\/pages\/2056","targetHints":{"allow":["GET"]}}],"collection":[{"href":"https:\/\/www.hsv-pi.nl\/de\/wp-json\/wp\/v2\/pages"}],"about":[{"href":"https:\/\/www.hsv-pi.nl\/de\/wp-json\/wp\/v2\/types\/page"}],"author":[{"embeddable":true,"href":"https:\/\/www.hsv-pi.nl\/de\/wp-json\/wp\/v2\/users\/1"}],"replies":[{"embeddable":true,"href":"https:\/\/www.hsv-pi.nl\/de\/wp-json\/wp\/v2\/comments?post=2056"}],"version-history":[{"count":0,"href":"https:\/\/www.hsv-pi.nl\/de\/wp-json\/wp\/v2\/pages\/2056\/revisions"}],"up":[{"embeddable":true,"href":"https:\/\/www.hsv-pi.nl\/de\/wp-json\/wp\/v2\/pages\/991"}],"wp:featuredmedia":[{"embeddable":true,"href":"https:\/\/www.hsv-pi.nl\/de\/wp-json\/wp\/v2\/media\/1769"}],"wp:attachment":[{"href":"https:\/\/www.hsv-pi.nl\/de\/wp-json\/wp\/v2\/media?parent=2056"}],"curies":[{"name":"wp","href":"https:\/\/api.w.org\/{rel}","templated":true}]}}