{"id":3728,"date":"2019-03-27T10:37:37","date_gmt":"2019-03-27T09:37:37","guid":{"rendered":"https:\/\/www.hsv-pi.nl\/uw-product-duurzaam-produceren\/"},"modified":"2023-01-25T17:08:16","modified_gmt":"2023-01-25T16:08:16","slug":"ihr-produkt-nachhaltig-produziert","status":"publish","type":"page","link":"https:\/\/www.hsv-pi.nl\/de\/ihr-produkt-nachhaltig-produziert\/","title":{"rendered":"Ihr Produkt \u2013 nachhaltig produziert"},"content":{"rendered":"<h1>Ihr Produkt \u2013 nachhaltig produziert<\/h1>\n<p>Bei nachhaltiger Produktion trotzdem Kosten sparen? Die Partikelschaum-Ingenieure von HSV haben die L\u00f6sung f\u00fcr Sie! Durch den Einsatz von Partikelsch\u00e4umen und die clevere Kombination verschiedener Materialsorten und Fertigungstechniken bietet Ihnen HSV Produktl\u00f6sungen in einer breiten Palette an. Solche Produktl\u00f6sungen werden intern bei uns entwickelt und dann auch in der Produktion umgesetzt. Unsere Fertigungsst\u00e4tten nutzen nachhaltig erzeugten Dampf (hyperlink pagina duurzame stoom) und erneuerbare Energien. Bei minimalem Rohstoffverbrauch entwickeln wir f\u00fcr Sie Produkte mit m\u00f6glichst optimalen Eigenschaften, die am Ende ihrer Lebensdauer recycelt werden k\u00f6nnen. Mit der Verwendung von Partikelsch\u00e4umen kn\u00fcpfen wir daher auch perfekt ans Konzept der Kreislaufwirtschaft an.<\/p>\n<h2>Ihr Produkt &#8211; nachhaltig produziert<\/h2>\n<p>M\u00f6chten auch Sie Ihr Produkt nachhaltig produzieren und einen wertvollen Beitrag zur Kreislaufwirtschaft leisten? Sind Sie auf der Suche nach einem hochwertigen Material mit extrem best\u00e4ndigen Eigenschaften oder nach Bauteilen f\u00fcr eine Leichtgewicht-Konstruktion, die sowohl innen wie au\u00dfen anwendbar ist?<\/p>\n<p>Die Partikelschaum-Ingenieure von HSV setzen f\u00fcr Sie alle daf\u00fcr erforderlichen Anlagen und das firmeninterne Fachwissen ein \u2013 egal ob Designentwurf, Fertigung oder Montage. So tragen wir zur Realisierung nachhaltiger Produkte bei, die Ihnen gleich auf mehreren Ebenen Einsparungen bescheren. Durch den Einsatz von Partikelsch\u00e4umen sind Sie bei der Formgebung Ihres Produktdesigns v\u00f6llig frei. Au\u00dferdem besitzt das Material ausgezeichnete D\u00e4mmeigenschaften. W\u00e4hrend die hervorragenden sto\u00dfd\u00e4mpfenden Eigenschaften f\u00fcr maximalen Aufprallschutz sorgen, ist das Material selbst ein absolutes Leichtgewicht. Auch Produktkombinationen aus festen und expandierbaren Kunststoffen, die sogenannten <a href=\"https:\/\/www.hsv-pi.nl\/de\/engineering-mit-mehrwert\/\">Project+ l\u00f6sungen<\/a> von HSV, sind m\u00f6glich. Hinzu kommt, dass Partikelsch\u00e4ume immer wieder recycelf\u00e4hig sind.<\/p>\n<h2>Die Vorteile von Partikelsch\u00e4umen<\/h2>\n<p>Dies sind die diversen Vorteile von Partikelsch\u00e4umen im \u00dcberblick:<\/p>\n<ul>\n<li>Beliebige Formen, speziell f\u00fcr Sie nach Ihren W\u00fcnschen entwickelt<\/li>\n<li>Sparsam im Gewicht<\/li>\n<li>Optimal sto\u00df- und energieabsorbierend f\u00fcr einen maximalen Aufprallschutz<\/li>\n<li>Federleicht und robust<\/li>\n<li>Nachhaltig und im Einklang mit der Kreislaufwirtschaft<\/li>\n<li>Leicht zu reinigen<\/li>\n<li>Erheblich g\u00fcnstiger bei Transport und Logistik Ihrer Organisation<\/li>\n<\/ul>\n<p>HSV ist zertifiziert nach <a href=\"https:\/\/www.hsv-pi.nl\/wp-content\/uploads\/2017\/04\/HSV-PI-ISO-certificaat-2023-2026.pdf\" target=\"_blank\" rel=\"noopener\">ISO 9001:2015<\/a>\u00a0und nach <a href=\"https:\/\/www.hsv.pl\/wp-content\/uploads\/2017\/04\/certificate-16949-2016-1th-editon-hsv-kunststoffe-.jpg\">ISO-TS 16949:2016<\/a>.<\/p>\n<p>Partikelsch\u00e4ume von HSV finden vielfach Anwendung in der Industrie. Dazu z\u00e4hlen die <a href=\"https:\/\/www.hsv-pi.nl\/de\/markte\/automobilbranche\/\">Automobil-<\/a> und Bauindustrie, die <a href=\"https:\/\/www.hsv-pi.nl\/de\/markte\/phpharmaindustrie-und-gesundheitswesen\/\">Pharmaindustrie<\/a>, das Gesundheitswesen, der <a href=\"https:\/\/www.hsv-pi.nl\/de\/markte\/fischindustrie\/\">Fischereisektor<\/a>, die HLK- und die <a href=\"https:\/\/www.hsv-pi.nl\/de\/markte\/elektronik\/\">Elektronikbranche<\/a>, die <a href=\"https:\/\/www.hsv-pi.nl\/de\/markte\/weissgeraetebereich\/\">Haushaltsger\u00e4teindustrie<\/a>, der <a href=\"https:\/\/www.hsv-pi.nl\/de\/markte\/landwirtschaftsindustrie\/\">Agragsektor<\/a>, die Nahrungsmittelindustrie und das Design- und Kunstgewerbe.<\/p>\n<p>Entdecken Sie den Mehrwert und die M\u00f6glichkeiten unserer Materialien und Materialkombinationen f\u00fcr die Entwicklung und Produktion Ihrer nachhaltigen Produkte.<\/p>\n","protected":false},"excerpt":{"rendered":"<p>Ihr Produkt \u2013 nachhaltig produziert Bei nachhaltiger Produktion trotzdem Kosten sparen? Die Partikelschaum-Ingenieure von HSV haben die L\u00f6sung f\u00fcr Sie!&#8230;<\/p>\n","protected":false},"author":1,"featured_media":0,"parent":0,"menu_order":0,"comment_status":"closed","ping_status":"closed","template":"front-page.php","meta":{"_acf_changed":false,"footnotes":""},"class_list":["post-3728","page","type-page","status-publish","hentry"],"acf":[],"yoast_head":"<!-- This site is optimized with the Yoast SEO plugin v27.5 - https:\/\/yoast.com\/product\/yoast-seo-wordpress\/ -->\n<title>Ihr Produkt \u2013 nachhaltig produziert - HSV<\/title>\n<meta name=\"description\" content=\"Bei den Partikelschaum-Ingenieuren von HSV k\u00f6nnen Sie Ihr Produkt nachhaltig produzieren lassen und zugleich Kosten sparen.\" \/>\n<meta name=\"robots\" content=\"index, follow, max-snippet:-1, max-image-preview:large, max-video-preview:-1\" \/>\n<link rel=\"canonical\" href=\"https:\/\/www.hsv-pi.nl\/de\/ihr-produkt-nachhaltig-produziert\/\" \/>\n<meta property=\"og:locale\" content=\"de_DE\" \/>\n<meta property=\"og:type\" content=\"article\" \/>\n<meta property=\"og:title\" content=\"Ihr Produkt \u2013 nachhaltig produziert - HSV\" \/>\n<meta property=\"og:description\" content=\"Bei den Partikelschaum-Ingenieuren von HSV k\u00f6nnen Sie Ihr Produkt nachhaltig produzieren lassen und zugleich Kosten sparen.\" \/>\n<meta property=\"og:url\" content=\"https:\/\/www.hsv-pi.nl\/de\/ihr-produkt-nachhaltig-produziert\/\" \/>\n<meta property=\"og:site_name\" content=\"HSV\" \/>\n<meta property=\"article:modified_time\" content=\"2023-01-25T16:08:16+00:00\" \/>\n<meta name=\"twitter:card\" content=\"summary_large_image\" \/>\n<meta name=\"twitter:label1\" content=\"Gesch\u00e4tzte Lesezeit\" \/>\n\t<meta name=\"twitter:data1\" content=\"2\u00a0Minuten\" \/>\n<script type=\"application\/ld+json\" class=\"yoast-schema-graph\">{\"@context\":\"https:\\\/\\\/schema.org\",\"@graph\":[{\"@type\":\"WebPage\",\"@id\":\"https:\\\/\\\/www.hsv-pi.nl\\\/de\\\/ihr-produkt-nachhaltig-produziert\\\/\",\"url\":\"https:\\\/\\\/www.hsv-pi.nl\\\/de\\\/ihr-produkt-nachhaltig-produziert\\\/\",\"name\":\"Ihr Produkt \u2013 nachhaltig produziert - HSV\",\"isPartOf\":{\"@id\":\"https:\\\/\\\/www.hsv-pi.nl\\\/#website\"},\"datePublished\":\"2019-03-27T09:37:37+00:00\",\"dateModified\":\"2023-01-25T16:08:16+00:00\",\"description\":\"Bei den Partikelschaum-Ingenieuren von HSV k\u00f6nnen Sie Ihr Produkt nachhaltig produzieren lassen und zugleich Kosten sparen.\",\"breadcrumb\":{\"@id\":\"https:\\\/\\\/www.hsv-pi.nl\\\/de\\\/ihr-produkt-nachhaltig-produziert\\\/#breadcrumb\"},\"inLanguage\":\"de\",\"potentialAction\":[{\"@type\":\"ReadAction\",\"target\":[\"https:\\\/\\\/www.hsv-pi.nl\\\/de\\\/ihr-produkt-nachhaltig-produziert\\\/\"]}]},{\"@type\":\"BreadcrumbList\",\"@id\":\"https:\\\/\\\/www.hsv-pi.nl\\\/de\\\/ihr-produkt-nachhaltig-produziert\\\/#breadcrumb\",\"itemListElement\":[{\"@type\":\"ListItem\",\"position\":1,\"name\":\"Home\",\"item\":\"https:\\\/\\\/www.hsv-pi.nl\\\/de\\\/\"},{\"@type\":\"ListItem\",\"position\":2,\"name\":\"Ihr Produkt \u2013 nachhaltig produziert\"}]},{\"@type\":\"WebSite\",\"@id\":\"https:\\\/\\\/www.hsv-pi.nl\\\/#website\",\"url\":\"https:\\\/\\\/www.hsv-pi.nl\\\/\",\"name\":\"HSV\",\"description\":\"\",\"potentialAction\":[{\"@type\":\"SearchAction\",\"target\":{\"@type\":\"EntryPoint\",\"urlTemplate\":\"https:\\\/\\\/www.hsv-pi.nl\\\/?s={search_term_string}\"},\"query-input\":{\"@type\":\"PropertyValueSpecification\",\"valueRequired\":true,\"valueName\":\"search_term_string\"}}],\"inLanguage\":\"de\"}]}<\/script>\n<!-- \/ Yoast SEO plugin. -->","yoast_head_json":{"title":"Ihr Produkt \u2013 nachhaltig produziert - HSV","description":"Bei den Partikelschaum-Ingenieuren von HSV k\u00f6nnen Sie Ihr Produkt nachhaltig produzieren lassen und zugleich Kosten sparen.","robots":{"index":"index","follow":"follow","max-snippet":"max-snippet:-1","max-image-preview":"max-image-preview:large","max-video-preview":"max-video-preview:-1"},"canonical":"https:\/\/www.hsv-pi.nl\/de\/ihr-produkt-nachhaltig-produziert\/","og_locale":"de_DE","og_type":"article","og_title":"Ihr Produkt \u2013 nachhaltig produziert - HSV","og_description":"Bei den Partikelschaum-Ingenieuren von HSV k\u00f6nnen Sie Ihr Produkt nachhaltig produzieren lassen und zugleich Kosten sparen.","og_url":"https:\/\/www.hsv-pi.nl\/de\/ihr-produkt-nachhaltig-produziert\/","og_site_name":"HSV","article_modified_time":"2023-01-25T16:08:16+00:00","twitter_card":"summary_large_image","twitter_misc":{"Gesch\u00e4tzte Lesezeit":"2\u00a0Minuten"},"schema":{"@context":"https:\/\/schema.org","@graph":[{"@type":"WebPage","@id":"https:\/\/www.hsv-pi.nl\/de\/ihr-produkt-nachhaltig-produziert\/","url":"https:\/\/www.hsv-pi.nl\/de\/ihr-produkt-nachhaltig-produziert\/","name":"Ihr Produkt \u2013 nachhaltig produziert - HSV","isPartOf":{"@id":"https:\/\/www.hsv-pi.nl\/#website"},"datePublished":"2019-03-27T09:37:37+00:00","dateModified":"2023-01-25T16:08:16+00:00","description":"Bei den Partikelschaum-Ingenieuren von HSV k\u00f6nnen Sie Ihr Produkt nachhaltig produzieren lassen und zugleich Kosten sparen.","breadcrumb":{"@id":"https:\/\/www.hsv-pi.nl\/de\/ihr-produkt-nachhaltig-produziert\/#breadcrumb"},"inLanguage":"de","potentialAction":[{"@type":"ReadAction","target":["https:\/\/www.hsv-pi.nl\/de\/ihr-produkt-nachhaltig-produziert\/"]}]},{"@type":"BreadcrumbList","@id":"https:\/\/www.hsv-pi.nl\/de\/ihr-produkt-nachhaltig-produziert\/#breadcrumb","itemListElement":[{"@type":"ListItem","position":1,"name":"Home","item":"https:\/\/www.hsv-pi.nl\/de\/"},{"@type":"ListItem","position":2,"name":"Ihr Produkt \u2013 nachhaltig produziert"}]},{"@type":"WebSite","@id":"https:\/\/www.hsv-pi.nl\/#website","url":"https:\/\/www.hsv-pi.nl\/","name":"HSV","description":"","potentialAction":[{"@type":"SearchAction","target":{"@type":"EntryPoint","urlTemplate":"https:\/\/www.hsv-pi.nl\/?s={search_term_string}"},"query-input":{"@type":"PropertyValueSpecification","valueRequired":true,"valueName":"search_term_string"}}],"inLanguage":"de"}]}},"_links":{"self":[{"href":"https:\/\/www.hsv-pi.nl\/de\/wp-json\/wp\/v2\/pages\/3728","targetHints":{"allow":["GET"]}}],"collection":[{"href":"https:\/\/www.hsv-pi.nl\/de\/wp-json\/wp\/v2\/pages"}],"about":[{"href":"https:\/\/www.hsv-pi.nl\/de\/wp-json\/wp\/v2\/types\/page"}],"author":[{"embeddable":true,"href":"https:\/\/www.hsv-pi.nl\/de\/wp-json\/wp\/v2\/users\/1"}],"replies":[{"embeddable":true,"href":"https:\/\/www.hsv-pi.nl\/de\/wp-json\/wp\/v2\/comments?post=3728"}],"version-history":[{"count":0,"href":"https:\/\/www.hsv-pi.nl\/de\/wp-json\/wp\/v2\/pages\/3728\/revisions"}],"wp:attachment":[{"href":"https:\/\/www.hsv-pi.nl\/de\/wp-json\/wp\/v2\/media?parent=3728"}],"curies":[{"name":"wp","href":"https:\/\/api.w.org\/{rel}","templated":true}]}}