{"id":4133,"date":"2020-09-25T12:25:39","date_gmt":"2020-09-25T10:25:39","guid":{"rendered":"https:\/\/www.hsv-pi.nl\/arpro-5134-re\/"},"modified":"2020-10-02T11:42:44","modified_gmt":"2020-10-02T09:42:44","slug":"arpro-5134-re","status":"publish","type":"page","link":"https:\/\/www.hsv-pi.nl\/de\/arpro-5134-re\/","title":{"rendered":"ARPRO 5134 RE"},"content":{"rendered":"<p>ARPRO\u00a05134\u00a0RE ist seit 2010 auf dem Markt. Dieses expandierte Polypropylen besteht zu 25\u00a0% aus gerecyceltem Material. Im Vergleich zu neuen expandierten Polypropylenarten verursacht die Herstellung von ARPRO\u00a05134\u00a0RE 12\u00a0% weniger CO2-Emissionen.<\/p>\n\n\n<iframe loading=\"lazy\" width=\"560\" height=\"315\" src=\"https:\/\/www.youtube.com\/embed\/b--GRM9RWGo\" frameborder=\"0\" allow=\"accelerometer; autoplay; clipboard-write; encrypted-media; gyroscope; picture-in-picture\" allowfullscreen><\/iframe>\n\n\n\n<h2 class=\"wp-block-heading\"><strong>ARPRO 5134 RE<\/strong><\/h2>\n\n\n<p>Mit ARPRO\u00a05134 sind alle beliebigen 3D-Formen m\u00f6glich. Bei einem \u00e4u\u00dferst geringen Gewicht bietet das Material eine hohe Energieabsorption und Strukturfestigkeit. Au\u00dferdem punktet diese Art Polypropylen durch chemische Best\u00e4ndigkeit und gute W\u00e4rme- und Schalld\u00e4mmeigenschaften.<\/p>\n\n\n<h4 class=\"wp-block-heading\"><strong>Download:<\/strong><\/h4>\n\n\n<p>F\u00fcr weitere technische Daten k\u00f6nnen Sie das Datenblatt herunterladen.<\/p>\n<p><a href=\"https:\/\/www.hsv-pi.nl\/wp-content\/uploads\/2020\/09\/arpro-5134-re-datasheet-v01-en.pdf\" target=\"_blank\" rel=\"noopener noreferrer\"><img loading=\"lazy\" decoding=\"async\" class=\"wp-image-4124 alignnone\" src=\"https:\/\/www.hsv-pi.nl\/wp-content\/uploads\/2020\/09\/datasheet-Arpro-5134-RE-duurzame-materialen-bij-HSV-Packaging-and-Insulation-218x300.png\" alt=\"\" width=\"154\" height=\"212\" srcset=\"https:\/\/www.hsv-pi.nl\/wp-content\/uploads\/2020\/09\/datasheet-Arpro-5134-RE-duurzame-materialen-bij-HSV-Packaging-and-Insulation-218x300.png 218w, https:\/\/www.hsv-pi.nl\/wp-content\/uploads\/2020\/09\/datasheet-Arpro-5134-RE-duurzame-materialen-bij-HSV-Packaging-and-Insulation-744x1024.png 744w, https:\/\/www.hsv-pi.nl\/wp-content\/uploads\/2020\/09\/datasheet-Arpro-5134-RE-duurzame-materialen-bij-HSV-Packaging-and-Insulation-768x1057.png 768w, https:\/\/www.hsv-pi.nl\/wp-content\/uploads\/2020\/09\/datasheet-Arpro-5134-RE-duurzame-materialen-bij-HSV-Packaging-and-Insulation.png 982w\" sizes=\"auto, (max-width: 154px) 100vw, 154px\" \/><\/a><\/p>\n<p>\u00a0<\/p>\n\n\n<h2 class=\"wp-block-heading\"><strong>Kreislaufwirtschaft und Senkung der CO2-Emissionen<\/strong><\/h2>\n\n\n<p>HSV setzt sich f\u00fcr die Kreislaufwirtschaft und die Reduzierung der CO2-Emissionen ein. Denn so ist daf\u00fcr gesorgt, dass Ressourcen stets wieder verwendet werden k\u00f6nnen. Das ist wichtig f\u00fcr Mensch und Natur. HSV leistet dazu seinen Beitrag. Unter anderem werden recycelte Materialien\/Rezyklate verwendet, w\u00e4hrend des Produktionsprozesses nachhaltig erzeugter Dampf und Strom genutzt und expandierbare Kunststoffe recycelt.<\/p>\n\n\n<h2 class=\"wp-block-heading\"><strong>Klimaschutzziele<\/strong><\/h2>\n\n\n<p>HSV agiert im Sinne der Kunden und erarbeitet L\u00f6sungen, die zum Erreichen der festgelegten Klimaschutzziele beitragen. Wir beteiligen uns an der Entwicklung von zirkul\u00e4ren, leichten Verpackungen, Formteilen und von Recyclingmaterialien, die bei Produktanwendungen in den unterschiedlichsten Branchen und in ganz Europa hergestellt werden.<\/p>\n\n\n<h2 class=\"wp-block-heading\"><strong>Informationen anfordern<\/strong><\/h2>\n\n\n<p>Expandierbare Kunststoffe werden aus PS, PP, PE und PU hergestellt. Auch aufgesch\u00e4umte Hybridprodukte, beispielsweise Kombinationen aus PS\/PE oder PE\/PP, sind anwendbar. Diese Kunststoffe haben sehr unterschiedliche Eigenschaften. Sie erreichen uns unter der Rufnummer +31\u00a0318\u00a0648999 oder schicken Sie uns einfach eine <a href=\"mailto:sales@hsv.nl\">E-Mail<\/a> und lassen Sie sich von den Partikelschaum-Ingenieuren von HSV bez\u00fcglich der passenden Optionen f\u00fcr die Entwicklung und Fertigung Ihres Produkts beraten.<\/p>\n\n\n<div class=\"wp-block-button\"><a class=\"wp-block-button__link has-background\" href=\"mailto:sales@hsv.nl\" style=\"background-color:#c8102e\"> <strong>Informationen anfordern<\/strong> <\/a><\/div>\n","protected":false},"excerpt":{"rendered":"<p>ARPRO\u00a05134\u00a0RE ist seit 2010 auf dem Markt. Dieses expandierte Polypropylen besteht zu 25\u00a0% aus gerecyceltem Material. Im Vergleich zu neuen&#8230;<\/p>\n","protected":false},"author":1,"featured_media":0,"parent":0,"menu_order":0,"comment_status":"closed","ping_status":"closed","template":"","meta":{"_acf_changed":false,"footnotes":""},"class_list":["post-4133","page","type-page","status-publish","hentry"],"acf":[],"yoast_head":"<!-- This site is optimized with the Yoast SEO plugin v27.4 - https:\/\/yoast.com\/product\/yoast-seo-wordpress\/ -->\n<title>ARPRO 5134 RE - HSV<\/title>\n<meta name=\"description\" content=\"Dieses expandierte Polypropylen besteht zu 25% aus recyceltem Material und hat im Vergleich zu neuem Material etwa 12% weniger CO2-Emissionen. Entdecken Sie mehr -&gt;\" \/>\n<meta name=\"robots\" content=\"index, follow, max-snippet:-1, max-image-preview:large, max-video-preview:-1\" \/>\n<link rel=\"canonical\" href=\"https:\/\/www.hsv-pi.nl\/de\/arpro-5134-re\/\" \/>\n<meta property=\"og:locale\" content=\"de_DE\" \/>\n<meta property=\"og:type\" content=\"article\" \/>\n<meta property=\"og:title\" content=\"ARPRO 5134 RE - HSV\" \/>\n<meta property=\"og:description\" content=\"Dieses expandierte Polypropylen besteht zu 25% aus recyceltem Material und hat im Vergleich zu neuem Material etwa 12% weniger CO2-Emissionen. Entdecken Sie mehr -&gt;\" \/>\n<meta property=\"og:url\" content=\"https:\/\/www.hsv-pi.nl\/de\/arpro-5134-re\/\" \/>\n<meta property=\"og:site_name\" content=\"HSV\" \/>\n<meta property=\"article:modified_time\" content=\"2020-10-02T09:42:44+00:00\" \/>\n<meta property=\"og:image\" content=\"https:\/\/www.hsv-pi.nl\/wp-content\/uploads\/2020\/09\/datasheet-Arpro-5134-RE-duurzame-materialen-bij-HSV-Packaging-and-Insulation-218x300.png\" \/>\n<meta name=\"twitter:card\" content=\"summary_large_image\" \/>\n<meta name=\"twitter:label1\" content=\"Gesch\u00e4tzte Lesezeit\" \/>\n\t<meta name=\"twitter:data1\" content=\"1\u00a0Minute\" \/>\n<script type=\"application\/ld+json\" class=\"yoast-schema-graph\">{\"@context\":\"https:\\\/\\\/schema.org\",\"@graph\":[{\"@type\":\"WebPage\",\"@id\":\"https:\\\/\\\/www.hsv-pi.nl\\\/de\\\/arpro-5134-re\\\/\",\"url\":\"https:\\\/\\\/www.hsv-pi.nl\\\/de\\\/arpro-5134-re\\\/\",\"name\":\"ARPRO 5134 RE - HSV\",\"isPartOf\":{\"@id\":\"https:\\\/\\\/www.hsv-pi.nl\\\/#website\"},\"primaryImageOfPage\":{\"@id\":\"https:\\\/\\\/www.hsv-pi.nl\\\/de\\\/arpro-5134-re\\\/#primaryimage\"},\"image\":{\"@id\":\"https:\\\/\\\/www.hsv-pi.nl\\\/de\\\/arpro-5134-re\\\/#primaryimage\"},\"thumbnailUrl\":\"https:\\\/\\\/www.hsv-pi.nl\\\/wp-content\\\/uploads\\\/2020\\\/09\\\/datasheet-Arpro-5134-RE-duurzame-materialen-bij-HSV-Packaging-and-Insulation-218x300.png\",\"datePublished\":\"2020-09-25T10:25:39+00:00\",\"dateModified\":\"2020-10-02T09:42:44+00:00\",\"description\":\"Dieses expandierte Polypropylen besteht zu 25% aus recyceltem Material und hat im Vergleich zu neuem Material etwa 12% weniger CO2-Emissionen. Entdecken Sie mehr ->\",\"breadcrumb\":{\"@id\":\"https:\\\/\\\/www.hsv-pi.nl\\\/de\\\/arpro-5134-re\\\/#breadcrumb\"},\"inLanguage\":\"de\",\"potentialAction\":[{\"@type\":\"ReadAction\",\"target\":[\"https:\\\/\\\/www.hsv-pi.nl\\\/de\\\/arpro-5134-re\\\/\"]}]},{\"@type\":\"ImageObject\",\"inLanguage\":\"de\",\"@id\":\"https:\\\/\\\/www.hsv-pi.nl\\\/de\\\/arpro-5134-re\\\/#primaryimage\",\"url\":\"https:\\\/\\\/www.hsv-pi.nl\\\/wp-content\\\/uploads\\\/2020\\\/09\\\/datasheet-Arpro-5134-RE-duurzame-materialen-bij-HSV-Packaging-and-Insulation-218x300.png\",\"contentUrl\":\"https:\\\/\\\/www.hsv-pi.nl\\\/wp-content\\\/uploads\\\/2020\\\/09\\\/datasheet-Arpro-5134-RE-duurzame-materialen-bij-HSV-Packaging-and-Insulation-218x300.png\"},{\"@type\":\"BreadcrumbList\",\"@id\":\"https:\\\/\\\/www.hsv-pi.nl\\\/de\\\/arpro-5134-re\\\/#breadcrumb\",\"itemListElement\":[{\"@type\":\"ListItem\",\"position\":1,\"name\":\"Home\",\"item\":\"https:\\\/\\\/www.hsv-pi.nl\\\/de\\\/\"},{\"@type\":\"ListItem\",\"position\":2,\"name\":\"ARPRO 5134 RE\"}]},{\"@type\":\"WebSite\",\"@id\":\"https:\\\/\\\/www.hsv-pi.nl\\\/#website\",\"url\":\"https:\\\/\\\/www.hsv-pi.nl\\\/\",\"name\":\"HSV\",\"description\":\"\",\"potentialAction\":[{\"@type\":\"SearchAction\",\"target\":{\"@type\":\"EntryPoint\",\"urlTemplate\":\"https:\\\/\\\/www.hsv-pi.nl\\\/?s={search_term_string}\"},\"query-input\":{\"@type\":\"PropertyValueSpecification\",\"valueRequired\":true,\"valueName\":\"search_term_string\"}}],\"inLanguage\":\"de\"}]}<\/script>\n<!-- \/ Yoast SEO plugin. -->","yoast_head_json":{"title":"ARPRO 5134 RE - HSV","description":"Dieses expandierte Polypropylen besteht zu 25% aus recyceltem Material und hat im Vergleich zu neuem Material etwa 12% weniger CO2-Emissionen. Entdecken Sie mehr ->","robots":{"index":"index","follow":"follow","max-snippet":"max-snippet:-1","max-image-preview":"max-image-preview:large","max-video-preview":"max-video-preview:-1"},"canonical":"https:\/\/www.hsv-pi.nl\/de\/arpro-5134-re\/","og_locale":"de_DE","og_type":"article","og_title":"ARPRO 5134 RE - HSV","og_description":"Dieses expandierte Polypropylen besteht zu 25% aus recyceltem Material und hat im Vergleich zu neuem Material etwa 12% weniger CO2-Emissionen. Entdecken Sie mehr ->","og_url":"https:\/\/www.hsv-pi.nl\/de\/arpro-5134-re\/","og_site_name":"HSV","article_modified_time":"2020-10-02T09:42:44+00:00","og_image":[{"url":"https:\/\/www.hsv-pi.nl\/wp-content\/uploads\/2020\/09\/datasheet-Arpro-5134-RE-duurzame-materialen-bij-HSV-Packaging-and-Insulation-218x300.png","type":"","width":"","height":""}],"twitter_card":"summary_large_image","twitter_misc":{"Gesch\u00e4tzte Lesezeit":"1\u00a0Minute"},"schema":{"@context":"https:\/\/schema.org","@graph":[{"@type":"WebPage","@id":"https:\/\/www.hsv-pi.nl\/de\/arpro-5134-re\/","url":"https:\/\/www.hsv-pi.nl\/de\/arpro-5134-re\/","name":"ARPRO 5134 RE - HSV","isPartOf":{"@id":"https:\/\/www.hsv-pi.nl\/#website"},"primaryImageOfPage":{"@id":"https:\/\/www.hsv-pi.nl\/de\/arpro-5134-re\/#primaryimage"},"image":{"@id":"https:\/\/www.hsv-pi.nl\/de\/arpro-5134-re\/#primaryimage"},"thumbnailUrl":"https:\/\/www.hsv-pi.nl\/wp-content\/uploads\/2020\/09\/datasheet-Arpro-5134-RE-duurzame-materialen-bij-HSV-Packaging-and-Insulation-218x300.png","datePublished":"2020-09-25T10:25:39+00:00","dateModified":"2020-10-02T09:42:44+00:00","description":"Dieses expandierte Polypropylen besteht zu 25% aus recyceltem Material und hat im Vergleich zu neuem Material etwa 12% weniger CO2-Emissionen. Entdecken Sie mehr ->","breadcrumb":{"@id":"https:\/\/www.hsv-pi.nl\/de\/arpro-5134-re\/#breadcrumb"},"inLanguage":"de","potentialAction":[{"@type":"ReadAction","target":["https:\/\/www.hsv-pi.nl\/de\/arpro-5134-re\/"]}]},{"@type":"ImageObject","inLanguage":"de","@id":"https:\/\/www.hsv-pi.nl\/de\/arpro-5134-re\/#primaryimage","url":"https:\/\/www.hsv-pi.nl\/wp-content\/uploads\/2020\/09\/datasheet-Arpro-5134-RE-duurzame-materialen-bij-HSV-Packaging-and-Insulation-218x300.png","contentUrl":"https:\/\/www.hsv-pi.nl\/wp-content\/uploads\/2020\/09\/datasheet-Arpro-5134-RE-duurzame-materialen-bij-HSV-Packaging-and-Insulation-218x300.png"},{"@type":"BreadcrumbList","@id":"https:\/\/www.hsv-pi.nl\/de\/arpro-5134-re\/#breadcrumb","itemListElement":[{"@type":"ListItem","position":1,"name":"Home","item":"https:\/\/www.hsv-pi.nl\/de\/"},{"@type":"ListItem","position":2,"name":"ARPRO 5134 RE"}]},{"@type":"WebSite","@id":"https:\/\/www.hsv-pi.nl\/#website","url":"https:\/\/www.hsv-pi.nl\/","name":"HSV","description":"","potentialAction":[{"@type":"SearchAction","target":{"@type":"EntryPoint","urlTemplate":"https:\/\/www.hsv-pi.nl\/?s={search_term_string}"},"query-input":{"@type":"PropertyValueSpecification","valueRequired":true,"valueName":"search_term_string"}}],"inLanguage":"de"}]}},"_links":{"self":[{"href":"https:\/\/www.hsv-pi.nl\/de\/wp-json\/wp\/v2\/pages\/4133","targetHints":{"allow":["GET"]}}],"collection":[{"href":"https:\/\/www.hsv-pi.nl\/de\/wp-json\/wp\/v2\/pages"}],"about":[{"href":"https:\/\/www.hsv-pi.nl\/de\/wp-json\/wp\/v2\/types\/page"}],"author":[{"embeddable":true,"href":"https:\/\/www.hsv-pi.nl\/de\/wp-json\/wp\/v2\/users\/1"}],"replies":[{"embeddable":true,"href":"https:\/\/www.hsv-pi.nl\/de\/wp-json\/wp\/v2\/comments?post=4133"}],"version-history":[{"count":0,"href":"https:\/\/www.hsv-pi.nl\/de\/wp-json\/wp\/v2\/pages\/4133\/revisions"}],"wp:attachment":[{"href":"https:\/\/www.hsv-pi.nl\/de\/wp-json\/wp\/v2\/media?parent=4133"}],"curies":[{"name":"wp","href":"https:\/\/api.w.org\/{rel}","templated":true}]}}