{"id":4136,"date":"2020-09-25T12:15:38","date_gmt":"2020-09-25T10:15:38","guid":{"rendered":"https:\/\/www.hsv-pi.nl\/sustainable-raw-material-arpro-35-ocean\/"},"modified":"2020-10-02T12:03:56","modified_gmt":"2020-10-02T10:03:56","slug":"nachhaltiger-rohstoff-arpro-35-ocean","status":"publish","type":"page","link":"https:\/\/www.hsv-pi.nl\/de\/nachhaltiger-rohstoff-arpro-35-ocean\/","title":{"rendered":"Nachhaltiger Rohstoff \u2013 ARPRO 35 Ocean"},"content":{"rendered":"<p>Zur Fertigung von Produkten, Formteilen und Halbfabrikaten aus expandierbaren Kunststoffen verwendet HSV verschiedene Granulat-\/Rohstofftypen. Inzwischen sind auch nachhaltige Rohstoffe (Rezyklate) wie ARPRO\u00a035\u00a0Ocean und <a href=\"https:\/\/www.hsv-pi.nl\/de\/arpro-5134-re\/\" target=\"_blank\" rel=\"noopener noreferrer\">ARPRO\u00a05134\u00a0RE<\/a> erh\u00e4ltlich.<\/p>\n\n\n<h2 class=\"wp-block-heading\"><strong>Arpro 35 Ocean<\/strong><\/h2>\n\n\n<p>Arpro\u00a035\u00a0Ocean ist expandiertes Polypropylen (EPP) und besteht zu 15\u00a0% aus recycelten maritimen Industrieabf\u00e4llen. Das Recycling erm\u00f6glicht die R\u00fcckgewinnung der Rohstoffe, die so ein zweites Leben erhalten. Au\u00dferdem verursacht die Herstellung von ARPRO\u00a035\u00a0Ocean ca. 7\u00a0% weniger CO2-Emissionen. Das kommt der Umwelt und der Kreislaufwirtschaft zugute. Wertvolle Rohstoffe werden bewahrt und wiederverwertet.<\/p>\n\n\n<iframe loading=\"lazy\" width=\"560\" height=\"315\" src=\"https:\/\/www.youtube.com\/embed\/b--GRM9RWGo\" frameborder=\"0\" allow=\"accelerometer; autoplay; clipboard-write; encrypted-media; gyroscope; picture-in-picture\" allowfullscreen><\/iframe>\n\n\n\n<h2 class=\"wp-block-heading\"><strong>Kreislaufwirtschaft, Klimaschutzziele umsetzen <\/strong><\/h2>\n\n\n<p>HSV setzt sich f\u00fcr die Kreislaufwirtschaft und die Verbesserung der CO2-Bilanz ein. So verwenden wir unter anderem nachhaltig erzeugten Dampf und Strom. Unser Angebot an recycelten Materialien\/Rezyklaten f\u00fcr die Herstellung nachhaltiger Produkte, Formteile und Halbfabrikate tr\u00e4gt ebenso dazu bei wie das Recycling selbst, das die Wiederverwertung m\u00f6glich macht. Zusammen mit den Unternehmen erarbeitet HSV clevere Produktl\u00f6sungen, die sich im Rahmen der Kreislaufwirtschaft und der gew\u00fcnschten Klimaschutzziele auszahlen. Diese L\u00f6sungen finden europaweit in <a href=\"https:\/\/www.hsv-pi.nl\/de\/markte\/\" target=\"_blank\" rel=\"noopener noreferrer\">zahllosen Branchen<\/a> Anwendung.<\/p>\n\n\n<h2 class=\"wp-block-heading\"><strong>Recycling expanded polypropyRecycling von expandiertem Polypropylen<\/strong><\/h2>\n\n\n<p>In dem informativen Artikel von JSP: \u201e<a href=\"https:\/\/www.arpro.com\/globalassets\/news-releases\/jsp_kunststoffe-international-2020-01-english.pdf\">Automotive Components made of Packaging<\/a>\u201c (Automobilteile aus Verpackungsmaterial) wird erl\u00e4utert, wie expandiertes Polypropylen recycelt wird.<\/p>\n\n\n<h3 class=\"wp-block-heading\"><strong>Download:<\/strong><\/h3>\n\n\n<p>M\u00f6chten Sie mehr \u00fcber ARPRO\u00a035\u00a0Ocean erfahren? Laden Sie sich dann das Datenblatt herunter.<\/p>\n<p><a href=\"https:\/\/www.hsv-pi.nl\/wp-content\/uploads\/2020\/09\/arpro-35-ocean-datasheet-v03-en.pdf\" target=\"_blank\" rel=\"noopener noreferrer\"><img loading=\"lazy\" decoding=\"async\" class=\"wp-image-4120  alignnone\" src=\"https:\/\/www.hsv-pi.nl\/wp-content\/uploads\/2020\/09\/datasheet-Arpro-35-Ocean-materialen-bij-HSV-Packaging-and-Insulation-229x300.png\" alt=\"\" width=\"171\" height=\"224\" srcset=\"https:\/\/www.hsv-pi.nl\/wp-content\/uploads\/2020\/09\/datasheet-Arpro-35-Ocean-materialen-bij-HSV-Packaging-and-Insulation-229x300.png 229w, https:\/\/www.hsv-pi.nl\/wp-content\/uploads\/2020\/09\/datasheet-Arpro-35-Ocean-materialen-bij-HSV-Packaging-and-Insulation-781x1024.png 781w, https:\/\/www.hsv-pi.nl\/wp-content\/uploads\/2020\/09\/datasheet-Arpro-35-Ocean-materialen-bij-HSV-Packaging-and-Insulation-768x1006.png 768w, https:\/\/www.hsv-pi.nl\/wp-content\/uploads\/2020\/09\/datasheet-Arpro-35-Ocean-materialen-bij-HSV-Packaging-and-Insulation.png 1050w\" sizes=\"auto, (max-width: 171px) 100vw, 171px\" \/><\/a><\/p>\n\n\n<h2 class=\"wp-block-heading\"><strong>Informationen anfordern<\/strong><\/h2>\n\n\n<p>Expandierbare Kunststoffe haben sehr unterschiedliche Eigenschaften. Sie erreichen uns unter der Rufnummer +31\u00a0318\u00a0648999 oder schicken Sie uns einfach eine <a href=\"mailto:sales@hsv.nl\">E-Mail<\/a>. Die Partikelschaum-Ingenieure von HSV beraten Sie gerne bez\u00fcglich der passenden Optionen f\u00fcr die Entwicklung und Fertigung Ihres Produkts.<\/p>\n\n\n<div class=\"wp-block-button\"><a class=\"wp-block-button__link has-background\" href=\"mailto:sales@hsv.nl\" style=\"background-color:#c8102e\"><strong>Informationen anfordern<\/strong> <\/a><\/div>\n","protected":false},"excerpt":{"rendered":"<p>Zur Fertigung von Produkten, Formteilen und Halbfabrikaten aus expandierbaren Kunststoffen verwendet HSV verschiedene Granulat-\/Rohstofftypen. Inzwischen sind auch nachhaltige Rohstoffe (Rezyklate)&#8230;<\/p>\n","protected":false},"author":1,"featured_media":0,"parent":0,"menu_order":0,"comment_status":"closed","ping_status":"closed","template":"","meta":{"_acf_changed":false,"footnotes":""},"class_list":["post-4136","page","type-page","status-publish","hentry"],"acf":[],"yoast_head":"<!-- This site is optimized with the Yoast SEO plugin v27.5 - https:\/\/yoast.com\/product\/yoast-seo-wordpress\/ -->\n<title>Nachhaltiger Rohstoff \u2013 ARPRO 35 Ocean - HSV<\/title>\n<meta name=\"description\" content=\"Produkte und Formteile aus expandierbaren Kunststoffen k\u00f6nnen auch aus nachhaltigen Rohstoffen (Recyclat) wie ARPRO 35 Ocean hergestellt werden\" \/>\n<meta name=\"robots\" content=\"index, follow, max-snippet:-1, max-image-preview:large, max-video-preview:-1\" \/>\n<link rel=\"canonical\" href=\"https:\/\/www.hsv-pi.nl\/de\/nachhaltiger-rohstoff-arpro-35-ocean\/\" \/>\n<meta property=\"og:locale\" content=\"de_DE\" \/>\n<meta property=\"og:type\" content=\"article\" \/>\n<meta property=\"og:title\" content=\"Nachhaltiger Rohstoff \u2013 ARPRO 35 Ocean - HSV\" \/>\n<meta property=\"og:description\" content=\"Produkte und Formteile aus expandierbaren Kunststoffen k\u00f6nnen auch aus nachhaltigen Rohstoffen (Recyclat) wie ARPRO 35 Ocean hergestellt werden\" \/>\n<meta property=\"og:url\" content=\"https:\/\/www.hsv-pi.nl\/de\/nachhaltiger-rohstoff-arpro-35-ocean\/\" \/>\n<meta property=\"og:site_name\" content=\"HSV\" \/>\n<meta property=\"article:modified_time\" content=\"2020-10-02T10:03:56+00:00\" \/>\n<meta property=\"og:image\" content=\"https:\/\/www.hsv-pi.nl\/wp-content\/uploads\/2020\/09\/datasheet-Arpro-35-Ocean-materialen-bij-HSV-Packaging-and-Insulation-229x300.png\" \/>\n<meta name=\"twitter:card\" content=\"summary_large_image\" \/>\n<meta name=\"twitter:label1\" content=\"Gesch\u00e4tzte Lesezeit\" \/>\n\t<meta name=\"twitter:data1\" content=\"1\u00a0Minute\" \/>\n<script type=\"application\/ld+json\" class=\"yoast-schema-graph\">{\"@context\":\"https:\\\/\\\/schema.org\",\"@graph\":[{\"@type\":\"WebPage\",\"@id\":\"https:\\\/\\\/www.hsv-pi.nl\\\/de\\\/nachhaltiger-rohstoff-arpro-35-ocean\\\/\",\"url\":\"https:\\\/\\\/www.hsv-pi.nl\\\/de\\\/nachhaltiger-rohstoff-arpro-35-ocean\\\/\",\"name\":\"Nachhaltiger Rohstoff \u2013 ARPRO 35 Ocean - HSV\",\"isPartOf\":{\"@id\":\"https:\\\/\\\/www.hsv-pi.nl\\\/#website\"},\"primaryImageOfPage\":{\"@id\":\"https:\\\/\\\/www.hsv-pi.nl\\\/de\\\/nachhaltiger-rohstoff-arpro-35-ocean\\\/#primaryimage\"},\"image\":{\"@id\":\"https:\\\/\\\/www.hsv-pi.nl\\\/de\\\/nachhaltiger-rohstoff-arpro-35-ocean\\\/#primaryimage\"},\"thumbnailUrl\":\"https:\\\/\\\/www.hsv-pi.nl\\\/wp-content\\\/uploads\\\/2020\\\/09\\\/datasheet-Arpro-35-Ocean-materialen-bij-HSV-Packaging-and-Insulation-229x300.png\",\"datePublished\":\"2020-09-25T10:15:38+00:00\",\"dateModified\":\"2020-10-02T10:03:56+00:00\",\"description\":\"Produkte und Formteile aus expandierbaren Kunststoffen k\u00f6nnen auch aus nachhaltigen Rohstoffen (Recyclat) wie ARPRO 35 Ocean hergestellt werden\",\"breadcrumb\":{\"@id\":\"https:\\\/\\\/www.hsv-pi.nl\\\/de\\\/nachhaltiger-rohstoff-arpro-35-ocean\\\/#breadcrumb\"},\"inLanguage\":\"de\",\"potentialAction\":[{\"@type\":\"ReadAction\",\"target\":[\"https:\\\/\\\/www.hsv-pi.nl\\\/de\\\/nachhaltiger-rohstoff-arpro-35-ocean\\\/\"]}]},{\"@type\":\"ImageObject\",\"inLanguage\":\"de\",\"@id\":\"https:\\\/\\\/www.hsv-pi.nl\\\/de\\\/nachhaltiger-rohstoff-arpro-35-ocean\\\/#primaryimage\",\"url\":\"https:\\\/\\\/www.hsv-pi.nl\\\/wp-content\\\/uploads\\\/2020\\\/09\\\/datasheet-Arpro-35-Ocean-materialen-bij-HSV-Packaging-and-Insulation-229x300.png\",\"contentUrl\":\"https:\\\/\\\/www.hsv-pi.nl\\\/wp-content\\\/uploads\\\/2020\\\/09\\\/datasheet-Arpro-35-Ocean-materialen-bij-HSV-Packaging-and-Insulation-229x300.png\"},{\"@type\":\"BreadcrumbList\",\"@id\":\"https:\\\/\\\/www.hsv-pi.nl\\\/de\\\/nachhaltiger-rohstoff-arpro-35-ocean\\\/#breadcrumb\",\"itemListElement\":[{\"@type\":\"ListItem\",\"position\":1,\"name\":\"Home\",\"item\":\"https:\\\/\\\/www.hsv-pi.nl\\\/de\\\/\"},{\"@type\":\"ListItem\",\"position\":2,\"name\":\"Nachhaltiger Rohstoff \u2013 ARPRO 35 Ocean\"}]},{\"@type\":\"WebSite\",\"@id\":\"https:\\\/\\\/www.hsv-pi.nl\\\/#website\",\"url\":\"https:\\\/\\\/www.hsv-pi.nl\\\/\",\"name\":\"HSV\",\"description\":\"\",\"potentialAction\":[{\"@type\":\"SearchAction\",\"target\":{\"@type\":\"EntryPoint\",\"urlTemplate\":\"https:\\\/\\\/www.hsv-pi.nl\\\/?s={search_term_string}\"},\"query-input\":{\"@type\":\"PropertyValueSpecification\",\"valueRequired\":true,\"valueName\":\"search_term_string\"}}],\"inLanguage\":\"de\"}]}<\/script>\n<!-- \/ Yoast SEO plugin. -->","yoast_head_json":{"title":"Nachhaltiger Rohstoff \u2013 ARPRO 35 Ocean - HSV","description":"Produkte und Formteile aus expandierbaren Kunststoffen k\u00f6nnen auch aus nachhaltigen Rohstoffen (Recyclat) wie ARPRO 35 Ocean hergestellt werden","robots":{"index":"index","follow":"follow","max-snippet":"max-snippet:-1","max-image-preview":"max-image-preview:large","max-video-preview":"max-video-preview:-1"},"canonical":"https:\/\/www.hsv-pi.nl\/de\/nachhaltiger-rohstoff-arpro-35-ocean\/","og_locale":"de_DE","og_type":"article","og_title":"Nachhaltiger Rohstoff \u2013 ARPRO 35 Ocean - HSV","og_description":"Produkte und Formteile aus expandierbaren Kunststoffen k\u00f6nnen auch aus nachhaltigen Rohstoffen (Recyclat) wie ARPRO 35 Ocean hergestellt werden","og_url":"https:\/\/www.hsv-pi.nl\/de\/nachhaltiger-rohstoff-arpro-35-ocean\/","og_site_name":"HSV","article_modified_time":"2020-10-02T10:03:56+00:00","og_image":[{"url":"https:\/\/www.hsv-pi.nl\/wp-content\/uploads\/2020\/09\/datasheet-Arpro-35-Ocean-materialen-bij-HSV-Packaging-and-Insulation-229x300.png","type":"","width":"","height":""}],"twitter_card":"summary_large_image","twitter_misc":{"Gesch\u00e4tzte Lesezeit":"1\u00a0Minute"},"schema":{"@context":"https:\/\/schema.org","@graph":[{"@type":"WebPage","@id":"https:\/\/www.hsv-pi.nl\/de\/nachhaltiger-rohstoff-arpro-35-ocean\/","url":"https:\/\/www.hsv-pi.nl\/de\/nachhaltiger-rohstoff-arpro-35-ocean\/","name":"Nachhaltiger Rohstoff \u2013 ARPRO 35 Ocean - HSV","isPartOf":{"@id":"https:\/\/www.hsv-pi.nl\/#website"},"primaryImageOfPage":{"@id":"https:\/\/www.hsv-pi.nl\/de\/nachhaltiger-rohstoff-arpro-35-ocean\/#primaryimage"},"image":{"@id":"https:\/\/www.hsv-pi.nl\/de\/nachhaltiger-rohstoff-arpro-35-ocean\/#primaryimage"},"thumbnailUrl":"https:\/\/www.hsv-pi.nl\/wp-content\/uploads\/2020\/09\/datasheet-Arpro-35-Ocean-materialen-bij-HSV-Packaging-and-Insulation-229x300.png","datePublished":"2020-09-25T10:15:38+00:00","dateModified":"2020-10-02T10:03:56+00:00","description":"Produkte und Formteile aus expandierbaren Kunststoffen k\u00f6nnen auch aus nachhaltigen Rohstoffen (Recyclat) wie ARPRO 35 Ocean hergestellt werden","breadcrumb":{"@id":"https:\/\/www.hsv-pi.nl\/de\/nachhaltiger-rohstoff-arpro-35-ocean\/#breadcrumb"},"inLanguage":"de","potentialAction":[{"@type":"ReadAction","target":["https:\/\/www.hsv-pi.nl\/de\/nachhaltiger-rohstoff-arpro-35-ocean\/"]}]},{"@type":"ImageObject","inLanguage":"de","@id":"https:\/\/www.hsv-pi.nl\/de\/nachhaltiger-rohstoff-arpro-35-ocean\/#primaryimage","url":"https:\/\/www.hsv-pi.nl\/wp-content\/uploads\/2020\/09\/datasheet-Arpro-35-Ocean-materialen-bij-HSV-Packaging-and-Insulation-229x300.png","contentUrl":"https:\/\/www.hsv-pi.nl\/wp-content\/uploads\/2020\/09\/datasheet-Arpro-35-Ocean-materialen-bij-HSV-Packaging-and-Insulation-229x300.png"},{"@type":"BreadcrumbList","@id":"https:\/\/www.hsv-pi.nl\/de\/nachhaltiger-rohstoff-arpro-35-ocean\/#breadcrumb","itemListElement":[{"@type":"ListItem","position":1,"name":"Home","item":"https:\/\/www.hsv-pi.nl\/de\/"},{"@type":"ListItem","position":2,"name":"Nachhaltiger Rohstoff \u2013 ARPRO 35 Ocean"}]},{"@type":"WebSite","@id":"https:\/\/www.hsv-pi.nl\/#website","url":"https:\/\/www.hsv-pi.nl\/","name":"HSV","description":"","potentialAction":[{"@type":"SearchAction","target":{"@type":"EntryPoint","urlTemplate":"https:\/\/www.hsv-pi.nl\/?s={search_term_string}"},"query-input":{"@type":"PropertyValueSpecification","valueRequired":true,"valueName":"search_term_string"}}],"inLanguage":"de"}]}},"_links":{"self":[{"href":"https:\/\/www.hsv-pi.nl\/de\/wp-json\/wp\/v2\/pages\/4136","targetHints":{"allow":["GET"]}}],"collection":[{"href":"https:\/\/www.hsv-pi.nl\/de\/wp-json\/wp\/v2\/pages"}],"about":[{"href":"https:\/\/www.hsv-pi.nl\/de\/wp-json\/wp\/v2\/types\/page"}],"author":[{"embeddable":true,"href":"https:\/\/www.hsv-pi.nl\/de\/wp-json\/wp\/v2\/users\/1"}],"replies":[{"embeddable":true,"href":"https:\/\/www.hsv-pi.nl\/de\/wp-json\/wp\/v2\/comments?post=4136"}],"version-history":[{"count":0,"href":"https:\/\/www.hsv-pi.nl\/de\/wp-json\/wp\/v2\/pages\/4136\/revisions"}],"wp:attachment":[{"href":"https:\/\/www.hsv-pi.nl\/de\/wp-json\/wp\/v2\/media?parent=4136"}],"curies":[{"name":"wp","href":"https:\/\/api.w.org\/{rel}","templated":true}]}}