{"id":4314,"date":"2021-04-29T12:40:35","date_gmt":"2021-04-29T10:40:35","guid":{"rendered":"https:\/\/www.hsv-pi.nl\/feasibility-study-test-the-feasibility-of-your-product\/"},"modified":"2023-01-26T15:12:37","modified_gmt":"2023-01-26T14:12:37","slug":"machbarkeitsstudie-testen-sie-die-herstellbarkeit-ihres-produkts","status":"publish","type":"page","link":"https:\/\/www.hsv-pi.nl\/de\/machbarkeitsstudie-testen-sie-die-herstellbarkeit-ihres-produkts\/","title":{"rendered":"Machbarkeitsstudie; Testen Sie die Herstellbarkeit Ihres Produkts"},"content":{"rendered":"<h2><strong>Was ist eine Machbarkeitsstudie<\/strong>?<\/h2>\n<p>Die (Um-)Gestaltung eines neuen Kunststoffprodukts beginnt mit einem gut durchdachten Entwurf. Deshalb k\u00f6nnen Sie schon im Anfangsstadium des Produktentwurfs die Partikelschaum-Ingenieure von HSV hinzuziehen und eine Machbarkeitsstudie in Auftrag geben.<\/p>\n<p>Es kann um eine reine Idee, eine Skizze oder einen Prototyp gehen: Die Analysen und Tests der Machbarkeitsstudie weisen aus, ob und wie sich Ihr Produkt tats\u00e4chlich umsetzen l\u00e4sst. Im Rahmen der Machbarkeitsstudie analysieren und bewerten die Ingenieure von HSV, inwieweit Ihr Produktentwurf mit Partikelsch\u00e4umen (EPS, EPP, ETPU und dergleichen), mit dem Kunststoff-Spritzgussverfahren oder oder mit Project+, einer Kombination aus beiden Techniken realisierbar ist. Diese unverbindliche Beratung verschafft Ihnen einen \u00dcberblick der M\u00f6glichkeiten f\u00fcr Ihr Produkt und\/oder Halbfabrikat, der ben\u00f6tigten Herstellungszeit sowie eine erste Einsch\u00e4tzung der damit einhergehenden Kosten.<\/p>\n\n\n<div class=\"wp-block-buttons is-layout-flex wp-block-buttons-is-layout-flex\">\n<div class=\"wp-block-button\"><a class=\"wp-block-button__link has-background\" href=\"https:\/\/www.hsv-pi.nl\/de\/machbarkeitsstudie-anfordern\/\" style=\"background-color:#c8102e\" target=\"_blank\" rel=\"noreferrer noopener\">Machbarkeitsstudie anfordern<\/a><\/div>\n<\/div>\n\n\n\n<h2 class=\"wp-block-heading\"><strong><strong><strong>Eine Machbarkeitsstudie anfordern<\/strong><\/strong><\/strong><\/h2>\n\n\n\n<p>Bei Produktneuheiten ist die Markteinf\u00fchrungszeit (Time&nbsp;to&nbsp;market) sehr wichtig. Deshalb muss der Entwicklungsprozess reibungslos in die tats\u00e4chliche Produktherstellung m\u00fcnden. Durch das Anfordern einer Machbarkeitsstudie k\u00f6nnen Sie schnell pr\u00fcfen lassen, wie gut sich Ihr Produktentwurf umsetzen l\u00e4sst, und stehen dabei in direktem Kontakt mit einem unserer Ingenieure.<\/p>\n\n\n\n<div class=\"wp-block-buttons is-layout-flex wp-block-buttons-is-layout-flex\">\n<div class=\"wp-block-button\"><a class=\"wp-block-button__link has-background\" href=\"https:\/\/www.hsv-pi.nl\/de\/machbarkeitsstudie-anfordern\/\" style=\"background-color:#c8102e\" target=\"_blank\" rel=\"noreferrer noopener\">Machbarkeitsstudie anfordern<\/a><\/div>\n<\/div>\n\n\n\n<p>Eine gr\u00fcndliche Analyse verk\u00fcrzt einerseits die n\u00f6tige Vorlaufzeit f\u00fcr Ihr Produkt und tr\u00e4gt andererseits dazu bei, dass kosteng\u00fcnstige L\u00f6sungen gefunden werden, unter anderem bei der Produktion selbst, beim Zusammenbau und bei der Logistik.<\/p>\n\n\n\n<p>Wenn Ihnen bereits detaillierte Informationen wie CAD-Dateien oder Prototypen vorliegen, ber\u00fccksichtigen wir diese bei unserer Empfehlung. Selbstverst\u00e4ndlich achten wir auf Funktionalit\u00e4t und Design gleicherma\u00dfen. Au\u00dferdem erhalten Sie einen ersten Kostenvoranschlag.<\/p>\n\n\n\n<h2 class=\"wp-block-heading\"><strong><strong><strong>Die Empfehlung von HSV<\/strong><\/strong><\/strong><\/h2>\n\n\n\n<p>Die Ingenieure von HSV nutzen die in \u00fcber 55 Jahren aufgebaute, firmeneigene Erfahrung und Kompetenz in den Bereichen Partikelschaum-Engineering und Kunststoff-Spritzguss (HSV-TMP), um f\u00fcr Sie das optimale Resultat auszuarbeiten. Im Rahmen der Machbarkeitsstudie erhalten Sie unter anderem Empfehlungen zu folgenden Aspekten:<\/p>\n\n\n\n<ul class=\"wp-block-list\"><li>Anwendbare Materialien in Partikelsch\u00e4umen, Thermoplaste und m\u00f6gliche Additive (wie flammhemmendes und UV-best\u00e4ndiges Material und dergleichen)\u00a0<\/li><li>Wandst\u00e4rken, Toleranzwerte, Entformen und weitere technische Aspekte<\/li><li>Konstruktion des Formwerkzeugs, eine oder mehrere Kavit\u00e4ten, Art des Angusssystems<\/li><li>Produktionsmethoden, Project+ L\u00f6sungen und Logistikl\u00f6sungen<\/li><\/ul>\n\n\n\n<p>Was Sie noch von uns erwarten d\u00fcrfen:<\/p>\n\n\n\n<ul class=\"wp-block-list\"><li>Eine Empfehlung f\u00fcr Ihr Produkt mitsamt einer ersten Kosteneinsch\u00e4tzung<\/li><li>Serviceorientiertes und proaktives Mitwirken<\/li><li>Schnelle Einblicke in die Machbarkeit Ihres Produkts<\/li><li>Die Vorlaufzeit Ihres Produkts verk\u00fcrzt sich, Sie werden schon in einem fr\u00fchen Stadium kompetent beraten<\/li><\/ul>\n\n\n\n<h2 class=\"wp-block-heading\"><strong><strong><strong>Vertrauliche Bearbeitung<\/strong><\/strong><\/strong><\/h2>\n\n\n<p>Alle Anfragen werden vertraulich behandelt. Au\u00dferdem ist es m\u00f6glich, bereits im Vorfeld eine Geheimhaltungsvereinbarung zu unterzeichnen.<\/p>\n\n\n<h2 class=\"wp-block-heading\"><strong><strong><strong>Machbarkeitsstudie anfordern<\/strong><\/strong><\/strong><\/h2>\n\n\n<p>M\u00f6chten Sie eine Machbarkeitsstudie anfordern? Dann klicken Sie auf die nachstehende Schaltfl\u00e4che und f\u00fcllen Sie das Anfrageformular aus. Ihre Anfrage bearbeiten wir schnellstm\u00f6glich und einer unserer Ingenieure nimmt dann Kontakt mit Ihnen auf.<\/p>\n\n\n<div class=\"wp-block-buttons is-layout-flex wp-block-buttons-is-layout-flex\">\n<div class=\"wp-block-button\"><a class=\"wp-block-button__link has-background\" href=\"https:\/\/www.hsv-pi.nl\/de\/machbarkeitsstudie-anfordern\/\" style=\"background-color:#c8102e\" target=\"_blank\" rel=\"noreferrer noopener\">Machbarkeitsstudie anfordern<\/a><\/div>\n<\/div>\n","protected":false},"excerpt":{"rendered":"<p>Was ist eine Machbarkeitsstudie? Die (Um-)Gestaltung eines neuen Kunststoffprodukts beginnt mit einem gut durchdachten Entwurf. Deshalb k\u00f6nnen Sie schon im&#8230;<\/p>\n","protected":false},"author":1,"featured_media":0,"parent":0,"menu_order":0,"comment_status":"closed","ping_status":"closed","template":"","meta":{"_acf_changed":false,"footnotes":""},"class_list":["post-4314","page","type-page","status-publish","hentry"],"acf":[],"yoast_head":"<!-- This site is optimized with the Yoast SEO plugin v27.5 - https:\/\/yoast.com\/product\/yoast-seo-wordpress\/ -->\n<title>Machbarkeitsstudie; Testen Sie die Herstellbarkeit Ihres Produkts - HSV<\/title>\n<meta name=\"description\" content=\"Die (Um-)Gestaltung eines neuen Kunststoffprodukts beginnt mit einem gut durchdachten Entwurf. Testen Sie den Entwurf und fordern Sie bei HSV eine Machbarkeitsstudie an -&gt;\" \/>\n<meta name=\"robots\" content=\"index, follow, max-snippet:-1, max-image-preview:large, max-video-preview:-1\" \/>\n<link rel=\"canonical\" href=\"https:\/\/www.hsv-pi.nl\/de\/machbarkeitsstudie-testen-sie-die-herstellbarkeit-ihres-produkts\/\" \/>\n<meta property=\"og:locale\" content=\"de_DE\" \/>\n<meta property=\"og:type\" content=\"article\" \/>\n<meta property=\"og:title\" content=\"Machbarkeitsstudie; Testen Sie die Herstellbarkeit Ihres Produkts - HSV\" \/>\n<meta property=\"og:description\" content=\"Die (Um-)Gestaltung eines neuen Kunststoffprodukts beginnt mit einem gut durchdachten Entwurf. Testen Sie den Entwurf und fordern Sie bei HSV eine Machbarkeitsstudie an -&gt;\" \/>\n<meta property=\"og:url\" content=\"https:\/\/www.hsv-pi.nl\/de\/machbarkeitsstudie-testen-sie-die-herstellbarkeit-ihres-produkts\/\" \/>\n<meta property=\"og:site_name\" content=\"HSV\" \/>\n<meta property=\"article:modified_time\" content=\"2023-01-26T14:12:37+00:00\" \/>\n<meta name=\"twitter:card\" content=\"summary_large_image\" \/>\n<meta name=\"twitter:label1\" content=\"Gesch\u00e4tzte Lesezeit\" \/>\n\t<meta name=\"twitter:data1\" content=\"3\u00a0Minuten\" \/>\n<script type=\"application\/ld+json\" class=\"yoast-schema-graph\">{\"@context\":\"https:\\\/\\\/schema.org\",\"@graph\":[{\"@type\":\"WebPage\",\"@id\":\"https:\\\/\\\/www.hsv-pi.nl\\\/de\\\/machbarkeitsstudie-testen-sie-die-herstellbarkeit-ihres-produkts\\\/\",\"url\":\"https:\\\/\\\/www.hsv-pi.nl\\\/de\\\/machbarkeitsstudie-testen-sie-die-herstellbarkeit-ihres-produkts\\\/\",\"name\":\"Machbarkeitsstudie; Testen Sie die Herstellbarkeit Ihres Produkts - HSV\",\"isPartOf\":{\"@id\":\"https:\\\/\\\/www.hsv-pi.nl\\\/#website\"},\"datePublished\":\"2021-04-29T10:40:35+00:00\",\"dateModified\":\"2023-01-26T14:12:37+00:00\",\"description\":\"Die (Um-)Gestaltung eines neuen Kunststoffprodukts beginnt mit einem gut durchdachten Entwurf. Testen Sie den Entwurf und fordern Sie bei HSV eine Machbarkeitsstudie an ->\",\"breadcrumb\":{\"@id\":\"https:\\\/\\\/www.hsv-pi.nl\\\/de\\\/machbarkeitsstudie-testen-sie-die-herstellbarkeit-ihres-produkts\\\/#breadcrumb\"},\"inLanguage\":\"de\",\"potentialAction\":[{\"@type\":\"ReadAction\",\"target\":[\"https:\\\/\\\/www.hsv-pi.nl\\\/de\\\/machbarkeitsstudie-testen-sie-die-herstellbarkeit-ihres-produkts\\\/\"]}]},{\"@type\":\"BreadcrumbList\",\"@id\":\"https:\\\/\\\/www.hsv-pi.nl\\\/de\\\/machbarkeitsstudie-testen-sie-die-herstellbarkeit-ihres-produkts\\\/#breadcrumb\",\"itemListElement\":[{\"@type\":\"ListItem\",\"position\":1,\"name\":\"Home\",\"item\":\"https:\\\/\\\/www.hsv-pi.nl\\\/de\\\/\"},{\"@type\":\"ListItem\",\"position\":2,\"name\":\"Machbarkeitsstudie; Testen Sie die Herstellbarkeit Ihres Produkts\"}]},{\"@type\":\"WebSite\",\"@id\":\"https:\\\/\\\/www.hsv-pi.nl\\\/#website\",\"url\":\"https:\\\/\\\/www.hsv-pi.nl\\\/\",\"name\":\"HSV\",\"description\":\"\",\"potentialAction\":[{\"@type\":\"SearchAction\",\"target\":{\"@type\":\"EntryPoint\",\"urlTemplate\":\"https:\\\/\\\/www.hsv-pi.nl\\\/?s={search_term_string}\"},\"query-input\":{\"@type\":\"PropertyValueSpecification\",\"valueRequired\":true,\"valueName\":\"search_term_string\"}}],\"inLanguage\":\"de\"}]}<\/script>\n<!-- \/ Yoast SEO plugin. -->","yoast_head_json":{"title":"Machbarkeitsstudie; Testen Sie die Herstellbarkeit Ihres Produkts - HSV","description":"Die (Um-)Gestaltung eines neuen Kunststoffprodukts beginnt mit einem gut durchdachten Entwurf. Testen Sie den Entwurf und fordern Sie bei HSV eine Machbarkeitsstudie an ->","robots":{"index":"index","follow":"follow","max-snippet":"max-snippet:-1","max-image-preview":"max-image-preview:large","max-video-preview":"max-video-preview:-1"},"canonical":"https:\/\/www.hsv-pi.nl\/de\/machbarkeitsstudie-testen-sie-die-herstellbarkeit-ihres-produkts\/","og_locale":"de_DE","og_type":"article","og_title":"Machbarkeitsstudie; Testen Sie die Herstellbarkeit Ihres Produkts - HSV","og_description":"Die (Um-)Gestaltung eines neuen Kunststoffprodukts beginnt mit einem gut durchdachten Entwurf. Testen Sie den Entwurf und fordern Sie bei HSV eine Machbarkeitsstudie an ->","og_url":"https:\/\/www.hsv-pi.nl\/de\/machbarkeitsstudie-testen-sie-die-herstellbarkeit-ihres-produkts\/","og_site_name":"HSV","article_modified_time":"2023-01-26T14:12:37+00:00","twitter_card":"summary_large_image","twitter_misc":{"Gesch\u00e4tzte Lesezeit":"3\u00a0Minuten"},"schema":{"@context":"https:\/\/schema.org","@graph":[{"@type":"WebPage","@id":"https:\/\/www.hsv-pi.nl\/de\/machbarkeitsstudie-testen-sie-die-herstellbarkeit-ihres-produkts\/","url":"https:\/\/www.hsv-pi.nl\/de\/machbarkeitsstudie-testen-sie-die-herstellbarkeit-ihres-produkts\/","name":"Machbarkeitsstudie; Testen Sie die Herstellbarkeit Ihres Produkts - HSV","isPartOf":{"@id":"https:\/\/www.hsv-pi.nl\/#website"},"datePublished":"2021-04-29T10:40:35+00:00","dateModified":"2023-01-26T14:12:37+00:00","description":"Die (Um-)Gestaltung eines neuen Kunststoffprodukts beginnt mit einem gut durchdachten Entwurf. Testen Sie den Entwurf und fordern Sie bei HSV eine Machbarkeitsstudie an ->","breadcrumb":{"@id":"https:\/\/www.hsv-pi.nl\/de\/machbarkeitsstudie-testen-sie-die-herstellbarkeit-ihres-produkts\/#breadcrumb"},"inLanguage":"de","potentialAction":[{"@type":"ReadAction","target":["https:\/\/www.hsv-pi.nl\/de\/machbarkeitsstudie-testen-sie-die-herstellbarkeit-ihres-produkts\/"]}]},{"@type":"BreadcrumbList","@id":"https:\/\/www.hsv-pi.nl\/de\/machbarkeitsstudie-testen-sie-die-herstellbarkeit-ihres-produkts\/#breadcrumb","itemListElement":[{"@type":"ListItem","position":1,"name":"Home","item":"https:\/\/www.hsv-pi.nl\/de\/"},{"@type":"ListItem","position":2,"name":"Machbarkeitsstudie; Testen Sie die Herstellbarkeit Ihres Produkts"}]},{"@type":"WebSite","@id":"https:\/\/www.hsv-pi.nl\/#website","url":"https:\/\/www.hsv-pi.nl\/","name":"HSV","description":"","potentialAction":[{"@type":"SearchAction","target":{"@type":"EntryPoint","urlTemplate":"https:\/\/www.hsv-pi.nl\/?s={search_term_string}"},"query-input":{"@type":"PropertyValueSpecification","valueRequired":true,"valueName":"search_term_string"}}],"inLanguage":"de"}]}},"_links":{"self":[{"href":"https:\/\/www.hsv-pi.nl\/de\/wp-json\/wp\/v2\/pages\/4314","targetHints":{"allow":["GET"]}}],"collection":[{"href":"https:\/\/www.hsv-pi.nl\/de\/wp-json\/wp\/v2\/pages"}],"about":[{"href":"https:\/\/www.hsv-pi.nl\/de\/wp-json\/wp\/v2\/types\/page"}],"author":[{"embeddable":true,"href":"https:\/\/www.hsv-pi.nl\/de\/wp-json\/wp\/v2\/users\/1"}],"replies":[{"embeddable":true,"href":"https:\/\/www.hsv-pi.nl\/de\/wp-json\/wp\/v2\/comments?post=4314"}],"version-history":[{"count":0,"href":"https:\/\/www.hsv-pi.nl\/de\/wp-json\/wp\/v2\/pages\/4314\/revisions"}],"wp:attachment":[{"href":"https:\/\/www.hsv-pi.nl\/de\/wp-json\/wp\/v2\/media?parent=4314"}],"curies":[{"name":"wp","href":"https:\/\/api.w.org\/{rel}","templated":true}]}}