{"id":4349,"date":"2021-05-31T11:37:08","date_gmt":"2021-05-31T09:37:08","guid":{"rendered":"https:\/\/www.hsv-pi.nl\/urban-mobility\/"},"modified":"2021-12-09T12:49:45","modified_gmt":"2021-12-09T11:49:45","slug":"urbane-mobilitaet","status":"publish","type":"page","link":"https:\/\/www.hsv-pi.nl\/de\/urbane-mobilitaet\/","title":{"rendered":"Urbane Mobilit\u00e4t"},"content":{"rendered":"<h4><strong>Vom Stadtrad bis zur letzten Meile in der Logistik<\/strong><\/h4>\n<p>Die Partikelsch\u00e4ume von HSV werden h\u00e4ufig im Bereich der urbanen Mobilit\u00e4t angewandt&nbsp;\u2013 vom Stadtrad bis hin zum Transportmittel f\u00fcr die letzte Meile der Zustellung. Denn expandierbare Kunststoffe wie EPS (airpop engineered air), EPP und ETPU sind nicht nur langlebig und leicht. Sie bieten auch komplette Formgebungsfreiheit und sorgen f\u00fcr Schutz im Verkehr. Zur Herstellung Ihrer Produkte nutzt HSV gr\u00fcne Dampfenergie und gr\u00fcnen Strom. Zudem lassen sich unsere Partikelsch\u00e4ume vollst\u00e4ndig recyceln.<\/p>\n<p>M\u00f6chten Sie Ihr Produkt innovativ erneuern und zudem Einsparungen bei Time-to-Market, Material, Energie, Kosten und Gewicht realisieren? Fordern Sie eine kostenlose Machbarkeitsstudie bei den Partikelschaum-Ingenieuren von HSV an. Lassen Sie sich unverbindlich von unseren Ingenieuren beraten und verschaffen Sie sich einen \u00dcberblick der M\u00f6glichkeiten f\u00fcr Ihr Produkt und\/oder Halbfabrikat und der ben\u00f6tigten Herstellungszeit. Sie erhalten auch einen ersten Kostenvoranschlag.&nbsp;<\/p>\n\n\n<div class=\"wp-block-buttons is-layout-flex wp-block-buttons-is-layout-flex\">\n<div class=\"wp-block-button\"><a class=\"wp-block-button__link has-background\" href=\"https:\/\/www.hsv-pi.nl\/de\/machbarkeitsstudie-anfordern\/\" style=\"background-color:#c8102e\" target=\"_blank\" rel=\"noreferrer noopener\">Machbarkeitsstudie anfordern<\/a><\/div>\n<\/div>\n","protected":false},"excerpt":{"rendered":"<p>Vom Stadtrad bis zur letzten Meile in der Logistik Die Partikelsch\u00e4ume von HSV werden h\u00e4ufig im Bereich der urbanen Mobilit\u00e4t&#8230;<\/p>\n","protected":false},"author":1,"featured_media":0,"parent":0,"menu_order":0,"comment_status":"closed","ping_status":"closed","template":"","meta":{"_acf_changed":false,"footnotes":""},"class_list":["post-4349","page","type-page","status-publish","hentry"],"acf":[],"yoast_head":"<!-- This site is optimized with the Yoast SEO plugin v27.5 - https:\/\/yoast.com\/product\/yoast-seo-wordpress\/ -->\n<title>Urbane Mobilit\u00e4t - HSV<\/title>\n<meta name=\"description\" content=\"Urbane Mobilit\u00e4t: vom Stadtrad bis zur letzten Meile in der Logistik Die Partikelsch\u00e4ume von HSV werden h\u00e4ufig im Bereich der urbanen Mobilit\u00e4t angewandt. Langlebig und leicht, Formgebungsfreiheit und Schutz-&gt;\" \/>\n<meta name=\"robots\" content=\"index, follow, max-snippet:-1, max-image-preview:large, max-video-preview:-1\" \/>\n<link rel=\"canonical\" href=\"https:\/\/www.hsv-pi.nl\/de\/urbane-mobilitaet\/\" \/>\n<meta property=\"og:locale\" content=\"de_DE\" \/>\n<meta property=\"og:type\" content=\"article\" \/>\n<meta property=\"og:title\" content=\"Urbane Mobilit\u00e4t - HSV\" \/>\n<meta property=\"og:description\" content=\"Urbane Mobilit\u00e4t: vom Stadtrad bis zur letzten Meile in der Logistik Die Partikelsch\u00e4ume von HSV werden h\u00e4ufig im Bereich der urbanen Mobilit\u00e4t angewandt. Langlebig und leicht, Formgebungsfreiheit und Schutz-&gt;\" \/>\n<meta property=\"og:url\" content=\"https:\/\/www.hsv-pi.nl\/de\/urbane-mobilitaet\/\" \/>\n<meta property=\"og:site_name\" content=\"HSV\" \/>\n<meta property=\"article:modified_time\" content=\"2021-12-09T11:49:45+00:00\" \/>\n<meta name=\"twitter:card\" content=\"summary_large_image\" \/>\n<meta name=\"twitter:label1\" content=\"Gesch\u00e4tzte Lesezeit\" \/>\n\t<meta name=\"twitter:data1\" content=\"1\u00a0Minute\" \/>\n<script type=\"application\/ld+json\" class=\"yoast-schema-graph\">{\"@context\":\"https:\\\/\\\/schema.org\",\"@graph\":[{\"@type\":\"WebPage\",\"@id\":\"https:\\\/\\\/www.hsv-pi.nl\\\/de\\\/urbane-mobilitaet\\\/\",\"url\":\"https:\\\/\\\/www.hsv-pi.nl\\\/de\\\/urbane-mobilitaet\\\/\",\"name\":\"Urbane Mobilit\u00e4t - HSV\",\"isPartOf\":{\"@id\":\"https:\\\/\\\/www.hsv-pi.nl\\\/#website\"},\"datePublished\":\"2021-05-31T09:37:08+00:00\",\"dateModified\":\"2021-12-09T11:49:45+00:00\",\"description\":\"Urbane Mobilit\u00e4t: vom Stadtrad bis zur letzten Meile in der Logistik Die Partikelsch\u00e4ume von HSV werden h\u00e4ufig im Bereich der urbanen Mobilit\u00e4t angewandt. Langlebig und leicht, Formgebungsfreiheit und Schutz->\",\"breadcrumb\":{\"@id\":\"https:\\\/\\\/www.hsv-pi.nl\\\/de\\\/urbane-mobilitaet\\\/#breadcrumb\"},\"inLanguage\":\"de\",\"potentialAction\":[{\"@type\":\"ReadAction\",\"target\":[\"https:\\\/\\\/www.hsv-pi.nl\\\/de\\\/urbane-mobilitaet\\\/\"]}]},{\"@type\":\"BreadcrumbList\",\"@id\":\"https:\\\/\\\/www.hsv-pi.nl\\\/de\\\/urbane-mobilitaet\\\/#breadcrumb\",\"itemListElement\":[{\"@type\":\"ListItem\",\"position\":1,\"name\":\"Home\",\"item\":\"https:\\\/\\\/www.hsv-pi.nl\\\/de\\\/\"},{\"@type\":\"ListItem\",\"position\":2,\"name\":\"Urbane Mobilit\u00e4t\"}]},{\"@type\":\"WebSite\",\"@id\":\"https:\\\/\\\/www.hsv-pi.nl\\\/#website\",\"url\":\"https:\\\/\\\/www.hsv-pi.nl\\\/\",\"name\":\"HSV\",\"description\":\"\",\"potentialAction\":[{\"@type\":\"SearchAction\",\"target\":{\"@type\":\"EntryPoint\",\"urlTemplate\":\"https:\\\/\\\/www.hsv-pi.nl\\\/?s={search_term_string}\"},\"query-input\":{\"@type\":\"PropertyValueSpecification\",\"valueRequired\":true,\"valueName\":\"search_term_string\"}}],\"inLanguage\":\"de\"}]}<\/script>\n<!-- \/ Yoast SEO plugin. -->","yoast_head_json":{"title":"Urbane Mobilit\u00e4t - HSV","description":"Urbane Mobilit\u00e4t: vom Stadtrad bis zur letzten Meile in der Logistik Die Partikelsch\u00e4ume von HSV werden h\u00e4ufig im Bereich der urbanen Mobilit\u00e4t angewandt. Langlebig und leicht, Formgebungsfreiheit und Schutz->","robots":{"index":"index","follow":"follow","max-snippet":"max-snippet:-1","max-image-preview":"max-image-preview:large","max-video-preview":"max-video-preview:-1"},"canonical":"https:\/\/www.hsv-pi.nl\/de\/urbane-mobilitaet\/","og_locale":"de_DE","og_type":"article","og_title":"Urbane Mobilit\u00e4t - HSV","og_description":"Urbane Mobilit\u00e4t: vom Stadtrad bis zur letzten Meile in der Logistik Die Partikelsch\u00e4ume von HSV werden h\u00e4ufig im Bereich der urbanen Mobilit\u00e4t angewandt. Langlebig und leicht, Formgebungsfreiheit und Schutz->","og_url":"https:\/\/www.hsv-pi.nl\/de\/urbane-mobilitaet\/","og_site_name":"HSV","article_modified_time":"2021-12-09T11:49:45+00:00","twitter_card":"summary_large_image","twitter_misc":{"Gesch\u00e4tzte Lesezeit":"1\u00a0Minute"},"schema":{"@context":"https:\/\/schema.org","@graph":[{"@type":"WebPage","@id":"https:\/\/www.hsv-pi.nl\/de\/urbane-mobilitaet\/","url":"https:\/\/www.hsv-pi.nl\/de\/urbane-mobilitaet\/","name":"Urbane Mobilit\u00e4t - HSV","isPartOf":{"@id":"https:\/\/www.hsv-pi.nl\/#website"},"datePublished":"2021-05-31T09:37:08+00:00","dateModified":"2021-12-09T11:49:45+00:00","description":"Urbane Mobilit\u00e4t: vom Stadtrad bis zur letzten Meile in der Logistik Die Partikelsch\u00e4ume von HSV werden h\u00e4ufig im Bereich der urbanen Mobilit\u00e4t angewandt. Langlebig und leicht, Formgebungsfreiheit und Schutz->","breadcrumb":{"@id":"https:\/\/www.hsv-pi.nl\/de\/urbane-mobilitaet\/#breadcrumb"},"inLanguage":"de","potentialAction":[{"@type":"ReadAction","target":["https:\/\/www.hsv-pi.nl\/de\/urbane-mobilitaet\/"]}]},{"@type":"BreadcrumbList","@id":"https:\/\/www.hsv-pi.nl\/de\/urbane-mobilitaet\/#breadcrumb","itemListElement":[{"@type":"ListItem","position":1,"name":"Home","item":"https:\/\/www.hsv-pi.nl\/de\/"},{"@type":"ListItem","position":2,"name":"Urbane Mobilit\u00e4t"}]},{"@type":"WebSite","@id":"https:\/\/www.hsv-pi.nl\/#website","url":"https:\/\/www.hsv-pi.nl\/","name":"HSV","description":"","potentialAction":[{"@type":"SearchAction","target":{"@type":"EntryPoint","urlTemplate":"https:\/\/www.hsv-pi.nl\/?s={search_term_string}"},"query-input":{"@type":"PropertyValueSpecification","valueRequired":true,"valueName":"search_term_string"}}],"inLanguage":"de"}]}},"_links":{"self":[{"href":"https:\/\/www.hsv-pi.nl\/de\/wp-json\/wp\/v2\/pages\/4349","targetHints":{"allow":["GET"]}}],"collection":[{"href":"https:\/\/www.hsv-pi.nl\/de\/wp-json\/wp\/v2\/pages"}],"about":[{"href":"https:\/\/www.hsv-pi.nl\/de\/wp-json\/wp\/v2\/types\/page"}],"author":[{"embeddable":true,"href":"https:\/\/www.hsv-pi.nl\/de\/wp-json\/wp\/v2\/users\/1"}],"replies":[{"embeddable":true,"href":"https:\/\/www.hsv-pi.nl\/de\/wp-json\/wp\/v2\/comments?post=4349"}],"version-history":[{"count":0,"href":"https:\/\/www.hsv-pi.nl\/de\/wp-json\/wp\/v2\/pages\/4349\/revisions"}],"wp:attachment":[{"href":"https:\/\/www.hsv-pi.nl\/de\/wp-json\/wp\/v2\/media?parent=4349"}],"curies":[{"name":"wp","href":"https:\/\/api.w.org\/{rel}","templated":true}]}}