{"id":4377,"date":"2021-06-08T15:56:00","date_gmt":"2021-06-08T13:56:00","guid":{"rendered":"https:\/\/www.hsv-pi.nl\/assembly-at-hsv\/"},"modified":"2021-06-11T14:13:34","modified_gmt":"2021-06-11T12:13:34","slug":"montage-bei-hsv","status":"publish","type":"page","link":"https:\/\/www.hsv-pi.nl\/de\/montage-bei-hsv\/","title":{"rendered":"Montage bei HSV"},"content":{"rendered":"\n<h2 class=\"wp-block-heading\"><strong><strong><strong> zur Vereinfachung Ihrer Logistik<\/strong><\/strong><\/strong><\/h2>\n\n\n<p>Egal ob Verschwei\u00dfen, Verleimen, Zusammensetzen oder Verpacken, die Montage Ihrer Produkte k\u00f6nnen Sie den Partikelschaum-Ingenieuren von HSV \u00fcberlassen. F\u00fcr die Montage werden kundenspezifische Montageb\u00e4nder eingerichtet. Durch das Outsourcen der Montageschritte f\u00fcr Ihre Partikelschaumprodukte k\u00f6nnen Sie auf verschiedenen Ebenen Kosten sparen und Ihren Logistikprozess vereinfachen. M\u00f6chten auch Sie Kosten sparen und den Prozess vereinfachen? Erkundigen Sie sich nach den M\u00f6glichkeiten.<\/p>\n\n\n<div class=\"wp-block-buttons is-layout-flex wp-block-buttons-is-layout-flex\"><\/div>\n\n\n\n<div class=\"wp-block-buttons is-layout-flex wp-block-buttons-is-layout-flex\">\n<div class=\"wp-block-button\"><a class=\"wp-block-button__link has-white-color has-text-color has-background\" href=\"mailto:sales@hsv.nl\" style=\"background-color:#c8102e\" target=\"_blank\" rel=\"noreferrer noopener\">Ja, ich m\u00f6chte n\u00e4here Informationen<\/a><\/div>\n<\/div>\n\n\n\n<h2 class=\"wp-block-heading\"><strong><strong><strong>Montage bei HSV mit hochmodernen Anlagen<\/strong><\/strong><\/strong><\/h2>\n\n\n<p>Die f\u00fcr den Zusammenbau verantwortliche Abteilung bei HSV verf\u00fcgt \u00fcber hochmoderne Anlagen und kann verschiedenste Montagearbeiten f\u00fcr Sie erledigen. Dazu geh\u00f6ren:<\/p>\n<ul>\n<li>Spiegelschwei\u00dfen<\/li>\n<li>Fr\u00e4sen&nbsp;<\/li>\n<li>Teilmontage von Komponenten, zum Beispiel Gummidichtungen einsetzen, Kabel verlegen usw.<\/li>\n<li>Aufkleber anbringen<\/li>\n<li>Integration kundenspezifischer Endverpackungen&nbsp;<\/li>\n<li>Abschlie\u00dfende Pr\u00fcfung der Zusammensetzungen, zum Beispiel auf Luftdichtheit<\/li>\n<\/ul>\n<p>Die Montagearbeiten erfolgen firmenintern bei HSV. So k\u00f6nnen wir eine konstante Qualit\u00e4t und Flexibilit\u00e4t gew\u00e4hrleisten. Zu den M\u00f6glichkeiten geh\u00f6rt au\u00dferdem, dass HSV f\u00fcr Sie den Einkauf zus\u00e4tzlicher Artikel, die Lagerverwaltung und die Logistik organisiert.<\/p>\n\n\n<div class=\"wp-block-buttons is-layout-flex wp-block-buttons-is-layout-flex\">\n<div class=\"wp-block-button\"><a class=\"wp-block-button__link has-background\" href=\"mailto:sales@hsv.nl\" style=\"background-color:#c8201e\" target=\"_blank\" rel=\"noreferrer noopener\">Ja, ich m\u00f6chte n\u00e4here Informationen<\/a><\/div>\n<\/div>\n\n\n\n<h2 class=\"wp-block-heading\"><strong><strong><strong>Testanordnung und Arbeitsweise festlegen <\/strong><\/strong><\/strong><\/h2>\n\n\n<p>Bevor ein neues Produkt zusammengesetzt wird, werden alle ben\u00f6tigten Materialien \u00fcberpr\u00fcft. In einer Testanordnung wird der optimale Ablauf getestet und festgelegt. Die Mitarbeiter werden entsprechend angewiesen. Zwischenzeitlich werden Qualit\u00e4tskontrollen durchgef\u00fchrt.<\/p>\n\n\n<h2 class=\"wp-block-heading\"><strong><strong><strong>HSV denkt auf allen Ebenen mit<\/strong><\/strong><\/strong><\/h2>\n\n\n<p>Bei der erfolgreichen Entwicklung eines Produkts spielen verschiedene Faktoren eine Rolle: die Materialauswahl, die genutzte Produktionstechnik, das Preis-\/Leistungsverh\u00e4ltnis des Formwerkzeugs, der Selbstkostenpreis des Endprodukts und dergleichen. HSV denkt auf allen Ebenen mit.<\/p>\n<p>F\u00fcr die Herstellung eines hochwertigen Produkts ist immer eine gute Teamleistung gefragt. Alles dreht sich um das Zusammenspiel der Abteilungen F&nbsp;&amp;&nbsp;E, Marketing&nbsp;&amp;&nbsp;Vertrieb, Einkauf, Logistik und Qualit\u00e4tssicherung. Die Partikelschaum-Ingenieure von HSV unterst\u00fctzen Sie in s\u00e4mtlichen Phasen des Prozesses.<\/p>\n\n\n<h2 class=\"wp-block-heading\"><strong>ISO 9001:2015<\/strong><\/h2>\n\n\n<p>HSV ist nach <a href=\"https:\/\/www.hsv-pi.nl\/wp-content\/uploads\/2019\/12\/ISO-certificaat-2020-2023.pdf\">ISO 9001:2015<\/a> zertifiziert.<\/p>\n\n\n<h2 class=\"wp-block-heading\"><strong><strong><strong>Mehr \u00fcber die Montage<\/strong><\/strong><\/strong><\/h2>\n\n\n<p>M\u00f6chten Sie mehr \u00fcber die Montage bei HSV erfahren? Nutzen Sie die nachstehende Schaltfl\u00e4che und richten Sie Ihre Frage direkt an einen unserer Mitarbeiter. Oder rufen Sie uns unter <a href=\"Tel.:+31&nbsp;318&nbsp;648999\">+31 318 648 999<\/a> an.<\/p>\n\n\n<div class=\"wp-block-buttons is-layout-flex wp-block-buttons-is-layout-flex\">\n<div class=\"wp-block-button\"><a class=\"wp-block-button__link has-background\" style=\"background-color:#c8102c\">Ja, ich m\u00f6chte mehr dar\u00fcber erfahren<\/a><\/div>\n<\/div>\n","protected":false},"excerpt":{"rendered":"<p>zur Vereinfachung Ihrer Logistik Egal ob Verschwei\u00dfen, Verleimen, Zusammensetzen oder Verpacken, die Montage Ihrer Produkte k\u00f6nnen Sie den Partikelschaum-Ingenieuren von&#8230;<\/p>\n","protected":false},"author":1,"featured_media":601,"parent":0,"menu_order":0,"comment_status":"closed","ping_status":"closed","template":"","meta":{"_acf_changed":false,"footnotes":""},"class_list":["post-4377","page","type-page","status-publish","has-post-thumbnail","hentry"],"acf":[],"yoast_head":"<!-- This site is optimized with the Yoast SEO plugin v27.5 - https:\/\/yoast.com\/product\/yoast-seo-wordpress\/ -->\n<title>Montage bei HSV - HSV<\/title>\n<meta name=\"description\" content=\"Montage bei HSV zur Vereinfachung Ihrer Logistik. Egal ob Verschwei\u00dfen, Verleimen, Zusammensetzen oder Verpacken. Mehr lesen -&gt;\" \/>\n<meta name=\"robots\" content=\"index, follow, max-snippet:-1, max-image-preview:large, max-video-preview:-1\" \/>\n<link rel=\"canonical\" href=\"https:\/\/www.hsv-pi.nl\/de\/montage-bei-hsv\/\" \/>\n<meta property=\"og:locale\" content=\"de_DE\" \/>\n<meta property=\"og:type\" content=\"article\" \/>\n<meta property=\"og:title\" content=\"Montage bei HSV - HSV\" \/>\n<meta property=\"og:description\" content=\"Montage bei HSV zur Vereinfachung Ihrer Logistik. Egal ob Verschwei\u00dfen, Verleimen, Zusammensetzen oder Verpacken. Mehr lesen -&gt;\" \/>\n<meta property=\"og:url\" content=\"https:\/\/www.hsv-pi.nl\/de\/montage-bei-hsv\/\" \/>\n<meta property=\"og:site_name\" content=\"HSV\" \/>\n<meta property=\"article:modified_time\" content=\"2021-06-11T12:13:34+00:00\" \/>\n<meta property=\"og:image\" content=\"https:\/\/www.hsv-pi.nl\/wp-content\/uploads\/2016\/11\/product.jpg\" \/>\n\t<meta property=\"og:image:width\" content=\"625\" \/>\n\t<meta property=\"og:image:height\" content=\"904\" \/>\n\t<meta property=\"og:image:type\" content=\"image\/jpeg\" \/>\n<meta name=\"twitter:card\" content=\"summary_large_image\" \/>\n<meta name=\"twitter:label1\" content=\"Gesch\u00e4tzte Lesezeit\" \/>\n\t<meta name=\"twitter:data1\" content=\"2\u00a0Minuten\" \/>\n<script type=\"application\/ld+json\" class=\"yoast-schema-graph\">{\"@context\":\"https:\\\/\\\/schema.org\",\"@graph\":[{\"@type\":\"WebPage\",\"@id\":\"https:\\\/\\\/www.hsv-pi.nl\\\/de\\\/montage-bei-hsv\\\/\",\"url\":\"https:\\\/\\\/www.hsv-pi.nl\\\/de\\\/montage-bei-hsv\\\/\",\"name\":\"Montage bei HSV - HSV\",\"isPartOf\":{\"@id\":\"https:\\\/\\\/www.hsv-pi.nl\\\/#website\"},\"primaryImageOfPage\":{\"@id\":\"https:\\\/\\\/www.hsv-pi.nl\\\/de\\\/montage-bei-hsv\\\/#primaryimage\"},\"image\":{\"@id\":\"https:\\\/\\\/www.hsv-pi.nl\\\/de\\\/montage-bei-hsv\\\/#primaryimage\"},\"thumbnailUrl\":\"https:\\\/\\\/www.hsv-pi.nl\\\/wp-content\\\/uploads\\\/2016\\\/11\\\/product.jpg\",\"datePublished\":\"2021-06-08T13:56:00+00:00\",\"dateModified\":\"2021-06-11T12:13:34+00:00\",\"description\":\"Montage bei HSV zur Vereinfachung Ihrer Logistik. Egal ob Verschwei\u00dfen, Verleimen, Zusammensetzen oder Verpacken. Mehr lesen ->\",\"breadcrumb\":{\"@id\":\"https:\\\/\\\/www.hsv-pi.nl\\\/de\\\/montage-bei-hsv\\\/#breadcrumb\"},\"inLanguage\":\"de\",\"potentialAction\":[{\"@type\":\"ReadAction\",\"target\":[\"https:\\\/\\\/www.hsv-pi.nl\\\/de\\\/montage-bei-hsv\\\/\"]}]},{\"@type\":\"ImageObject\",\"inLanguage\":\"de\",\"@id\":\"https:\\\/\\\/www.hsv-pi.nl\\\/de\\\/montage-bei-hsv\\\/#primaryimage\",\"url\":\"https:\\\/\\\/www.hsv-pi.nl\\\/wp-content\\\/uploads\\\/2016\\\/11\\\/product.jpg\",\"contentUrl\":\"https:\\\/\\\/www.hsv-pi.nl\\\/wp-content\\\/uploads\\\/2016\\\/11\\\/product.jpg\",\"width\":625,\"height\":904},{\"@type\":\"BreadcrumbList\",\"@id\":\"https:\\\/\\\/www.hsv-pi.nl\\\/de\\\/montage-bei-hsv\\\/#breadcrumb\",\"itemListElement\":[{\"@type\":\"ListItem\",\"position\":1,\"name\":\"Home\",\"item\":\"https:\\\/\\\/www.hsv-pi.nl\\\/de\\\/\"},{\"@type\":\"ListItem\",\"position\":2,\"name\":\"Montage bei HSV\"}]},{\"@type\":\"WebSite\",\"@id\":\"https:\\\/\\\/www.hsv-pi.nl\\\/#website\",\"url\":\"https:\\\/\\\/www.hsv-pi.nl\\\/\",\"name\":\"HSV\",\"description\":\"\",\"potentialAction\":[{\"@type\":\"SearchAction\",\"target\":{\"@type\":\"EntryPoint\",\"urlTemplate\":\"https:\\\/\\\/www.hsv-pi.nl\\\/?s={search_term_string}\"},\"query-input\":{\"@type\":\"PropertyValueSpecification\",\"valueRequired\":true,\"valueName\":\"search_term_string\"}}],\"inLanguage\":\"de\"}]}<\/script>\n<!-- \/ Yoast SEO plugin. -->","yoast_head_json":{"title":"Montage bei HSV - HSV","description":"Montage bei HSV zur Vereinfachung Ihrer Logistik. Egal ob Verschwei\u00dfen, Verleimen, Zusammensetzen oder Verpacken. Mehr lesen ->","robots":{"index":"index","follow":"follow","max-snippet":"max-snippet:-1","max-image-preview":"max-image-preview:large","max-video-preview":"max-video-preview:-1"},"canonical":"https:\/\/www.hsv-pi.nl\/de\/montage-bei-hsv\/","og_locale":"de_DE","og_type":"article","og_title":"Montage bei HSV - HSV","og_description":"Montage bei HSV zur Vereinfachung Ihrer Logistik. Egal ob Verschwei\u00dfen, Verleimen, Zusammensetzen oder Verpacken. Mehr lesen ->","og_url":"https:\/\/www.hsv-pi.nl\/de\/montage-bei-hsv\/","og_site_name":"HSV","article_modified_time":"2021-06-11T12:13:34+00:00","og_image":[{"width":625,"height":904,"url":"https:\/\/www.hsv-pi.nl\/wp-content\/uploads\/2016\/11\/product.jpg","type":"image\/jpeg"}],"twitter_card":"summary_large_image","twitter_misc":{"Gesch\u00e4tzte Lesezeit":"2\u00a0Minuten"},"schema":{"@context":"https:\/\/schema.org","@graph":[{"@type":"WebPage","@id":"https:\/\/www.hsv-pi.nl\/de\/montage-bei-hsv\/","url":"https:\/\/www.hsv-pi.nl\/de\/montage-bei-hsv\/","name":"Montage bei HSV - HSV","isPartOf":{"@id":"https:\/\/www.hsv-pi.nl\/#website"},"primaryImageOfPage":{"@id":"https:\/\/www.hsv-pi.nl\/de\/montage-bei-hsv\/#primaryimage"},"image":{"@id":"https:\/\/www.hsv-pi.nl\/de\/montage-bei-hsv\/#primaryimage"},"thumbnailUrl":"https:\/\/www.hsv-pi.nl\/wp-content\/uploads\/2016\/11\/product.jpg","datePublished":"2021-06-08T13:56:00+00:00","dateModified":"2021-06-11T12:13:34+00:00","description":"Montage bei HSV zur Vereinfachung Ihrer Logistik. Egal ob Verschwei\u00dfen, Verleimen, Zusammensetzen oder Verpacken. Mehr lesen ->","breadcrumb":{"@id":"https:\/\/www.hsv-pi.nl\/de\/montage-bei-hsv\/#breadcrumb"},"inLanguage":"de","potentialAction":[{"@type":"ReadAction","target":["https:\/\/www.hsv-pi.nl\/de\/montage-bei-hsv\/"]}]},{"@type":"ImageObject","inLanguage":"de","@id":"https:\/\/www.hsv-pi.nl\/de\/montage-bei-hsv\/#primaryimage","url":"https:\/\/www.hsv-pi.nl\/wp-content\/uploads\/2016\/11\/product.jpg","contentUrl":"https:\/\/www.hsv-pi.nl\/wp-content\/uploads\/2016\/11\/product.jpg","width":625,"height":904},{"@type":"BreadcrumbList","@id":"https:\/\/www.hsv-pi.nl\/de\/montage-bei-hsv\/#breadcrumb","itemListElement":[{"@type":"ListItem","position":1,"name":"Home","item":"https:\/\/www.hsv-pi.nl\/de\/"},{"@type":"ListItem","position":2,"name":"Montage bei HSV"}]},{"@type":"WebSite","@id":"https:\/\/www.hsv-pi.nl\/#website","url":"https:\/\/www.hsv-pi.nl\/","name":"HSV","description":"","potentialAction":[{"@type":"SearchAction","target":{"@type":"EntryPoint","urlTemplate":"https:\/\/www.hsv-pi.nl\/?s={search_term_string}"},"query-input":{"@type":"PropertyValueSpecification","valueRequired":true,"valueName":"search_term_string"}}],"inLanguage":"de"}]}},"_links":{"self":[{"href":"https:\/\/www.hsv-pi.nl\/de\/wp-json\/wp\/v2\/pages\/4377","targetHints":{"allow":["GET"]}}],"collection":[{"href":"https:\/\/www.hsv-pi.nl\/de\/wp-json\/wp\/v2\/pages"}],"about":[{"href":"https:\/\/www.hsv-pi.nl\/de\/wp-json\/wp\/v2\/types\/page"}],"author":[{"embeddable":true,"href":"https:\/\/www.hsv-pi.nl\/de\/wp-json\/wp\/v2\/users\/1"}],"replies":[{"embeddable":true,"href":"https:\/\/www.hsv-pi.nl\/de\/wp-json\/wp\/v2\/comments?post=4377"}],"version-history":[{"count":0,"href":"https:\/\/www.hsv-pi.nl\/de\/wp-json\/wp\/v2\/pages\/4377\/revisions"}],"wp:featuredmedia":[{"embeddable":true,"href":"https:\/\/www.hsv-pi.nl\/de\/wp-json\/wp\/v2\/media\/601"}],"wp:attachment":[{"href":"https:\/\/www.hsv-pi.nl\/de\/wp-json\/wp\/v2\/media?parent=4377"}],"curies":[{"name":"wp","href":"https:\/\/api.w.org\/{rel}","templated":true}]}}