{"id":4590,"date":"2021-07-29T12:12:05","date_gmt":"2021-07-29T10:12:05","guid":{"rendered":"https:\/\/www.hsv-pi.nl\/epp\/"},"modified":"2021-08-30T14:58:24","modified_gmt":"2021-08-30T12:58:24","slug":"epp","status":"publish","type":"page","link":"https:\/\/www.hsv-pi.nl\/de\/epp\/","title":{"rendered":"EPP"},"content":{"rendered":"\n<h3 class=\"wp-block-heading\">Der Partikelschaum EPP (Expanded Polypropylene\/Expandiertes Polypropylen) erm\u00f6glicht Einsparungen bei Gewicht, Energie und Zeit. <\/h3>\n\n\n\n<p>Die vollst\u00e4ndige Gestaltungsfreiheit sorgt daf\u00fcr, dass Designer und Ingenieure ihre Kreativit\u00e4t ausleben k\u00f6nnen und vor ungeahnten M\u00f6glichkeiten f\u00fcr Designerprodukte, technische Formteile und Redesign von Metallteilen stehen.<\/p>\n\n\n\n<div class=\"wp-block-group\"><div class=\"wp-block-group__inner-container is-layout-flow wp-block-group-is-layout-flow\">\n<p><img loading=\"lazy\" decoding=\"async\" class=\"alignright wp-image-397 \" src=\"https:\/\/www.hsv-pi.nl\/wp-content\/uploads\/2016\/07\/molen.png\" alt=\"HSV the particle foam engineers, duurzame producent. Gespecialiseerd in engineering en productie van EPP, EPS, airpop engineered air, in-house hybride productoplossingen en Piocelan\" width=\"76\" height=\"81\" \/> <img loading=\"lazy\" decoding=\"async\" class=\"alignright wp-image-401 \" src=\"https:\/\/www.hsv-pi.nl\/wp-content\/uploads\/2016\/11\/02.png\" alt=\"HSV the particle foam engineers, duurzame producent. Gespecialiseerd in engineering en productie van EPP, EPS, airpop engineered air, in-house hybride productoplossingen en Piocelan\" width=\"76\" height=\"81\" \/> <img loading=\"lazy\" decoding=\"async\" class=\"alignright wp-image-402 \" src=\"https:\/\/www.hsv-pi.nl\/wp-content\/uploads\/2016\/11\/recycling.png\" alt=\"HSV the particle foam engineers, duurzame producent. Gespecialiseerd in engineering en productie van EPP, EPS, airpop engineered air, in-house hybride productoplossingen en Piocelan\" width=\"76\" height=\"81\" \/><\/p>\n<p>EPP-Formteile werden bei den Partikelschaum-Ingenieuren von HSV nachhaltig produziert und ganz nach Wunsch zusammengesetzt. Das komplett recycelf\u00e4hige EPP hat eine lange Lebensdauer.<\/p>\n<\/div><\/div>\n\n\n<div class=\"wp-block-button\"><a class=\"wp-block-button__link has-background\" style=\"background-color: #c8102e;\" href=\"https:\/\/www.hsv-pi.nl\/de\/anwendungen\/\" target=\"_blank\" rel=\"noreferrer noopener\">EPP-Anwendungen<\/a><\/div>\n<div>\u00a0<\/div>\n<div>\u00a0<\/div>\n\n\n<p><\/p>\n\n\n\n<h2 class=\"wp-block-heading\"><strong>EPP | <strong>Eigenschaften der besonderen Art<\/strong><\/strong><\/h2>\n\n\n<p>Zus\u00e4tzlich zur freien Formgestaltung besitzt EPP Eigenschaften der besonderen Art: Dieser Partikelschaum sch\u00fctzt, isoliert und kann nach Belieben zusammengesetzt werden. EPP ist leicht, ausgesprochen widerstandsf\u00e4hig, wirkt thermisch isolierend, hat eine niedrige Kompressibilit\u00e4t und l\u00e4sst sich m\u00fchelos reinigen. Dank seiner sto\u00dfd\u00e4mpfenden Wirkung nimmt EPP nach einer Ersch\u00fctterung problemlos wieder seine urspr\u00fcngliche Form an. Das Material kommt deshalb in <a href=\"https:\/\/www.hsv-pi.nl\/de\/markte\/\" target=\"_blank\" rel=\"noopener\">s\u00e4mtlichen Marktsegmenten<\/a> zum Einsatz. Einige Eigenschaften im \u00dcberblick:<\/p>\n<ul>\n<li>Beliebige Formen m\u00f6glich, Gestaltungsfreiheit bei Entwurf und Design<\/li>\n<li>Leicht, kostensparend auf verschiedenen Ebenen<\/li>\n<li>Leicht zu reinigen und chemikalienbest\u00e4ndig<\/li>\n<li>Sto\u00dfd\u00e4mpfende Wirkung und mehrfach belastbar<\/li>\n<li>Thermisch isolierend \u03bb (0,035 \u2013 0,041) (W\/mK) und schalld\u00e4mmend<\/li>\n<\/ul>\n<div class=\"wp-block-button\"><a class=\"wp-block-button__link has-background\" style=\"background-color: #c8102e;\" href=\"https:\/\/www.hsv-pi.nl\/de\/materialien\/\" target=\"_blank\" rel=\"noreferrer noopener\">\u00dcbersicht der Eigenschaften<\/a><\/div>\n<div>\u00a0<\/div>\n\n\n<div class=\"wp-block-buttons is-layout-flex wp-block-buttons-is-layout-flex\"><\/div>\n\n\n\n<p class=\"has-text-align-center\"><strong>EPP-Datenblatt herunterladen:<\/strong><\/p>\n\n\n<p><a href=\"https:\/\/www.hsv-pi.nl\/wp-content\/uploads\/2021\/07\/202107-HSV-PI-DEF-EPP-datasheet.pdf\" target=\"_blank\" rel=\"noopener\"><img loading=\"lazy\" decoding=\"async\" class=\"size-medium wp-image-4533 aligncenter\" src=\"https:\/\/www.hsv-pi.nl\/wp-content\/uploads\/2021\/07\/202107-HSV-PI-datasheet-EPP--218x300.png\" alt=\"\" width=\"218\" height=\"300\" srcset=\"https:\/\/www.hsv-pi.nl\/wp-content\/uploads\/2021\/07\/202107-HSV-PI-datasheet-EPP--218x300.png 218w, https:\/\/www.hsv-pi.nl\/wp-content\/uploads\/2021\/07\/202107-HSV-PI-datasheet-EPP--745x1024.png 745w, https:\/\/www.hsv-pi.nl\/wp-content\/uploads\/2021\/07\/202107-HSV-PI-datasheet-EPP--768x1056.png 768w, https:\/\/www.hsv-pi.nl\/wp-content\/uploads\/2021\/07\/202107-HSV-PI-datasheet-EPP-.png 924w\" sizes=\"auto, (max-width: 218px) 100vw, 218px\" \/><\/a><\/p>\n\n\n<p><\/p>\n\n\n\n<p><\/p>\n\n\n\n<p><\/p>\n\n\n\n<p><\/p>\n\n\n\n<p><\/p>\n\n\n\n<p><\/p>\n\n\n<p><\/p>\n\n\n<h2 class=\"wp-block-heading\"><strong>EPP | <strong>Hochwertiger Schutz<\/strong><\/strong><\/h2>\n\n\n<p style=\"text-align: left;\"><img loading=\"lazy\" decoding=\"async\" class=\"size-medium wp-image-4577 alignleft\" src=\"https:\/\/www.hsv-pi.nl\/wp-content\/uploads\/2021\/07\/EPP-is-also-used-for-the-transportation-of-donor-organs-in-medical-cases.png\" alt=\"\" width=\"74\" height=\"76\" \/>Beim Transport von wertvollen G\u00fctern, medizinischen Ger\u00e4ten und Organspenden sorgt EPP f\u00fcr hochwertigen Schutz. Hinzu kommt der Vorteil, dass im Transportwesen weniger Kraftstoff und Energie verbraucht werden und somit Einsparungen auf der Hand liegen. Zu den Anwendungsbereichen geh\u00f6ren Schutzwesten, Rettungsmittel, Kopfschutzartikel, Sto\u00dfd\u00e4mpfer und seitliche Schutzpolster. So tr\u00e4gt EPP dank seiner sto\u00dfd\u00e4mpfenden Eigenschaften zu Ihrer Sicherheit bei.<\/p>\n<p style=\"text-align: left;\">.<\/p>\n\n\n<h2 class=\"wp-block-heading\"><strong>EPP | <strong>Thermische Isolierung, D\u00e4mmung und Sto\u00dfd\u00e4mpfung <\/strong><\/strong><\/h2>\n\n\n<p>\u00a0<\/p>\n<p><img loading=\"lazy\" decoding=\"async\" class=\"size-full wp-image-4565 alignright\" src=\"https:\/\/www.hsv-pi.nl\/wp-content\/uploads\/2021\/07\/Food-stays-fresh-with-EPP.png\" alt=\"\" width=\"66\" height=\"70\" \/><\/p>\n<p>In einer Thermobox aus EPP sind Lebensmittel bei konstanter Temperatur gut aufgehoben und bleiben so l\u00e4nger frisch. Auf diese Art und Weise k\u00f6nnen Superm\u00e4rkte, Catering-Unternehmen\/Restaurants und Webshops einfach und flexibel auf die steigende Nachfrage seitens der Verbraucher eingehen.\u00a0<\/p>\n<p style=\"text-align: left;\"><img loading=\"lazy\" decoding=\"async\" class=\"size-medium wp-image-4568 alignleft\" src=\"https:\/\/www.hsv-pi.nl\/wp-content\/uploads\/2021\/07\/EPP-insulation-keeps-your-house-warm-in-winter-cool-in-summer.png\" alt=\"\" width=\"72\" height=\"72\" \/><\/p>\n<p>Als Material zur D\u00e4mmung sorgt EPP daf\u00fcr, dass unsere H\u00e4user im Winter angenehm warm und im Sommer sch\u00f6n k\u00fchl bleiben.<\/p>\n<p><img loading=\"lazy\" decoding=\"async\" class=\"wp-image-4571 alignright\" src=\"https:\/\/www.hsv-pi.nl\/wp-content\/uploads\/2021\/07\/EPP-zorgt-voor-goede-demping.png\" alt=\"\" width=\"74\" height=\"65\" \/><\/p>\n<p>In HLK-Produkten wie WRG-Ger\u00e4ten, Heizkesseln und Geh\u00e4usen diverser Anlagen und Ger\u00e4te wirkt EPP nicht nur w\u00e4rmeisolierend, sondern auch schalld\u00e4mmend und sto\u00dfd\u00e4mpfend.<\/p>\n<p>.<\/p>\n\n\n<h2 class=\"wp-block-heading\"><strong>EPP | <strong>Baumaterial<\/strong><\/strong><\/h2>\n\n\n<p><img loading=\"lazy\" decoding=\"async\" class=\"alignleft  wp-image-4574\" src=\"https:\/\/www.hsv-pi.nl\/wp-content\/uploads\/2021\/07\/EPP-is-a-strong-material-.png\" alt=\"\" width=\"71\" height=\"60\" \/>Aufgrund seiner enormen Festigkeit kann EPP als Baumaterial eingesetzt werden. Durch das hervorragende Verh\u00e4ltnis zwischen Festigkeit und Gewicht sind starke Mehrfach-Belastungen kein Problem. Nach statischen oder dynamischen Belastungen ist EPP dank seiner hohen Energieabsorption und seines Formged\u00e4chtnisses extrem formfest.<\/p>\n\n\n<h2 class=\"wp-block-heading\"><strong>EPP | <strong>Chemikalienbest\u00e4ndig<\/strong><\/strong><\/h2>\n\n\n<p><img loading=\"lazy\" decoding=\"async\" class=\"wp-image-4580 alignright\" src=\"https:\/\/www.hsv-pi.nl\/wp-content\/uploads\/2021\/07\/EPP-is-chemisch-resistent.png\" alt=\"\" width=\"66\" height=\"81\" \/>EPP nimmt wenig Wasser auf, ist leicht zu reinigen, \u00f6l- und fettbest\u00e4ndig und zudem best\u00e4ndig gegen zahlreiche Chemikalien. Au\u00dferdem ist mikrobielles Wachstum auf dem chemikalienbest\u00e4ndigen EPP ausgeschlossen. Daher nutzt auch die medizinische Industrie das Material EPP, zum Beispiel beim Transport von empfindlichen Medizinger\u00e4ten und Spenderorganen oder sogar im Operationssaal.<\/p>\n\n\n<h2 class=\"wp-block-heading\"><strong><strong>EPP-Formteile | Dichte, Farben und Oberfl\u00e4chenbehandlung<\/strong><\/strong><\/h2>\n\n\n<p>EPP-Formteile k\u00f6nnen aus unterschiedlichen Produktdichten aufgebaut sein. EPP ist in verschiedenen Farben lieferbar. Anschlie\u00dfend kann Ihr Produkt bei HSV verschiedensten Oberfl\u00e4chenbehandlungen unterzogen werden.<\/p>\n\n\n<h2 class=\"wp-block-heading\"><strong>EPP | <strong>Verschl\u00fcsse und Verbindungen<\/strong><\/strong><\/h2>\n\n\n<p>Verschl\u00fcsse und Verbindungen wie Klick- und Gewindeverbindungen aller Art, D\u00fcbel, Befestigungsklemmen und Scharniere k\u00f6nnen nach Belieben integriert werden. Das gilt ebenfalls f\u00fcr die effiziente Kombination und Montage von Aussparungen, Kan\u00e4len, Aufnahmen f\u00fcr Komponenten, Motoren und Kabelstr\u00e4ngen. Bei der Logistik locken so betr\u00e4chtliche Einsparungen. Mehr dazu lesen Sie auf der <a href=\"https:\/\/www.hsv-pi.nl\/de\/montage-bei-hsv\/\" target=\"_blank\" rel=\"noopener\">Seite zum Zusammenbau<\/a>.<\/p>\n\n\n<h2 class=\"wp-block-heading\"><strong>EPP <strong>und die Umwelt<\/strong><\/strong><\/h2>\n\n\n<p>EPP ist ein Monomaterial. Es besteht demnach aus nur einem Material: Polypropylen. Deshalb l\u00e4sst sich EPP gut recyceln. Die Partikelschaum-Ingenieure von HSV nutzen w\u00e4hrend des Produktionsprozesses nachhaltig erzeugten Dampf (100\u00a0% Wasser) und gr\u00fcnen Strom, der mittels erneuerbarer Energien und Solarenergie erzeugt wird.<\/p>\n<p>\u00a0<\/p>\n<p>Da EPP ein sehr leichtes Material ist, eignet es sich sehr gut f\u00fcr den Transportsektor. Durch das geringere Gewicht wird weniger CO2 ausgesto\u00dfen. Bei der Logistik, beim Kraftstoffverbrauch und beim Energieverbrauch fallen weniger Kosten an. Das kommt der Umwelt zugute.<\/p>\n\n\n<h2 class=\"wp-block-heading\"><strong><strong>Produktionsprozess bei EPP-Formteilen<\/strong><\/strong><\/h2>\n\n\n<p>Produkte, Geh\u00e4use und Halbfabrikate aus EPP werden auch als EPP-Formteile bezeichnet. Zur Produktion von EPP-Formteilen wenden die Partikelschaum-Ingenieure von HSV das sogenannte Autoklav-Verfahren an.\u00a0Dabei wird ein Formwerkzeug, eine Art Schablone, in die Maschine f\u00fcr Formteile installiert.<\/p>\n<div id=\"attachment_4549\" style=\"width: 310px\" class=\"wp-caption aligncenter\"><img loading=\"lazy\" decoding=\"async\" aria-describedby=\"caption-attachment-4549\" class=\"wp-image-4549 size-medium\" src=\"https:\/\/www.hsv-pi.nl\/wp-content\/uploads\/2021\/07\/Mould-details-5-300x224.png\" alt=\"\" width=\"300\" height=\"224\" srcset=\"https:\/\/www.hsv-pi.nl\/wp-content\/uploads\/2021\/07\/Mould-details-5-300x224.png 300w, https:\/\/www.hsv-pi.nl\/wp-content\/uploads\/2021\/07\/Mould-details-5-1024x766.png 1024w, https:\/\/www.hsv-pi.nl\/wp-content\/uploads\/2021\/07\/Mould-details-5-768x574.png 768w, https:\/\/www.hsv-pi.nl\/wp-content\/uploads\/2021\/07\/Mould-details-5.png 1400w\" sizes=\"auto, (max-width: 300px) 100vw, 300px\" \/><p id=\"caption-attachment-4549\" class=\"wp-caption-text\"><em>Details eines Formwerkzeugs<\/em><\/p><\/div>\n<p>Das EPP-Granulat, auch Beads oder Partikel genannt, wird unter hohem Druck ins Formwerkzeug gepresst und mit Dampf auf ca. 140 bis 165\u00a0\u00b0C erhitzt \u2013 je nach Rohstofftyp.<\/p>\n<p>\u00a0<\/p>\n<p>Das perlenartige EPP-Granulat expandiert und verschmilzt in der Kavit\u00e4t des Formwerkzeugs zu einer Masse. Dieser Vorgang wird auch Formteilprozess oder Partikelschaum-Engineering genannt.<\/p>\n<table>\n<tbody>\n<tr>\n<td width=\"302\">\n<div id=\"attachment_4540\" style=\"width: 310px\" class=\"wp-caption aligncenter\"><img loading=\"lazy\" decoding=\"async\" aria-describedby=\"caption-attachment-4540\" class=\"wp-image-4540 size-medium\" src=\"https:\/\/www.hsv-pi.nl\/wp-content\/uploads\/2021\/07\/EPP-manufacturing-4-300x225.png\" alt=\"\" width=\"300\" height=\"225\" srcset=\"https:\/\/www.hsv-pi.nl\/wp-content\/uploads\/2021\/07\/EPP-manufacturing-4-300x225.png 300w, https:\/\/www.hsv-pi.nl\/wp-content\/uploads\/2021\/07\/EPP-manufacturing-4-1024x769.png 1024w, https:\/\/www.hsv-pi.nl\/wp-content\/uploads\/2021\/07\/EPP-manufacturing-4-768x576.png 768w, https:\/\/www.hsv-pi.nl\/wp-content\/uploads\/2021\/07\/EPP-manufacturing-4.png 1379w\" sizes=\"auto, (max-width: 300px) 100vw, 300px\" \/><p id=\"caption-attachment-4540\" class=\"wp-caption-text\"><em>EPP-Formteilprozess <\/em><\/p><\/div>\n<\/td>\n<td width=\"302\">\n<div id=\"attachment_4543\" style=\"width: 310px\" class=\"wp-caption aligncenter\"><img loading=\"lazy\" decoding=\"async\" aria-describedby=\"caption-attachment-4543\" class=\"wp-image-4543 size-medium\" src=\"https:\/\/www.hsv-pi.nl\/wp-content\/uploads\/2021\/07\/EPP-pressure-filling-300x225.png\" alt=\"\" width=\"300\" height=\"225\" srcset=\"https:\/\/www.hsv-pi.nl\/wp-content\/uploads\/2021\/07\/EPP-pressure-filling-300x225.png 300w, https:\/\/www.hsv-pi.nl\/wp-content\/uploads\/2021\/07\/EPP-pressure-filling-1024x768.png 1024w, https:\/\/www.hsv-pi.nl\/wp-content\/uploads\/2021\/07\/EPP-pressure-filling-768x576.png 768w, https:\/\/www.hsv-pi.nl\/wp-content\/uploads\/2021\/07\/EPP-pressure-filling.png 1500w\" sizes=\"auto, (max-width: 300px) 100vw, 300px\" \/><p id=\"caption-attachment-4543\" class=\"wp-caption-text\"><em>EPP-Granulat expandiert<\/em><\/p><\/div>\n<\/td>\n<\/tr>\n<\/tbody>\n<\/table>\n<p>Nach der Ausgabe aus der Formteilmaschine werden die EPP-Formteile in speziellen Trockenkammern getrocknet und erhalten ihre definitive Stabilit\u00e4t.<\/p>\n\n\n<h2 class=\"wp-block-heading\"><strong><strong>Machbarkeitsstudie anfordern<\/strong><\/strong><\/h2>\n\n\n<p>Sind Sie gespannt, ob Ihr Produktentwurf in EPP machbar ist?<\/p>\n<p>Sowohl Produktideen als auch Skizzen oder Prototypen werden im Rahmen einer <a href=\"https:\/\/www.hsv-pi.nl\/de\/machbarkeitsstudie-testen-sie-die-herstellbarkeit-ihres-produkts\/\" target=\"_blank\" rel=\"noopener\">Machbarkeitsstudie<\/a> der Partikelschaum-Ingenieure von HSV bewertet. So wird analysiert und getestet, ob Ihr Produkt machbar oder als Redesign-Produkt umgestaltet werden kann. Basierend auf der Machbarkeitsstudie:<\/p>\n<ul>\n<li>profitieren Sie von einer unverbindlichen Beratung,<\/li>\n<li>erhalten Sie Einblicke in die M\u00f6glichkeiten f\u00fcr Ihr Produkt und\/oder Halbfabrikat sowie f\u00fcr die ben\u00f6tigten Herstellungszeiten und<\/li>\n<li>bekommen Sie einen ersten Kostenvoranschlag.<\/li>\n<\/ul>\n<p>\u00dcber die nachstehende Schaltfl\u00e4che fordern Sie direkt eine Machbarkeitsstudie an. Ihre Anfrage wird vertraulich behandelt.<\/p>\n<div class=\"wp-block-button\"><a class=\"wp-block-button__link has-background\" style=\"background-color: #c8102e;\" href=\"https:\/\/www.hsv-pi.nl\/de\/machbarkeitsstudie-anfordern\/\" target=\"_blank\" rel=\"noreferrer noopener\">Machbarkeitsstudie anfordern<\/a><\/div>","protected":false},"excerpt":{"rendered":"<p>Der Partikelschaum EPP (Expanded Polypropylene\/Expandiertes Polypropylen) erm\u00f6glicht Einsparungen bei Gewicht, Energie und Zeit. Die vollst\u00e4ndige Gestaltungsfreiheit sorgt daf\u00fcr, dass Designer&#8230;<\/p>\n","protected":false},"author":1,"featured_media":0,"parent":0,"menu_order":0,"comment_status":"closed","ping_status":"closed","template":"","meta":{"_acf_changed":false,"footnotes":""},"class_list":["post-4590","page","type-page","status-publish","hentry"],"acf":[],"yoast_head":"<!-- This site is optimized with the Yoast SEO plugin v27.5 - https:\/\/yoast.com\/product\/yoast-seo-wordpress\/ -->\n<title>EPP - HSV<\/title>\n<meta name=\"description\" content=\"Zus\u00e4tzlich zur freien Formgestaltung besitzt EPP Eigenschaften der besonderen Art: Dieser Partikelschaum sch\u00fctzt, isoliert und kann nach Belieben zusammengesetzt werden. Mehr \u00fcber Expandiertes Polypropylen -&gt;\" \/>\n<meta name=\"robots\" content=\"index, follow, max-snippet:-1, max-image-preview:large, max-video-preview:-1\" \/>\n<link rel=\"canonical\" href=\"https:\/\/www.hsv-pi.nl\/de\/epp\/\" \/>\n<meta property=\"og:locale\" content=\"de_DE\" \/>\n<meta property=\"og:type\" content=\"article\" \/>\n<meta property=\"og:title\" content=\"EPP - HSV\" \/>\n<meta property=\"og:description\" content=\"Zus\u00e4tzlich zur freien Formgestaltung besitzt EPP Eigenschaften der besonderen Art: Dieser Partikelschaum sch\u00fctzt, isoliert und kann nach Belieben zusammengesetzt werden. Mehr \u00fcber Expandiertes Polypropylen -&gt;\" \/>\n<meta property=\"og:url\" content=\"https:\/\/www.hsv-pi.nl\/de\/epp\/\" \/>\n<meta property=\"og:site_name\" content=\"HSV\" \/>\n<meta property=\"article:modified_time\" content=\"2021-08-30T12:58:24+00:00\" \/>\n<meta property=\"og:image\" content=\"https:\/\/www.hsv-pi.nl\/wp-content\/uploads\/2016\/07\/molen.png\" \/>\n<meta name=\"twitter:card\" content=\"summary_large_image\" \/>\n<meta name=\"twitter:label1\" content=\"Gesch\u00e4tzte Lesezeit\" \/>\n\t<meta name=\"twitter:data1\" content=\"7\u00a0Minuten\" \/>\n<script type=\"application\/ld+json\" class=\"yoast-schema-graph\">{\"@context\":\"https:\\\/\\\/schema.org\",\"@graph\":[{\"@type\":\"WebPage\",\"@id\":\"https:\\\/\\\/www.hsv-pi.nl\\\/de\\\/epp\\\/\",\"url\":\"https:\\\/\\\/www.hsv-pi.nl\\\/de\\\/epp\\\/\",\"name\":\"EPP - HSV\",\"isPartOf\":{\"@id\":\"https:\\\/\\\/www.hsv-pi.nl\\\/#website\"},\"primaryImageOfPage\":{\"@id\":\"https:\\\/\\\/www.hsv-pi.nl\\\/de\\\/epp\\\/#primaryimage\"},\"image\":{\"@id\":\"https:\\\/\\\/www.hsv-pi.nl\\\/de\\\/epp\\\/#primaryimage\"},\"thumbnailUrl\":\"https:\\\/\\\/www.hsv-pi.nl\\\/wp-content\\\/uploads\\\/2016\\\/07\\\/molen.png\",\"datePublished\":\"2021-07-29T10:12:05+00:00\",\"dateModified\":\"2021-08-30T12:58:24+00:00\",\"description\":\"Zus\u00e4tzlich zur freien Formgestaltung besitzt EPP Eigenschaften der besonderen Art: Dieser Partikelschaum sch\u00fctzt, isoliert und kann nach Belieben zusammengesetzt werden. Mehr \u00fcber Expandiertes Polypropylen ->\",\"breadcrumb\":{\"@id\":\"https:\\\/\\\/www.hsv-pi.nl\\\/de\\\/epp\\\/#breadcrumb\"},\"inLanguage\":\"de\",\"potentialAction\":[{\"@type\":\"ReadAction\",\"target\":[\"https:\\\/\\\/www.hsv-pi.nl\\\/de\\\/epp\\\/\"]}]},{\"@type\":\"ImageObject\",\"inLanguage\":\"de\",\"@id\":\"https:\\\/\\\/www.hsv-pi.nl\\\/de\\\/epp\\\/#primaryimage\",\"url\":\"https:\\\/\\\/www.hsv-pi.nl\\\/wp-content\\\/uploads\\\/2016\\\/07\\\/molen.png\",\"contentUrl\":\"https:\\\/\\\/www.hsv-pi.nl\\\/wp-content\\\/uploads\\\/2016\\\/07\\\/molen.png\"},{\"@type\":\"BreadcrumbList\",\"@id\":\"https:\\\/\\\/www.hsv-pi.nl\\\/de\\\/epp\\\/#breadcrumb\",\"itemListElement\":[{\"@type\":\"ListItem\",\"position\":1,\"name\":\"Home\",\"item\":\"https:\\\/\\\/www.hsv-pi.nl\\\/de\\\/\"},{\"@type\":\"ListItem\",\"position\":2,\"name\":\"EPP\"}]},{\"@type\":\"WebSite\",\"@id\":\"https:\\\/\\\/www.hsv-pi.nl\\\/#website\",\"url\":\"https:\\\/\\\/www.hsv-pi.nl\\\/\",\"name\":\"HSV\",\"description\":\"\",\"potentialAction\":[{\"@type\":\"SearchAction\",\"target\":{\"@type\":\"EntryPoint\",\"urlTemplate\":\"https:\\\/\\\/www.hsv-pi.nl\\\/?s={search_term_string}\"},\"query-input\":{\"@type\":\"PropertyValueSpecification\",\"valueRequired\":true,\"valueName\":\"search_term_string\"}}],\"inLanguage\":\"de\"}]}<\/script>\n<!-- \/ Yoast SEO plugin. -->","yoast_head_json":{"title":"EPP - HSV","description":"Zus\u00e4tzlich zur freien Formgestaltung besitzt EPP Eigenschaften der besonderen Art: Dieser Partikelschaum sch\u00fctzt, isoliert und kann nach Belieben zusammengesetzt werden. Mehr \u00fcber Expandiertes Polypropylen ->","robots":{"index":"index","follow":"follow","max-snippet":"max-snippet:-1","max-image-preview":"max-image-preview:large","max-video-preview":"max-video-preview:-1"},"canonical":"https:\/\/www.hsv-pi.nl\/de\/epp\/","og_locale":"de_DE","og_type":"article","og_title":"EPP - HSV","og_description":"Zus\u00e4tzlich zur freien Formgestaltung besitzt EPP Eigenschaften der besonderen Art: Dieser Partikelschaum sch\u00fctzt, isoliert und kann nach Belieben zusammengesetzt werden. Mehr \u00fcber Expandiertes Polypropylen ->","og_url":"https:\/\/www.hsv-pi.nl\/de\/epp\/","og_site_name":"HSV","article_modified_time":"2021-08-30T12:58:24+00:00","og_image":[{"url":"https:\/\/www.hsv-pi.nl\/wp-content\/uploads\/2016\/07\/molen.png","type":"","width":"","height":""}],"twitter_card":"summary_large_image","twitter_misc":{"Gesch\u00e4tzte Lesezeit":"7\u00a0Minuten"},"schema":{"@context":"https:\/\/schema.org","@graph":[{"@type":"WebPage","@id":"https:\/\/www.hsv-pi.nl\/de\/epp\/","url":"https:\/\/www.hsv-pi.nl\/de\/epp\/","name":"EPP - HSV","isPartOf":{"@id":"https:\/\/www.hsv-pi.nl\/#website"},"primaryImageOfPage":{"@id":"https:\/\/www.hsv-pi.nl\/de\/epp\/#primaryimage"},"image":{"@id":"https:\/\/www.hsv-pi.nl\/de\/epp\/#primaryimage"},"thumbnailUrl":"https:\/\/www.hsv-pi.nl\/wp-content\/uploads\/2016\/07\/molen.png","datePublished":"2021-07-29T10:12:05+00:00","dateModified":"2021-08-30T12:58:24+00:00","description":"Zus\u00e4tzlich zur freien Formgestaltung besitzt EPP Eigenschaften der besonderen Art: Dieser Partikelschaum sch\u00fctzt, isoliert und kann nach Belieben zusammengesetzt werden. Mehr \u00fcber Expandiertes Polypropylen ->","breadcrumb":{"@id":"https:\/\/www.hsv-pi.nl\/de\/epp\/#breadcrumb"},"inLanguage":"de","potentialAction":[{"@type":"ReadAction","target":["https:\/\/www.hsv-pi.nl\/de\/epp\/"]}]},{"@type":"ImageObject","inLanguage":"de","@id":"https:\/\/www.hsv-pi.nl\/de\/epp\/#primaryimage","url":"https:\/\/www.hsv-pi.nl\/wp-content\/uploads\/2016\/07\/molen.png","contentUrl":"https:\/\/www.hsv-pi.nl\/wp-content\/uploads\/2016\/07\/molen.png"},{"@type":"BreadcrumbList","@id":"https:\/\/www.hsv-pi.nl\/de\/epp\/#breadcrumb","itemListElement":[{"@type":"ListItem","position":1,"name":"Home","item":"https:\/\/www.hsv-pi.nl\/de\/"},{"@type":"ListItem","position":2,"name":"EPP"}]},{"@type":"WebSite","@id":"https:\/\/www.hsv-pi.nl\/#website","url":"https:\/\/www.hsv-pi.nl\/","name":"HSV","description":"","potentialAction":[{"@type":"SearchAction","target":{"@type":"EntryPoint","urlTemplate":"https:\/\/www.hsv-pi.nl\/?s={search_term_string}"},"query-input":{"@type":"PropertyValueSpecification","valueRequired":true,"valueName":"search_term_string"}}],"inLanguage":"de"}]}},"_links":{"self":[{"href":"https:\/\/www.hsv-pi.nl\/de\/wp-json\/wp\/v2\/pages\/4590","targetHints":{"allow":["GET"]}}],"collection":[{"href":"https:\/\/www.hsv-pi.nl\/de\/wp-json\/wp\/v2\/pages"}],"about":[{"href":"https:\/\/www.hsv-pi.nl\/de\/wp-json\/wp\/v2\/types\/page"}],"author":[{"embeddable":true,"href":"https:\/\/www.hsv-pi.nl\/de\/wp-json\/wp\/v2\/users\/1"}],"replies":[{"embeddable":true,"href":"https:\/\/www.hsv-pi.nl\/de\/wp-json\/wp\/v2\/comments?post=4590"}],"version-history":[{"count":0,"href":"https:\/\/www.hsv-pi.nl\/de\/wp-json\/wp\/v2\/pages\/4590\/revisions"}],"wp:attachment":[{"href":"https:\/\/www.hsv-pi.nl\/de\/wp-json\/wp\/v2\/media?parent=4590"}],"curies":[{"name":"wp","href":"https:\/\/api.w.org\/{rel}","templated":true}]}}