{"id":5491,"date":"2023-01-09T16:37:55","date_gmt":"2023-01-09T15:37:55","guid":{"rendered":"https:\/\/www.hsv-pi.nl\/?page_id=5491"},"modified":"2023-02-02T16:58:37","modified_gmt":"2023-02-02T15:58:37","slug":"machbarkeitsstudie-project-plus-anfordern","status":"publish","type":"page","link":"https:\/\/www.hsv-pi.nl\/de\/machbarkeitsstudie-project-plus-anfordern\/","title":{"rendered":"Machbarkeitsstudie Project+ anfordern"},"content":{"rendered":"\n<h3 class=\"wp-block-heading\">Haben Sie eine Frage zum Projektentwurf oder m\u00f6chten Sie die Machbarkeit Ihres Produktentwurfs testen lassen? Die auf Project+ spezialisierten Ingenieure von HSV stehen Ihnen gerne zur Verf\u00fcgung. F\u00fcllen Sie das nachstehende Formular aus, stellen Sie Ihre Frage und fordern Sie direkt eine kostenlose Machbarkeitsstudie Project+ an. <\/h3>\n\n\n\n<p>Sie erhalten eine erste Einsch\u00e4tzung und einen Kostenvoranschlag. Ihre Anfrage wird vertraulich behandelt.<\/p>\n\n\n\n<h2 class=\"wp-block-heading\"><strong>Wie funktioniert die Machbarkeitsstudie Project+?<\/strong><\/h2>\n\n\n<p>Die Entwicklung eines neuen Kunststoffprodukts beginnt nat\u00fcrlich mit einem ausgekl\u00fcgelten Entwurf, der nach anspruchsvollem Engineering s\u00e4mtliche Details enth\u00e4lt. Bei der Machbarkeitsstudie Project+ analysieren die Ingenieure von HSV, ob sich Ihr Produktentwurf samt den n\u00f6tigen Komponenten mit Partikelschaumteilen (EPS, EPP, ETPU und dergleichen), eventuell in Kombination mit Spritzgussteilen aus Kunststoff, umsetzen l\u00e4sst. HSV ist der europaweit einzige Lieferant mit firmeninterner Kompetenz f\u00fcr beide Techniken und kann ebendiese im Rahmen von <a href=\"https:\/\/hsv.nl\/de\/projectplus\/\" target=\"_blank\" rel=\"noopener\">Project+<\/a> nahtlos f\u00fcr Sie zusammenf\u00fcgen.<\/p>\n<p>Durch Project+ verk\u00fcrzt sich die Herstellungszeit. Zudem f\u00fchrt eine gr\u00fcndliche Analyse zu kosteneffizienten L\u00f6sungen, unter anderem bei der Produktion, der Montage und dem Logistikprozess. Haben Sie eine Produktidee und m\u00f6chten Sie in einer ersten Einsch\u00e4tzung wissen, ob sich die Idee auch umsetzen l\u00e4sst? F\u00fcllen Sie das nachstehende Formular aus und fordern Sie eine kostenlose Machbarkeitsstudie Project+ an. Wenn Ihnen PDF- oder CAD-Dateien in 3D zur Verf\u00fcgung stehen, k\u00f6nnen Sie diese der Anfrage hinzuf\u00fcgen.<\/p>\n<script type=\"text\/javascript\">\n\/* <![CDATA[ *\/\nvar gform;gform||(document.addEventListener(\"gform_main_scripts_loaded\",function(){gform.scriptsLoaded=!0}),document.addEventListener(\"gform\/theme\/scripts_loaded\",function(){gform.themeScriptsLoaded=!0}),window.addEventListener(\"DOMContentLoaded\",function(){gform.domLoaded=!0}),gform={domLoaded:!1,scriptsLoaded:!1,themeScriptsLoaded:!1,isFormEditor:()=>\"function\"==typeof InitializeEditor,callIfLoaded:function(o){return!(!gform.domLoaded||!gform.scriptsLoaded||!gform.themeScriptsLoaded&&!gform.isFormEditor()||(gform.isFormEditor()&&console.warn(\"The use of gform.initializeOnLoaded() is deprecated in the form editor context and will be removed in Gravity Forms 3.1.\"),o(),0))},initializeOnLoaded:function(o){gform.callIfLoaded(o)||(document.addEventListener(\"gform_main_scripts_loaded\",()=>{gform.scriptsLoaded=!0,gform.callIfLoaded(o)}),document.addEventListener(\"gform\/theme\/scripts_loaded\",()=>{gform.themeScriptsLoaded=!0,gform.callIfLoaded(o)}),window.addEventListener(\"DOMContentLoaded\",()=>{gform.domLoaded=!0,gform.callIfLoaded(o)}))},hooks:{action:{},filter:{}},addAction:function(o,r,e,t){gform.addHook(\"action\",o,r,e,t)},addFilter:function(o,r,e,t){gform.addHook(\"filter\",o,r,e,t)},doAction:function(o){gform.doHook(\"action\",o,arguments)},applyFilters:function(o){return gform.doHook(\"filter\",o,arguments)},removeAction:function(o,r){gform.removeHook(\"action\",o,r)},removeFilter:function(o,r,e){gform.removeHook(\"filter\",o,r,e)},addHook:function(o,r,e,t,n){null==gform.hooks[o][r]&&(gform.hooks[o][r]=[]);var d=gform.hooks[o][r];null==n&&(n=r+\"_\"+d.length),gform.hooks[o][r].push({tag:n,callable:e,priority:t=null==t?10:t})},doHook:function(r,o,e){var t;if(e=Array.prototype.slice.call(e,1),null!=gform.hooks[r][o]&&((o=gform.hooks[r][o]).sort(function(o,r){return o.priority-r.priority}),o.forEach(function(o){\"function\"!=typeof(t=o.callable)&&(t=window[t]),\"action\"==r?t.apply(null,e):e[0]=t.apply(null,e)})),\"filter\"==r)return e[0]},removeHook:function(o,r,t,n){var e;null!=gform.hooks[o][r]&&(e=(e=gform.hooks[o][r]).filter(function(o,r,e){return!!(null!=n&&n!=o.tag||null!=t&&t!=o.priority)}),gform.hooks[o][r]=e)}});\n\/* ]]> *\/\n<\/script>\n\n                <div class='gf_browser_gecko gform_wrapper gform_legacy_markup_wrapper gform-theme--no-framework' data-form-theme='legacy' data-form-index='0' id='gform_wrapper_20' >\n                        <div class='gform_heading'>\n                            <h3 class=\"gform_title\">Project+ - Machbarkeitsstudie anfordern<\/h3>\n                            <p class='gform_description'><\/p>\n                        <\/div><form method='post' enctype='multipart\/form-data'  id='gform_20'  action='\/de\/wp-json\/wp\/v2\/pages\/5491' data-formid='20' novalidate>\n                        <div class='gform-body gform_body'><ul id='gform_fields_20' class='gform_fields top_label form_sublabel_below description_below validation_below'><li id=\"field_20_1\" class=\"gfield gfield--type-text gfield_contains_required field_sublabel_below gfield--no-description field_description_below field_validation_below gfield_visibility_visible\"  ><label class='gfield_label gform-field-label' for='input_20_1'>Firmenname<span class=\"gfield_required\"><span class=\"gfield_required gfield_required_asterisk\">*<\/span><\/span><\/label><div class='ginput_container ginput_container_text'><input name='input_1' id='input_20_1' type='text' value='' class='medium'    placeholder='Firmenname' aria-required=\"true\" aria-invalid=\"false\"   \/><\/div><\/li><li id=\"field_20_8\" class=\"gfield gfield--type-text field_sublabel_below gfield--no-description field_description_below field_validation_below gfield_visibility_visible\"  ><label class='gfield_label gform-field-label' for='input_20_8'>Adresse<\/label><div class='ginput_container ginput_container_text'><input name='input_8' id='input_20_8' type='text' value='' class='medium'    placeholder='Adresse'  aria-invalid=\"false\"   \/><\/div><\/li><li id=\"field_20_9\" class=\"gfield gfield--type-text field_sublabel_below gfield--no-description field_description_below field_validation_below gfield_visibility_visible\"  ><label class='gfield_label gform-field-label' for='input_20_9'>PLZ\/Ort<\/label><div class='ginput_container ginput_container_text'><input name='input_9' id='input_20_9' type='text' value='' class='medium'    placeholder='PLZ\/Ort'  aria-invalid=\"false\"   \/><\/div><\/li><li id=\"field_20_2\" class=\"gfield gfield--type-text gfield_contains_required field_sublabel_below gfield--no-description field_description_below field_validation_below gfield_visibility_visible\"  ><label class='gfield_label gform-field-label' for='input_20_2'>Ihr Vor- und Nachname<span class=\"gfield_required\"><span class=\"gfield_required gfield_required_asterisk\">*<\/span><\/span><\/label><div class='ginput_container ginput_container_text'><input name='input_2' id='input_20_2' type='text' value='' class='medium'    placeholder='Ihr Vor- und Nachname' aria-required=\"true\" aria-invalid=\"false\"   \/><\/div><\/li><li id=\"field_20_10\" class=\"gfield gfield--type-text field_sublabel_below gfield--no-description field_description_below field_validation_below gfield_visibility_visible\"  ><label class='gfield_label gform-field-label' for='input_20_10'>Funktion<\/label><div class='ginput_container ginput_container_text'><input name='input_10' id='input_20_10' type='text' value='' class='medium'    placeholder='Funktion'  aria-invalid=\"false\"   \/><\/div><\/li><li id=\"field_20_11\" class=\"gfield gfield--type-text field_sublabel_below gfield--no-description field_description_below field_validation_below gfield_visibility_visible\"  ><label class='gfield_label gform-field-label' for='input_20_11'>Telefonnummer<\/label><div class='ginput_container ginput_container_text'><input name='input_11' id='input_20_11' type='text' value='' class='medium'    placeholder='Telefonnummer'  aria-invalid=\"false\"   \/><\/div><\/li><li id=\"field_20_3\" class=\"gfield gfield--type-email gfield_contains_required field_sublabel_below gfield--no-description field_description_below field_validation_below gfield_visibility_visible\"  ><label class='gfield_label gform-field-label' for='input_20_3'>E-Mail-Adresse<span class=\"gfield_required\"><span class=\"gfield_required gfield_required_asterisk\">*<\/span><\/span><\/label><div class='ginput_container ginput_container_email'>\n                            <input name='input_3' id='input_20_3' type='email' value='' class='medium'   placeholder='E-Mail-Adresse' aria-required=\"true\" aria-invalid=\"false\"  \/>\n                        <\/div><\/li><li id=\"field_20_13\" class=\"gfield gfield--type-text field_sublabel_below gfield--no-description field_description_below field_validation_below gfield_visibility_visible\"  ><label class='gfield_label gform-field-label' for='input_20_13'>Richtwert Jahresvolumen<\/label><div class='ginput_container ginput_container_text'><input name='input_13' id='input_20_13' type='text' value='' class='medium'    placeholder='Richtwert Jahresvolumen'  aria-invalid=\"false\"   \/><\/div><\/li><li id=\"field_20_5\" class=\"gfield gfield--type-textarea field_sublabel_below gfield--no-description field_description_below field_validation_below gfield_visibility_visible\"  ><label class='gfield_label gform-field-label' for='input_20_5'>Wunsch\/Idee\/Produktanforderungen\/Andere Spezifikationen<\/label><div class='ginput_container ginput_container_textarea'><textarea name='input_5' id='input_20_5' class='textarea medium'      aria-invalid=\"false\"   rows='10' cols='50'><\/textarea><\/div><\/li><li id=\"field_20_7\" class=\"gfield gfield--type-fileupload field_sublabel_below gfield--no-description field_description_below field_validation_below gfield_visibility_visible\"  ><label class='gfield_label gform-field-label' for='input_20_7'>Dateien hochladen<\/label><div class='ginput_container ginput_container_fileupload'><input type='hidden' name='MAX_FILE_SIZE' value='536870912' \/><input name='input_7' id='input_20_7' type='file' class='medium' aria-describedby=\"gfield_upload_rules_20_7\" onchange='javascript:gformValidateFileSize( this, 536870912 );'  \/><span class='gfield_description gform_fileupload_rules' id='gfield_upload_rules_20_7'>Max. Dateigr\u00f6\u00dfe: 512 MB.<\/span><div class='gfield_description validation_message gfield_validation_message validation_message--hidden-on-empty' id='live_validation_message_20_7'><\/div> <\/div><\/li><li id=\"field_20_6\" class=\"gfield gfield--type-captcha field_sublabel_below gfield--no-description field_description_below field_validation_below gfield_visibility_visible\"  ><label class='gfield_label gform-field-label' for='input_20_6'>CAPTCHA<\/label><div id='input_20_6' class='ginput_container ginput_recaptcha' data-sitekey='6Ld9rVMpAAAAADGukS1ahntZETtOymX-gYlcjZmL'  data-theme='light' data-tabindex='0'  data-badge=''><\/div><\/li><\/ul><\/div>\n        <div class='gform-footer gform_footer top_label'> <input type='submit' id='gform_submit_button_20' class='gform_button button' onclick='gform.submission.handleButtonClick(this);' data-submission-type='submit' value='Verzenden'  \/> \n            <input type='hidden' class='gform_hidden' name='gform_submission_method' data-js='gform_submission_method_20' value='postback' \/>\n            <input type='hidden' class='gform_hidden' name='gform_theme' data-js='gform_theme_20' id='gform_theme_20' value='legacy' \/>\n            <input type='hidden' class='gform_hidden' name='gform_style_settings' data-js='gform_style_settings_20' id='gform_style_settings_20' value='[]' \/>\n            <input type='hidden' class='gform_hidden' name='is_submit_20' value='1' \/>\n            <input type='hidden' class='gform_hidden' name='gform_submit' value='20' \/>\n            \n            <input type='hidden' class='gform_hidden' name='gform_currency' data-currency='EUR' value='izhmP+nEszro4b2n4qtc3NEC7r7VYE1sZ3pvGfgbqjbYklnU52gNzaqom8IeUPdp\/CW67RvvmJbHlxg5vJ4j5yTzocB8ufV28Coz2V6ZNsOdiOc=' \/>\n            <input type='hidden' class='gform_hidden' name='gform_unique_id' value='' \/>\n            <input type='hidden' class='gform_hidden' name='state_20' value='WyJbXSIsIjdlM2UyZmZlMzNlYWMyMDUwYTEyZmYzODJjYWRkMDMwIl0=' \/>\n            <input type='hidden' autocomplete='off' class='gform_hidden' name='gform_target_page_number_20' id='gform_target_page_number_20' value='0' \/>\n            <input type='hidden' autocomplete='off' class='gform_hidden' name='gform_source_page_number_20' id='gform_source_page_number_20' value='1' \/>\n            <input type='hidden' name='gform_field_values' value='' \/>\n            \n        <\/div>\n                        <\/form>\n                        <\/div><script type=\"text\/javascript\">\n\/* <![CDATA[ *\/\n gform.initializeOnLoaded( function() {gformInitSpinner( 20, 'https:\/\/www.hsv-pi.nl\/wp-content\/plugins\/gravityforms\/images\/spinner.svg', true );jQuery('#gform_ajax_frame_20').on('load',function(){var contents = jQuery(this).contents().find('*').html();var is_postback = contents.indexOf('GF_AJAX_POSTBACK') >= 0;if(!is_postback){return;}var form_content = jQuery(this).contents().find('#gform_wrapper_20');var is_confirmation = jQuery(this).contents().find('#gform_confirmation_wrapper_20').length > 0;var is_redirect = contents.indexOf('gformRedirect(){') >= 0;var is_form = form_content.length > 0 && ! is_redirect && ! is_confirmation;var mt = parseInt(jQuery('html').css('margin-top'), 10) + parseInt(jQuery('body').css('margin-top'), 10) + 100;if(is_form){jQuery('#gform_wrapper_20').html(form_content.html());if(form_content.hasClass('gform_validation_error')){jQuery('#gform_wrapper_20').addClass('gform_validation_error');} else {jQuery('#gform_wrapper_20').removeClass('gform_validation_error');}setTimeout( function() { \/* delay the scroll by 50 milliseconds to fix a bug in chrome *\/  }, 50 );if(window['gformInitDatepicker']) {gformInitDatepicker();}if(window['gformInitPriceFields']) {gformInitPriceFields();}var current_page = jQuery('#gform_source_page_number_20').val();gformInitSpinner( 20, 'https:\/\/www.hsv-pi.nl\/wp-content\/plugins\/gravityforms\/images\/spinner.svg', true );jQuery(document).trigger('gform_page_loaded', [20, current_page]);window['gf_submitting_20'] = false;}else if(!is_redirect){var confirmation_content = jQuery(this).contents().find('.GF_AJAX_POSTBACK').html();if(!confirmation_content){confirmation_content = contents;}jQuery('#gform_wrapper_20').replaceWith(confirmation_content);jQuery(document).trigger('gform_confirmation_loaded', [20]);window['gf_submitting_20'] = false;wp.a11y.speak(jQuery('#gform_confirmation_message_20').text());}else{jQuery('#gform_20').append(contents);if(window['gformRedirect']) {gformRedirect();}}jQuery(document).trigger(\"gform_pre_post_render\", [{ formId: \"20\", currentPage: \"current_page\", abort: function() { this.preventDefault(); } }]);        if (event && event.defaultPrevented) {                return;        }        const gformWrapperDiv = document.getElementById( \"gform_wrapper_20\" );        if ( gformWrapperDiv ) {            const visibilitySpan = document.createElement( \"span\" );            visibilitySpan.id = \"gform_visibility_test_20\";            gformWrapperDiv.insertAdjacentElement( \"afterend\", visibilitySpan );        }        const visibilityTestDiv = document.getElementById( \"gform_visibility_test_20\" );        let postRenderFired = false;        function triggerPostRender() {            if ( postRenderFired ) {                return;            }            postRenderFired = true;            gform.core.triggerPostRenderEvents( 20, current_page );            if ( visibilityTestDiv ) {                visibilityTestDiv.parentNode.removeChild( visibilityTestDiv );            }        }        function debounce( func, wait, immediate ) {            var timeout;            return function() {                var context = this, args = arguments;                var later = function() {                    timeout = null;                    if ( !immediate ) func.apply( context, args );                };                var callNow = immediate && !timeout;                clearTimeout( timeout );                timeout = setTimeout( later, wait );                if ( callNow ) func.apply( context, args );            };        }        const debouncedTriggerPostRender = debounce( function() {            triggerPostRender();        }, 200 );        if ( visibilityTestDiv && visibilityTestDiv.offsetParent === null ) {            const observer = new MutationObserver( ( mutations ) => {                mutations.forEach( ( mutation ) => {                    if ( mutation.type === 'attributes' && visibilityTestDiv.offsetParent !== null ) {                        debouncedTriggerPostRender();                        observer.disconnect();                    }                });            });            observer.observe( document.body, {                attributes: true,                childList: false,                subtree: true,                attributeFilter: [ 'style', 'class' ],            });        } else {            triggerPostRender();        }    } );} ); \n\/* ]]> *\/\n<\/script>\n\n\n\n<p><a id=\"_msocom_1\"><\/a><\/p>\n\n\n\n<p><\/p>\n","protected":false},"excerpt":{"rendered":"<p>Haben Sie eine Frage zum Projektentwurf oder m\u00f6chten Sie die Machbarkeit Ihres Produktentwurfs testen lassen? Die auf Project+ spezialisierten Ingenieure&#8230;<\/p>\n","protected":false},"author":1,"featured_media":5592,"parent":0,"menu_order":0,"comment_status":"closed","ping_status":"closed","template":"","meta":{"_acf_changed":false,"footnotes":""},"class_list":["post-5491","page","type-page","status-publish","has-post-thumbnail","hentry"],"acf":[],"yoast_head":"<!-- This site is optimized with the Yoast SEO plugin v27.5 - https:\/\/yoast.com\/product\/yoast-seo-wordpress\/ -->\n<title>Machbarkeitsstudie Project+ anfordern - HSV<\/title>\n<meta name=\"description\" content=\"Testen Sie die Machbarkeit Ihres Produktentwurfs, fordern Sie direkt eine kostenlose Machbarkeitsstudie Project+ an -&gt;\" \/>\n<meta name=\"robots\" content=\"index, follow, max-snippet:-1, max-image-preview:large, max-video-preview:-1\" \/>\n<link rel=\"canonical\" href=\"https:\/\/www.hsv-pi.nl\/de\/machbarkeitsstudie-project-plus-anfordern\/\" \/>\n<meta property=\"og:locale\" content=\"de_DE\" \/>\n<meta property=\"og:type\" content=\"article\" \/>\n<meta property=\"og:title\" content=\"Machbarkeitsstudie Project+ anfordern - HSV\" \/>\n<meta property=\"og:description\" content=\"Testen Sie die Machbarkeit Ihres Produktentwurfs, fordern Sie direkt eine kostenlose Machbarkeitsstudie Project+ an -&gt;\" \/>\n<meta property=\"og:url\" content=\"https:\/\/www.hsv-pi.nl\/de\/machbarkeitsstudie-project-plus-anfordern\/\" \/>\n<meta property=\"og:site_name\" content=\"HSV\" \/>\n<meta property=\"article:modified_time\" content=\"2023-02-02T15:58:37+00:00\" \/>\n<meta property=\"og:image\" content=\"https:\/\/www.hsv-pi.nl\/wp-content\/uploads\/2018\/03\/Schermafbeelding-2023-02-02-om-12.50.50-1024x324.png\" \/>\n\t<meta property=\"og:image:width\" content=\"1024\" \/>\n\t<meta property=\"og:image:height\" content=\"324\" \/>\n\t<meta property=\"og:image:type\" content=\"image\/png\" \/>\n<meta name=\"twitter:card\" content=\"summary_large_image\" \/>\n<meta name=\"twitter:label1\" content=\"Gesch\u00e4tzte Lesezeit\" \/>\n\t<meta name=\"twitter:data1\" content=\"2\u00a0Minuten\" \/>\n<script type=\"application\/ld+json\" class=\"yoast-schema-graph\">{\"@context\":\"https:\\\/\\\/schema.org\",\"@graph\":[{\"@type\":\"WebPage\",\"@id\":\"https:\\\/\\\/www.hsv-pi.nl\\\/de\\\/machbarkeitsstudie-project-plus-anfordern\\\/\",\"url\":\"https:\\\/\\\/www.hsv-pi.nl\\\/de\\\/machbarkeitsstudie-project-plus-anfordern\\\/\",\"name\":\"Machbarkeitsstudie Project+ anfordern - HSV\",\"isPartOf\":{\"@id\":\"https:\\\/\\\/www.hsv-pi.nl\\\/#website\"},\"primaryImageOfPage\":{\"@id\":\"https:\\\/\\\/www.hsv-pi.nl\\\/de\\\/machbarkeitsstudie-project-plus-anfordern\\\/#primaryimage\"},\"image\":{\"@id\":\"https:\\\/\\\/www.hsv-pi.nl\\\/de\\\/machbarkeitsstudie-project-plus-anfordern\\\/#primaryimage\"},\"thumbnailUrl\":\"https:\\\/\\\/www.hsv-pi.nl\\\/wp-content\\\/uploads\\\/2018\\\/03\\\/Schermafbeelding-2023-02-02-om-12.50.50.png\",\"datePublished\":\"2023-01-09T15:37:55+00:00\",\"dateModified\":\"2023-02-02T15:58:37+00:00\",\"description\":\"Testen Sie die Machbarkeit Ihres Produktentwurfs, fordern Sie direkt eine kostenlose Machbarkeitsstudie Project+ an ->\",\"breadcrumb\":{\"@id\":\"https:\\\/\\\/www.hsv-pi.nl\\\/de\\\/machbarkeitsstudie-project-plus-anfordern\\\/#breadcrumb\"},\"inLanguage\":\"de\",\"potentialAction\":[{\"@type\":\"ReadAction\",\"target\":[\"https:\\\/\\\/www.hsv-pi.nl\\\/de\\\/machbarkeitsstudie-project-plus-anfordern\\\/\"]}]},{\"@type\":\"ImageObject\",\"inLanguage\":\"de\",\"@id\":\"https:\\\/\\\/www.hsv-pi.nl\\\/de\\\/machbarkeitsstudie-project-plus-anfordern\\\/#primaryimage\",\"url\":\"https:\\\/\\\/www.hsv-pi.nl\\\/wp-content\\\/uploads\\\/2018\\\/03\\\/Schermafbeelding-2023-02-02-om-12.50.50.png\",\"contentUrl\":\"https:\\\/\\\/www.hsv-pi.nl\\\/wp-content\\\/uploads\\\/2018\\\/03\\\/Schermafbeelding-2023-02-02-om-12.50.50.png\",\"width\":3088,\"height\":978,\"caption\":\"Project+, Let's make it FIT from HSV two techniques one solution\"},{\"@type\":\"BreadcrumbList\",\"@id\":\"https:\\\/\\\/www.hsv-pi.nl\\\/de\\\/machbarkeitsstudie-project-plus-anfordern\\\/#breadcrumb\",\"itemListElement\":[{\"@type\":\"ListItem\",\"position\":1,\"name\":\"Home\",\"item\":\"https:\\\/\\\/www.hsv-pi.nl\\\/de\\\/\"},{\"@type\":\"ListItem\",\"position\":2,\"name\":\"Machbarkeitsstudie Project+ anfordern\"}]},{\"@type\":\"WebSite\",\"@id\":\"https:\\\/\\\/www.hsv-pi.nl\\\/#website\",\"url\":\"https:\\\/\\\/www.hsv-pi.nl\\\/\",\"name\":\"HSV\",\"description\":\"\",\"potentialAction\":[{\"@type\":\"SearchAction\",\"target\":{\"@type\":\"EntryPoint\",\"urlTemplate\":\"https:\\\/\\\/www.hsv-pi.nl\\\/?s={search_term_string}\"},\"query-input\":{\"@type\":\"PropertyValueSpecification\",\"valueRequired\":true,\"valueName\":\"search_term_string\"}}],\"inLanguage\":\"de\"}]}<\/script>\n<!-- \/ Yoast SEO plugin. -->","yoast_head_json":{"title":"Machbarkeitsstudie Project+ anfordern - HSV","description":"Testen Sie die Machbarkeit Ihres Produktentwurfs, fordern Sie direkt eine kostenlose Machbarkeitsstudie Project+ an ->","robots":{"index":"index","follow":"follow","max-snippet":"max-snippet:-1","max-image-preview":"max-image-preview:large","max-video-preview":"max-video-preview:-1"},"canonical":"https:\/\/www.hsv-pi.nl\/de\/machbarkeitsstudie-project-plus-anfordern\/","og_locale":"de_DE","og_type":"article","og_title":"Machbarkeitsstudie Project+ anfordern - HSV","og_description":"Testen Sie die Machbarkeit Ihres Produktentwurfs, fordern Sie direkt eine kostenlose Machbarkeitsstudie Project+ an ->","og_url":"https:\/\/www.hsv-pi.nl\/de\/machbarkeitsstudie-project-plus-anfordern\/","og_site_name":"HSV","article_modified_time":"2023-02-02T15:58:37+00:00","og_image":[{"width":1024,"height":324,"url":"https:\/\/www.hsv-pi.nl\/wp-content\/uploads\/2018\/03\/Schermafbeelding-2023-02-02-om-12.50.50-1024x324.png","type":"image\/png"}],"twitter_card":"summary_large_image","twitter_misc":{"Gesch\u00e4tzte Lesezeit":"2\u00a0Minuten"},"schema":{"@context":"https:\/\/schema.org","@graph":[{"@type":"WebPage","@id":"https:\/\/www.hsv-pi.nl\/de\/machbarkeitsstudie-project-plus-anfordern\/","url":"https:\/\/www.hsv-pi.nl\/de\/machbarkeitsstudie-project-plus-anfordern\/","name":"Machbarkeitsstudie Project+ anfordern - HSV","isPartOf":{"@id":"https:\/\/www.hsv-pi.nl\/#website"},"primaryImageOfPage":{"@id":"https:\/\/www.hsv-pi.nl\/de\/machbarkeitsstudie-project-plus-anfordern\/#primaryimage"},"image":{"@id":"https:\/\/www.hsv-pi.nl\/de\/machbarkeitsstudie-project-plus-anfordern\/#primaryimage"},"thumbnailUrl":"https:\/\/www.hsv-pi.nl\/wp-content\/uploads\/2018\/03\/Schermafbeelding-2023-02-02-om-12.50.50.png","datePublished":"2023-01-09T15:37:55+00:00","dateModified":"2023-02-02T15:58:37+00:00","description":"Testen Sie die Machbarkeit Ihres Produktentwurfs, fordern Sie direkt eine kostenlose Machbarkeitsstudie Project+ an ->","breadcrumb":{"@id":"https:\/\/www.hsv-pi.nl\/de\/machbarkeitsstudie-project-plus-anfordern\/#breadcrumb"},"inLanguage":"de","potentialAction":[{"@type":"ReadAction","target":["https:\/\/www.hsv-pi.nl\/de\/machbarkeitsstudie-project-plus-anfordern\/"]}]},{"@type":"ImageObject","inLanguage":"de","@id":"https:\/\/www.hsv-pi.nl\/de\/machbarkeitsstudie-project-plus-anfordern\/#primaryimage","url":"https:\/\/www.hsv-pi.nl\/wp-content\/uploads\/2018\/03\/Schermafbeelding-2023-02-02-om-12.50.50.png","contentUrl":"https:\/\/www.hsv-pi.nl\/wp-content\/uploads\/2018\/03\/Schermafbeelding-2023-02-02-om-12.50.50.png","width":3088,"height":978,"caption":"Project+, Let's make it FIT from HSV two techniques one solution"},{"@type":"BreadcrumbList","@id":"https:\/\/www.hsv-pi.nl\/de\/machbarkeitsstudie-project-plus-anfordern\/#breadcrumb","itemListElement":[{"@type":"ListItem","position":1,"name":"Home","item":"https:\/\/www.hsv-pi.nl\/de\/"},{"@type":"ListItem","position":2,"name":"Machbarkeitsstudie Project+ anfordern"}]},{"@type":"WebSite","@id":"https:\/\/www.hsv-pi.nl\/#website","url":"https:\/\/www.hsv-pi.nl\/","name":"HSV","description":"","potentialAction":[{"@type":"SearchAction","target":{"@type":"EntryPoint","urlTemplate":"https:\/\/www.hsv-pi.nl\/?s={search_term_string}"},"query-input":{"@type":"PropertyValueSpecification","valueRequired":true,"valueName":"search_term_string"}}],"inLanguage":"de"}]}},"_links":{"self":[{"href":"https:\/\/www.hsv-pi.nl\/de\/wp-json\/wp\/v2\/pages\/5491","targetHints":{"allow":["GET"]}}],"collection":[{"href":"https:\/\/www.hsv-pi.nl\/de\/wp-json\/wp\/v2\/pages"}],"about":[{"href":"https:\/\/www.hsv-pi.nl\/de\/wp-json\/wp\/v2\/types\/page"}],"author":[{"embeddable":true,"href":"https:\/\/www.hsv-pi.nl\/de\/wp-json\/wp\/v2\/users\/1"}],"replies":[{"embeddable":true,"href":"https:\/\/www.hsv-pi.nl\/de\/wp-json\/wp\/v2\/comments?post=5491"}],"version-history":[{"count":0,"href":"https:\/\/www.hsv-pi.nl\/de\/wp-json\/wp\/v2\/pages\/5491\/revisions"}],"wp:featuredmedia":[{"embeddable":true,"href":"https:\/\/www.hsv-pi.nl\/de\/wp-json\/wp\/v2\/media\/5592"}],"wp:attachment":[{"href":"https:\/\/www.hsv-pi.nl\/de\/wp-json\/wp\/v2\/media?parent=5491"}],"curies":[{"name":"wp","href":"https:\/\/api.w.org\/{rel}","templated":true}]}}