{"id":999,"date":"2016-07-11T10:33:34","date_gmt":"2016-07-11T08:33:34","guid":{"rendered":"http:\/\/178.22.63.228\/~hsvpi\/de\/materialen\/"},"modified":"2021-12-09T10:47:32","modified_gmt":"2021-12-09T09:47:32","slug":"materialien","status":"publish","type":"page","link":"https:\/\/www.hsv-pi.nl\/de\/materialien\/","title":{"rendered":"Materialien"},"content":{"rendered":"<h2>Materialien EPS (airpop\u00ae engineered air), EPP, EPE und ETPU<\/h2>\n<p>Produkte aus Partikelsch\u00e4umen werden im physikalischen Sch\u00e4umverfahren hergestellt. Dies bedeutet, dass das Aufsch\u00e4umen ohne Treibmittel, nur mit\u00a0 Heisdampf erfolgt. Dabei werden die einzelnen Partikel so stark erhitzt, dass es an deren Oberfl\u00e4che zu Schmelzvorg\u00e4ngen kommt und somit die Schaumperlen formgebend verschweist werden.<\/p>\n","protected":false},"excerpt":{"rendered":"<p>Materialien EPS (airpop\u00ae engineered air), EPP, EPE und ETPU Produkte aus Partikelsch\u00e4umen werden im physikalischen Sch\u00e4umverfahren hergestellt. Dies bedeutet, dass&#8230;<\/p>\n","protected":false},"author":1,"featured_media":0,"parent":0,"menu_order":0,"comment_status":"closed","ping_status":"closed","template":"","meta":{"_acf_changed":false,"footnotes":""},"class_list":["post-999","page","type-page","status-publish","hentry"],"acf":[],"yoast_head":"<!-- This site is optimized with the Yoast SEO plugin v27.4 - https:\/\/yoast.com\/product\/yoast-seo-wordpress\/ -->\n<title>Materialien - HSV<\/title>\n<meta name=\"description\" content=\"Partikelsch\u00e4ume werden aus diversen Kunststoffen wie PS, PP, PE und PU hergestellt. Auch Hybridsch\u00e4ume aus Kombinationen sind m\u00f6glich.\" \/>\n<meta name=\"robots\" content=\"index, follow, max-snippet:-1, max-image-preview:large, max-video-preview:-1\" \/>\n<link rel=\"canonical\" href=\"https:\/\/www.hsv-pi.nl\/de\/materialien\/\" \/>\n<meta property=\"og:locale\" content=\"de_DE\" \/>\n<meta property=\"og:type\" content=\"article\" \/>\n<meta property=\"og:title\" content=\"Materialien - HSV\" \/>\n<meta property=\"og:description\" content=\"Partikelsch\u00e4ume werden aus diversen Kunststoffen wie PS, PP, PE und PU hergestellt. Auch Hybridsch\u00e4ume aus Kombinationen sind m\u00f6glich.\" \/>\n<meta property=\"og:url\" content=\"https:\/\/www.hsv-pi.nl\/de\/materialien\/\" \/>\n<meta property=\"og:site_name\" content=\"HSV\" \/>\n<meta property=\"article:modified_time\" content=\"2021-12-09T09:47:32+00:00\" \/>\n<meta name=\"twitter:card\" content=\"summary_large_image\" \/>\n<meta name=\"twitter:label1\" content=\"Gesch\u00e4tzte Lesezeit\" \/>\n\t<meta name=\"twitter:data1\" content=\"1\u00a0Minute\" \/>\n<script type=\"application\/ld+json\" class=\"yoast-schema-graph\">{\"@context\":\"https:\\\/\\\/schema.org\",\"@graph\":[{\"@type\":\"WebPage\",\"@id\":\"https:\\\/\\\/www.hsv-pi.nl\\\/de\\\/materialien\\\/\",\"url\":\"https:\\\/\\\/www.hsv-pi.nl\\\/de\\\/materialien\\\/\",\"name\":\"Materialien - HSV\",\"isPartOf\":{\"@id\":\"https:\\\/\\\/www.hsv-pi.nl\\\/#website\"},\"datePublished\":\"2016-07-11T08:33:34+00:00\",\"dateModified\":\"2021-12-09T09:47:32+00:00\",\"description\":\"Partikelsch\u00e4ume werden aus diversen Kunststoffen wie PS, PP, PE und PU hergestellt. Auch Hybridsch\u00e4ume aus Kombinationen sind m\u00f6glich.\",\"breadcrumb\":{\"@id\":\"https:\\\/\\\/www.hsv-pi.nl\\\/de\\\/materialien\\\/#breadcrumb\"},\"inLanguage\":\"de\",\"potentialAction\":[{\"@type\":\"ReadAction\",\"target\":[\"https:\\\/\\\/www.hsv-pi.nl\\\/de\\\/materialien\\\/\"]}]},{\"@type\":\"BreadcrumbList\",\"@id\":\"https:\\\/\\\/www.hsv-pi.nl\\\/de\\\/materialien\\\/#breadcrumb\",\"itemListElement\":[{\"@type\":\"ListItem\",\"position\":1,\"name\":\"Home\",\"item\":\"https:\\\/\\\/www.hsv-pi.nl\\\/de\\\/\"},{\"@type\":\"ListItem\",\"position\":2,\"name\":\"Materialien\"}]},{\"@type\":\"WebSite\",\"@id\":\"https:\\\/\\\/www.hsv-pi.nl\\\/#website\",\"url\":\"https:\\\/\\\/www.hsv-pi.nl\\\/\",\"name\":\"HSV\",\"description\":\"\",\"potentialAction\":[{\"@type\":\"SearchAction\",\"target\":{\"@type\":\"EntryPoint\",\"urlTemplate\":\"https:\\\/\\\/www.hsv-pi.nl\\\/?s={search_term_string}\"},\"query-input\":{\"@type\":\"PropertyValueSpecification\",\"valueRequired\":true,\"valueName\":\"search_term_string\"}}],\"inLanguage\":\"de\"}]}<\/script>\n<!-- \/ Yoast SEO plugin. -->","yoast_head_json":{"title":"Materialien - HSV","description":"Partikelsch\u00e4ume werden aus diversen Kunststoffen wie PS, PP, PE und PU hergestellt. Auch Hybridsch\u00e4ume aus Kombinationen sind m\u00f6glich.","robots":{"index":"index","follow":"follow","max-snippet":"max-snippet:-1","max-image-preview":"max-image-preview:large","max-video-preview":"max-video-preview:-1"},"canonical":"https:\/\/www.hsv-pi.nl\/de\/materialien\/","og_locale":"de_DE","og_type":"article","og_title":"Materialien - HSV","og_description":"Partikelsch\u00e4ume werden aus diversen Kunststoffen wie PS, PP, PE und PU hergestellt. Auch Hybridsch\u00e4ume aus Kombinationen sind m\u00f6glich.","og_url":"https:\/\/www.hsv-pi.nl\/de\/materialien\/","og_site_name":"HSV","article_modified_time":"2021-12-09T09:47:32+00:00","twitter_card":"summary_large_image","twitter_misc":{"Gesch\u00e4tzte Lesezeit":"1\u00a0Minute"},"schema":{"@context":"https:\/\/schema.org","@graph":[{"@type":"WebPage","@id":"https:\/\/www.hsv-pi.nl\/de\/materialien\/","url":"https:\/\/www.hsv-pi.nl\/de\/materialien\/","name":"Materialien - HSV","isPartOf":{"@id":"https:\/\/www.hsv-pi.nl\/#website"},"datePublished":"2016-07-11T08:33:34+00:00","dateModified":"2021-12-09T09:47:32+00:00","description":"Partikelsch\u00e4ume werden aus diversen Kunststoffen wie PS, PP, PE und PU hergestellt. Auch Hybridsch\u00e4ume aus Kombinationen sind m\u00f6glich.","breadcrumb":{"@id":"https:\/\/www.hsv-pi.nl\/de\/materialien\/#breadcrumb"},"inLanguage":"de","potentialAction":[{"@type":"ReadAction","target":["https:\/\/www.hsv-pi.nl\/de\/materialien\/"]}]},{"@type":"BreadcrumbList","@id":"https:\/\/www.hsv-pi.nl\/de\/materialien\/#breadcrumb","itemListElement":[{"@type":"ListItem","position":1,"name":"Home","item":"https:\/\/www.hsv-pi.nl\/de\/"},{"@type":"ListItem","position":2,"name":"Materialien"}]},{"@type":"WebSite","@id":"https:\/\/www.hsv-pi.nl\/#website","url":"https:\/\/www.hsv-pi.nl\/","name":"HSV","description":"","potentialAction":[{"@type":"SearchAction","target":{"@type":"EntryPoint","urlTemplate":"https:\/\/www.hsv-pi.nl\/?s={search_term_string}"},"query-input":{"@type":"PropertyValueSpecification","valueRequired":true,"valueName":"search_term_string"}}],"inLanguage":"de"}]}},"_links":{"self":[{"href":"https:\/\/www.hsv-pi.nl\/de\/wp-json\/wp\/v2\/pages\/999","targetHints":{"allow":["GET"]}}],"collection":[{"href":"https:\/\/www.hsv-pi.nl\/de\/wp-json\/wp\/v2\/pages"}],"about":[{"href":"https:\/\/www.hsv-pi.nl\/de\/wp-json\/wp\/v2\/types\/page"}],"author":[{"embeddable":true,"href":"https:\/\/www.hsv-pi.nl\/de\/wp-json\/wp\/v2\/users\/1"}],"replies":[{"embeddable":true,"href":"https:\/\/www.hsv-pi.nl\/de\/wp-json\/wp\/v2\/comments?post=999"}],"version-history":[{"count":0,"href":"https:\/\/www.hsv-pi.nl\/de\/wp-json\/wp\/v2\/pages\/999\/revisions"}],"wp:attachment":[{"href":"https:\/\/www.hsv-pi.nl\/de\/wp-json\/wp\/v2\/media?parent=999"}],"curies":[{"name":"wp","href":"https:\/\/api.w.org\/{rel}","templated":true}]}}